{"id":3798,"date":"2023-07-18T21:06:21","date_gmt":"2023-07-18T21:06:21","guid":{"rendered":"https:\/\/emascheville.net\/cedaior\/"},"modified":"2023-07-19T20:08:23","modified_gmt":"2023-07-19T20:08:23","slug":"cedaior","status":"publish","type":"page","link":"https:\/\/emascheville.net\/es\/cedaior\/","title":{"rendered":"Cedaior"},"content":{"rendered":"\t\t<div data-elementor-type=\"wp-page\" data-elementor-id=\"3798\" class=\"elementor elementor-3798 elementor-3768\">\n\t\t\t\t\t\t<section class=\"elementor-section elementor-top-section elementor-element elementor-element-7c1ea9b elementor-section-boxed elementor-section-height-default elementor-section-height-default\" data-id=\"7c1ea9b\" data-element_type=\"section\" data-e-type=\"section\" data-settings=\"{&quot;background_background&quot;:&quot;classic&quot;}\">\n\t\t\t\t\t\t<div class=\"elementor-container elementor-column-gap-default\">\n\t\t\t\t\t<div class=\"elementor-column elementor-col-100 elementor-top-column elementor-element elementor-element-eb8c12e\" data-id=\"eb8c12e\" data-element_type=\"column\" data-e-type=\"column\">\n\t\t\t<div class=\"elementor-widget-wrap elementor-element-populated\">\n\t\t\t\t\t\t<div class=\"elementor-element elementor-element-53e67a7 elementor-widget elementor-widget-text-editor\" data-id=\"53e67a7\" data-element_type=\"widget\" data-e-type=\"widget\" data-widget_type=\"text-editor.default\">\n\t\t\t\t<div class=\"elementor-widget-container\">\n\t\t\t\t\t\t\t\t\t<p><span style=\"font-size: 14pt;\"><strong>CEDAIOR &#8211; Albert Raymond Costet de Mascheville<\/strong><\/span><\/p>\t\t\t\t\t\t\t\t<\/div>\n\t\t\t\t<\/div>\n\t\t\t\t\t<\/div>\n\t\t<\/div>\n\t\t\t\t\t<\/div>\n\t\t<\/section>\n\t\t\t\t<section class=\"elementor-section elementor-top-section elementor-element elementor-element-a8f1e9c elementor-section-boxed elementor-section-height-default elementor-section-height-default\" data-id=\"a8f1e9c\" data-element_type=\"section\" data-e-type=\"section\" data-settings=\"{&quot;background_background&quot;:&quot;classic&quot;}\">\n\t\t\t\t\t\t<div class=\"elementor-container elementor-column-gap-default\">\n\t\t\t\t\t<div class=\"elementor-column elementor-col-50 elementor-top-column elementor-element elementor-element-ef8079d\" data-id=\"ef8079d\" data-element_type=\"column\" data-e-type=\"column\">\n\t\t\t<div class=\"elementor-widget-wrap elementor-element-populated\">\n\t\t\t\t\t\t<div class=\"elementor-element elementor-element-9283294 elementor-widget elementor-widget-spacer\" data-id=\"9283294\" data-element_type=\"widget\" data-e-type=\"widget\" data-widget_type=\"spacer.default\">\n\t\t\t\t<div class=\"elementor-widget-container\">\n\t\t\t\t\t\t\t<div class=\"elementor-spacer\">\n\t\t\t<div class=\"elementor-spacer-inner\"><\/div>\n\t\t<\/div>\n\t\t\t\t\t\t<\/div>\n\t\t\t\t<\/div>\n\t\t\t\t<div class=\"elementor-element elementor-element-56edb2c elementor-widget elementor-widget-image\" data-id=\"56edb2c\" data-element_type=\"widget\" data-e-type=\"widget\" data-widget_type=\"image.default\">\n\t\t\t\t<div class=\"elementor-widget-container\">\n\t\t\t\t\t\t\t\t\t\t\t\t\t\t\t<img fetchpriority=\"high\" decoding=\"async\" width=\"186\" height=\"278\" src=\"https:\/\/emascheville.net\/wp-content\/uploads\/2023\/07\/Cedaior.png\" class=\"attachment-medium size-medium wp-image-3827\" alt=\"\" \/>\t\t\t\t\t\t\t\t\t\t\t\t\t\t\t<\/div>\n\t\t\t\t<\/div>\n\t\t\t\t\t<\/div>\n\t\t<\/div>\n\t\t\t\t<div class=\"elementor-column elementor-col-50 elementor-top-column elementor-element elementor-element-eabeecc\" data-id=\"eabeecc\" data-element_type=\"column\" data-e-type=\"column\">\n\t\t\t<div class=\"elementor-widget-wrap elementor-element-populated\">\n\t\t\t\t\t\t<div class=\"elementor-element elementor-element-97db925 elementor-widget elementor-widget-text-editor\" data-id=\"97db925\" data-element_type=\"widget\" data-e-type=\"widget\" data-widget_type=\"text-editor.default\">\n\t\t\t\t<div class=\"elementor-widget-container\">\n\t\t\t\t\t\t\t\t\t<p>\u00abAlbert Raymond Costet de Mascheville, descendiente del Conde de Banayis, de Chabanai, Seguir, Mascheville, naci\u00f3 en Valence, Francia el 7\/1\/1872.<\/p><p>A los 7 a\u00f1os, muy entusiasmado con la m\u00fasica, llev\u00f3 a un profesor a su casa y convenci\u00f3 a su padre para que lo dejara seguir una carrera art\u00edstica.<\/p><p>A la edad de 12 a\u00f1os, gan\u00f3 el Premio Estatal y recibi\u00f3 una beca para continuar sus estudios en el Conservatorio de Par\u00eds.<\/p><p>A la edad de 14 a\u00f1os, dej\u00f3 la casa de su padre, ingres\u00f3 al Conservatorio en 1885, gan\u00e1ndose la vida dando lecciones y trabajando en una orquesta. Luego, en Par\u00eds, varias personalidades de gran relieve en el arte, as\u00ed como en la ciencia y la filosof\u00eda, se interesaron por el muchacho del que dec\u00edan ser \u00absincero, inteligente, fuera de lo com\u00fan.<\/p>\t\t\t\t\t\t\t\t<\/div>\n\t\t\t\t<\/div>\n\t\t\t\t\t<\/div>\n\t\t<\/div>\n\t\t\t\t\t<\/div>\n\t\t<\/section>\n\t\t\t\t<section class=\"elementor-section elementor-top-section elementor-element elementor-element-70a5d90 elementor-section-boxed elementor-section-height-default elementor-section-height-default\" data-id=\"70a5d90\" data-element_type=\"section\" data-e-type=\"section\" data-settings=\"{&quot;background_background&quot;:&quot;classic&quot;}\">\n\t\t\t\t\t\t<div class=\"elementor-container elementor-column-gap-default\">\n\t\t\t\t\t<div class=\"elementor-column elementor-col-100 elementor-top-column elementor-element elementor-element-d186d57\" data-id=\"d186d57\" data-element_type=\"column\" data-e-type=\"column\">\n\t\t\t<div class=\"elementor-widget-wrap elementor-element-populated\">\n\t\t\t\t\t\t<div class=\"elementor-element elementor-element-93c2ba6 elementor-widget elementor-widget-text-editor\" data-id=\"93c2ba6\" data-element_type=\"widget\" data-e-type=\"widget\" data-widget_type=\"text-editor.default\">\n\t\t\t\t<div class=\"elementor-widget-container\">\n\t\t\t\t\t\t\t\t\t<p>A los 14 a\u00f1os fue alumno del astr\u00f3nomo Camille Flamarion, entrando en contacto con espiritistas, masones y ocultistas que reconocieron en \u00e9l predicados y valores intelectuales y morales, muy diferentes a los de otros chicos de su edad. Con gran dedicaci\u00f3n e inter\u00e9s se ocuparon de su educaci\u00f3n y estudio.<\/p><p>A los 18 a\u00f1os se inici\u00f3 en la masoner\u00eda. A la edad de 24 a\u00f1os, fue comisionado por el Instituto de Altos Estudios Orientales de Par\u00eds en Misi\u00f3n en el Este. Dos a\u00f1os m\u00e1s tarde regresa a Par\u00eds, siendo responsable de Cursos y Conferencias en la Asociaci\u00f3n Polit\u00e9cnica.<\/p><p>Colabor\u00f3 \u200b\u200bcon todos los grandes fil\u00f3sofos y espiritistas en la gran reforma que tuvo lugar en Francia en los a\u00f1os 1893, 1895 y 1898. Entre los que acogieron al joven como disc\u00edpulo y colaborador estaban Estanislau de Gua\u00edta, Papus, Durville, Blavatski, Steinene, Richet, Coronel Rachas Scure, Leon Denis.<\/p><p>Simult\u00e1neamente, colabor\u00f3 \u200b\u200ben varias fundaciones art\u00edsticas. Todo el tiempo que le dej\u00f3 libre su actividad art\u00edstica, se dedic\u00f3 a sus ideales espiritistas. Tambi\u00e9n se dedic\u00f3 a la ciencia, habiendo realizado importantes descubrimientos en ac\u00fastica, mec\u00e1nica y astronom\u00eda.<\/p><p>En 1910 lleg\u00f3 a la conclusi\u00f3n de que Europa estaba al borde de su ca\u00edda, dej\u00f3 Par\u00eds y se dirigi\u00f3 a Am\u00e9rica del Sur. Argentina, Goi\u00e1s, S\u00e3o Paulo y finalmente, en 1941, Porto Alegre, donde se instal\u00f3.<\/p><p>Por donde pas\u00f3, realiz\u00f3 buenas obras, inaugur\u00f3 Conservatorios de M\u00fasica, Institutos de Ciencias, Escuelas Espiritualistas.\u00bb<\/p><p style=\"text-align: right;\"><em>Texto de Leo Costet de Mascheville, Sevananda<\/em><\/p>\t\t\t\t\t\t\t\t<\/div>\n\t\t\t\t<\/div>\n\t\t\t\t\t<\/div>\n\t\t<\/div>\n\t\t\t\t\t<\/div>\n\t\t<\/section>\n\t\t\t\t<section class=\"elementor-section elementor-top-section elementor-element elementor-element-f6f8cab elementor-section-boxed elementor-section-height-default elementor-section-height-default\" data-id=\"f6f8cab\" data-element_type=\"section\" data-e-type=\"section\" data-settings=\"{&quot;background_background&quot;:&quot;classic&quot;}\">\n\t\t\t\t\t\t<div class=\"elementor-container elementor-column-gap-default\">\n\t\t\t\t\t<div class=\"elementor-column elementor-col-100 elementor-top-column elementor-element elementor-element-71f86c8\" data-id=\"71f86c8\" data-element_type=\"column\" data-e-type=\"column\">\n\t\t\t<div class=\"elementor-widget-wrap elementor-element-populated\">\n\t\t\t\t\t\t<div class=\"elementor-element elementor-element-4d28439 elementor-widget elementor-widget-spacer\" data-id=\"4d28439\" data-element_type=\"widget\" data-e-type=\"widget\" data-widget_type=\"spacer.default\">\n\t\t\t\t<div class=\"elementor-widget-container\">\n\t\t\t\t\t\t\t<div class=\"elementor-spacer\">\n\t\t\t<div class=\"elementor-spacer-inner\"><\/div>\n\t\t<\/div>\n\t\t\t\t\t\t<\/div>\n\t\t\t\t<\/div>\n\t\t\t\t\t<\/div>\n\t\t<\/div>\n\t\t\t\t\t<\/div>\n\t\t<\/section>\n\t\t\t\t<section class=\"elementor-section elementor-top-section elementor-element elementor-element-d4525f0 elementor-section-boxed elementor-section-height-default elementor-section-height-default\" data-id=\"d4525f0\" data-element_type=\"section\" data-e-type=\"section\" data-settings=\"{&quot;background_background&quot;:&quot;classic&quot;}\">\n\t\t\t\t\t\t<div class=\"elementor-container elementor-column-gap-default\">\n\t\t\t\t\t<div class=\"elementor-column elementor-col-100 elementor-top-column elementor-element elementor-element-b9d6646\" data-id=\"b9d6646\" data-element_type=\"column\" data-e-type=\"column\">\n\t\t\t<div class=\"elementor-widget-wrap elementor-element-populated\">\n\t\t\t\t\t\t<div class=\"elementor-element elementor-element-e8f01f4 elementor-widget elementor-widget-image\" data-id=\"e8f01f4\" data-element_type=\"widget\" data-e-type=\"widget\" data-widget_type=\"image.default\">\n\t\t\t\t<div class=\"elementor-widget-container\">\n\t\t\t\t\t\t\t\t\t\t\t\t\t\t\t<img decoding=\"async\" width=\"100\" height=\"97\" src=\"https:\/\/emascheville.net\/wp-content\/uploads\/2022\/06\/logo_aquario_azulp.jpg\" class=\"attachment-large size-large wp-image-1336\" alt=\"\" \/>\t\t\t\t\t\t\t\t\t\t\t\t\t\t\t<\/div>\n\t\t\t\t<\/div>\n\t\t\t\t\t<\/div>\n\t\t<\/div>\n\t\t\t\t\t<\/div>\n\t\t<\/section>\n\t\t\t\t<section class=\"elementor-section elementor-top-section elementor-element elementor-element-e5f0139 elementor-section-boxed elementor-section-height-default elementor-section-height-default\" data-id=\"e5f0139\" data-element_type=\"section\" data-e-type=\"section\" data-settings=\"{&quot;background_background&quot;:&quot;classic&quot;}\">\n\t\t\t\t\t\t<div class=\"elementor-container elementor-column-gap-default\">\n\t\t\t\t\t<div class=\"elementor-column elementor-col-100 elementor-top-column elementor-element elementor-element-72820f8\" data-id=\"72820f8\" data-element_type=\"column\" data-e-type=\"column\">\n\t\t\t<div class=\"elementor-widget-wrap elementor-element-populated\">\n\t\t\t\t\t\t<div class=\"elementor-element elementor-element-78cf713 elementor-widget elementor-widget-spacer\" data-id=\"78cf713\" data-element_type=\"widget\" data-e-type=\"widget\" data-widget_type=\"spacer.default\">\n\t\t\t\t<div class=\"elementor-widget-container\">\n\t\t\t\t\t\t\t<div class=\"elementor-spacer\">\n\t\t\t<div class=\"elementor-spacer-inner\"><\/div>\n\t\t<\/div>\n\t\t\t\t\t\t<\/div>\n\t\t\t\t<\/div>\n\t\t\t\t\t<\/div>\n\t\t<\/div>\n\t\t\t\t\t<\/div>\n\t\t<\/section>\n\t\t\t\t<\/div>\n\t\t","protected":false},"excerpt":{"rendered":"<p>CEDAIOR &#8211; Albert Raymond Costet de Mascheville \u00abAlbert Raymond Costet de Mascheville, descendiente del Conde de Banayis, de Chabanai, Seguir, Mascheville, naci\u00f3 en Valence, Francia el 7\/1\/1872. A los 7 a\u00f1os, muy entusiasmado con la m\u00fasica, llev\u00f3 a un profesor a su casa y convenci\u00f3 a su padre para que lo dejara seguir una carrera [&hellip;]<\/p>\n","protected":false},"author":5,"featured_media":0,"parent":0,"menu_order":0,"comment_status":"closed","ping_status":"closed","template":"","meta":{"site-sidebar-layout":"no-sidebar","site-content-layout":"page-builder","ast-site-content-layout":"","site-content-style":"default","site-sidebar-style":"default","ast-global-header-display":"","ast-banner-title-visibility":"","ast-main-header-display":"","ast-hfb-above-header-display":"","ast-hfb-below-header-display":"","ast-hfb-mobile-header-display":"","site-post-title":"disabled","ast-breadcrumbs-content":"","ast-featured-img":"disabled","footer-sml-layout":"","theme-transparent-header-meta":"default","adv-header-id-meta":"","stick-header-meta":"","header-above-stick-meta":"","header-main-stick-meta":"","header-below-stick-meta":"","astra-migrate-meta-layouts":"default","ast-page-background-enabled":"default","ast-page-background-meta":{"desktop":{"background-color":"","background-image":"","background-repeat":"repeat","background-position":"center center","background-size":"auto","background-attachment":"scroll","background-type":"","background-media":"","overlay-type":"","overlay-color":"","overlay-opacity":"","overlay-gradient":""},"tablet":{"background-color":"","background-image":"","background-repeat":"repeat","background-position":"center center","background-size":"auto","background-attachment":"scroll","background-type":"","background-media":"","overlay-type":"","overlay-color":"","overlay-opacity":"","overlay-gradient":""},"mobile":{"background-color":"","background-image":"","background-repeat":"repeat","background-position":"center center","background-size":"auto","background-attachment":"scroll","background-type":"","background-media":"","overlay-type":"","overlay-color":"","overlay-opacity":"","overlay-gradient":""}},"ast-content-background-meta":{"desktop":{"background-color":"var(--ast-global-color-5)","background-image":"","background-repeat":"repeat","background-position":"center center","background-size":"auto","background-attachment":"scroll","background-type":"","background-media":"","overlay-type":"","overlay-color":"","overlay-opacity":"","overlay-gradient":""},"tablet":{"background-color":"var(--ast-global-color-5)","background-image":"","background-repeat":"repeat","background-position":"center center","background-size":"auto","background-attachment":"scroll","background-type":"","background-media":"","overlay-type":"","overlay-color":"","overlay-opacity":"","overlay-gradient":""},"mobile":{"background-color":"var(--ast-global-color-5)","background-image":"","background-repeat":"repeat","background-position":"center center","background-size":"auto","background-attachment":"scroll","background-type":"","background-media":"","overlay-type":"","overlay-color":"","overlay-opacity":"","overlay-gradient":""}},"footnotes":""},"class_list":["post-3798","page","type-page","status-publish","hentry"],"yoast_head":"<!-- This site is optimized with the Yoast SEO plugin v27.5 - https:\/\/yoast.com\/product\/yoast-seo-wordpress\/ -->\n<title>Cedaior - Emma de Mascheville<\/title>\n<meta name=\"robots\" content=\"index, follow, max-snippet:-1, max-image-preview:large, max-video-preview:-1\" \/>\n<link rel=\"canonical\" href=\"https:\/\/emascheville.net\/es\/cedaior\/\" \/>\n<meta property=\"og:locale\" content=\"es_ES\" \/>\n<meta property=\"og:type\" content=\"article\" \/>\n<meta property=\"og:title\" content=\"Cedaior - Emma de Mascheville\" \/>\n<meta property=\"og:description\" content=\"CEDAIOR &#8211; Albert Raymond Costet de Mascheville \u00abAlbert Raymond Costet de Mascheville, descendiente del Conde de Banayis, de Chabanai, Seguir, Mascheville, naci\u00f3 en Valence, Francia el 7\/1\/1872. A los 7 a\u00f1os, muy entusiasmado con la m\u00fasica, llev\u00f3 a un profesor a su casa y convenci\u00f3 a su padre para que lo dejara seguir una carrera [&hellip;]\" \/>\n<meta property=\"og:url\" content=\"https:\/\/emascheville.net\/es\/cedaior\/\" \/>\n<meta property=\"og:site_name\" content=\"Emma de Mascheville\" \/>\n<meta property=\"article:modified_time\" content=\"2023-07-19T20:08:23+00:00\" \/>\n<meta property=\"og:image\" content=\"https:\/\/emascheville.net\/wp-content\/uploads\/2023\/07\/Cedaior.png\" \/>\n<meta name=\"twitter:card\" content=\"summary_large_image\" \/>\n<meta name=\"twitter:label1\" content=\"Tiempo de lectura\" \/>\n\t<meta name=\"twitter:data1\" content=\"3 minutos\" \/>\n<script type=\"application\/ld+json\" class=\"yoast-schema-graph\">{\"@context\":\"https:\\\/\\\/schema.org\",\"@graph\":[{\"@type\":\"WebPage\",\"@id\":\"https:\\\/\\\/emascheville.net\\\/es\\\/cedaior\\\/\",\"url\":\"https:\\\/\\\/emascheville.net\\\/es\\\/cedaior\\\/\",\"name\":\"Cedaior - Emma de Mascheville\",\"isPartOf\":{\"@id\":\"https:\\\/\\\/emascheville.net\\\/es\\\/#website\"},\"primaryImageOfPage\":{\"@id\":\"https:\\\/\\\/emascheville.net\\\/es\\\/cedaior\\\/#primaryimage\"},\"image\":{\"@id\":\"https:\\\/\\\/emascheville.net\\\/es\\\/cedaior\\\/#primaryimage\"},\"thumbnailUrl\":\"https:\\\/\\\/emascheville.net\\\/wp-content\\\/uploads\\\/2023\\\/07\\\/Cedaior.png\",\"datePublished\":\"2023-07-18T21:06:21+00:00\",\"dateModified\":\"2023-07-19T20:08:23+00:00\",\"breadcrumb\":{\"@id\":\"https:\\\/\\\/emascheville.net\\\/es\\\/cedaior\\\/#breadcrumb\"},\"inLanguage\":\"es\",\"potentialAction\":[{\"@type\":\"ReadAction\",\"target\":[\"https:\\\/\\\/emascheville.net\\\/es\\\/cedaior\\\/\"]}]},{\"@type\":\"ImageObject\",\"inLanguage\":\"es\",\"@id\":\"https:\\\/\\\/emascheville.net\\\/es\\\/cedaior\\\/#primaryimage\",\"url\":\"https:\\\/\\\/emascheville.net\\\/wp-content\\\/uploads\\\/2023\\\/07\\\/Cedaior.png\",\"contentUrl\":\"https:\\\/\\\/emascheville.net\\\/wp-content\\\/uploads\\\/2023\\\/07\\\/Cedaior.png\"},{\"@type\":\"BreadcrumbList\",\"@id\":\"https:\\\/\\\/emascheville.net\\\/es\\\/cedaior\\\/#breadcrumb\",\"itemListElement\":[{\"@type\":\"ListItem\",\"position\":1,\"name\":\"In\u00edcio\",\"item\":\"https:\\\/\\\/emascheville.net\\\/es\\\/home\\\/\"},{\"@type\":\"ListItem\",\"position\":2,\"name\":\"Cedaior\"}]},{\"@type\":\"WebSite\",\"@id\":\"https:\\\/\\\/emascheville.net\\\/es\\\/#website\",\"url\":\"https:\\\/\\\/emascheville.net\\\/es\\\/\",\"name\":\"Emma de Mascheville\",\"description\":\"Vida e obra de Emma de Mascheville\",\"potentialAction\":[{\"@type\":\"SearchAction\",\"target\":{\"@type\":\"EntryPoint\",\"urlTemplate\":\"https:\\\/\\\/emascheville.net\\\/es\\\/?s={search_term_string}\"},\"query-input\":{\"@type\":\"PropertyValueSpecification\",\"valueRequired\":true,\"valueName\":\"search_term_string\"}}],\"inLanguage\":\"es\"}]}<\/script>\n<!-- \/ Yoast SEO plugin. -->","yoast_head_json":{"title":"Cedaior - Emma de Mascheville","robots":{"index":"index","follow":"follow","max-snippet":"max-snippet:-1","max-image-preview":"max-image-preview:large","max-video-preview":"max-video-preview:-1"},"canonical":"https:\/\/emascheville.net\/es\/cedaior\/","og_locale":"es_ES","og_type":"article","og_title":"Cedaior - Emma de Mascheville","og_description":"CEDAIOR &#8211; Albert Raymond Costet de Mascheville \u00abAlbert Raymond Costet de Mascheville, descendiente del Conde de Banayis, de Chabanai, Seguir, Mascheville, naci\u00f3 en Valence, Francia el 7\/1\/1872. A los 7 a\u00f1os, muy entusiasmado con la m\u00fasica, llev\u00f3 a un profesor a su casa y convenci\u00f3 a su padre para que lo dejara seguir una carrera [&hellip;]","og_url":"https:\/\/emascheville.net\/es\/cedaior\/","og_site_name":"Emma de Mascheville","article_modified_time":"2023-07-19T20:08:23+00:00","og_image":[{"url":"https:\/\/emascheville.net\/wp-content\/uploads\/2023\/07\/Cedaior.png","type":"","width":"","height":""}],"twitter_card":"summary_large_image","twitter_misc":{"Tiempo de lectura":"3 minutos"},"schema":{"@context":"https:\/\/schema.org","@graph":[{"@type":"WebPage","@id":"https:\/\/emascheville.net\/es\/cedaior\/","url":"https:\/\/emascheville.net\/es\/cedaior\/","name":"Cedaior - Emma de Mascheville","isPartOf":{"@id":"https:\/\/emascheville.net\/es\/#website"},"primaryImageOfPage":{"@id":"https:\/\/emascheville.net\/es\/cedaior\/#primaryimage"},"image":{"@id":"https:\/\/emascheville.net\/es\/cedaior\/#primaryimage"},"thumbnailUrl":"https:\/\/emascheville.net\/wp-content\/uploads\/2023\/07\/Cedaior.png","datePublished":"2023-07-18T21:06:21+00:00","dateModified":"2023-07-19T20:08:23+00:00","breadcrumb":{"@id":"https:\/\/emascheville.net\/es\/cedaior\/#breadcrumb"},"inLanguage":"es","potentialAction":[{"@type":"ReadAction","target":["https:\/\/emascheville.net\/es\/cedaior\/"]}]},{"@type":"ImageObject","inLanguage":"es","@id":"https:\/\/emascheville.net\/es\/cedaior\/#primaryimage","url":"https:\/\/emascheville.net\/wp-content\/uploads\/2023\/07\/Cedaior.png","contentUrl":"https:\/\/emascheville.net\/wp-content\/uploads\/2023\/07\/Cedaior.png"},{"@type":"BreadcrumbList","@id":"https:\/\/emascheville.net\/es\/cedaior\/#breadcrumb","itemListElement":[{"@type":"ListItem","position":1,"name":"In\u00edcio","item":"https:\/\/emascheville.net\/es\/home\/"},{"@type":"ListItem","position":2,"name":"Cedaior"}]},{"@type":"WebSite","@id":"https:\/\/emascheville.net\/es\/#website","url":"https:\/\/emascheville.net\/es\/","name":"Emma de Mascheville","description":"Vida e obra de Emma de Mascheville","potentialAction":[{"@type":"SearchAction","target":{"@type":"EntryPoint","urlTemplate":"https:\/\/emascheville.net\/es\/?s={search_term_string}"},"query-input":{"@type":"PropertyValueSpecification","valueRequired":true,"valueName":"search_term_string"}}],"inLanguage":"es"}]}},"_links":{"self":[{"href":"https:\/\/emascheville.net\/es\/wp-json\/wp\/v2\/pages\/3798","targetHints":{"allow":["GET"]}}],"collection":[{"href":"https:\/\/emascheville.net\/es\/wp-json\/wp\/v2\/pages"}],"about":[{"href":"https:\/\/emascheville.net\/es\/wp-json\/wp\/v2\/types\/page"}],"author":[{"embeddable":true,"href":"https:\/\/emascheville.net\/es\/wp-json\/wp\/v2\/users\/5"}],"replies":[{"embeddable":true,"href":"https:\/\/emascheville.net\/es\/wp-json\/wp\/v2\/comments?post=3798"}],"version-history":[{"count":0,"href":"https:\/\/emascheville.net\/es\/wp-json\/wp\/v2\/pages\/3798\/revisions"}],"wp:attachment":[{"href":"https:\/\/emascheville.net\/es\/wp-json\/wp\/v2\/media?parent=3798"}],"curies":[{"name":"wp","href":"https:\/\/api.w.org\/{rel}","templated":true}]}}