{"id":3670,"date":"2023-07-10T12:00:18","date_gmt":"2023-07-10T12:00:18","guid":{"rendered":"https:\/\/emascheville.net\/1-livro-novo\/"},"modified":"2023-08-14T12:13:42","modified_gmt":"2023-08-14T12:13:42","slug":"1-livro-novo","status":"publish","type":"page","link":"https:\/\/emascheville.net\/es\/1-livro-novo\/","title":{"rendered":"Nuevo Libro"},"content":{"rendered":"\t\t<div data-elementor-type=\"wp-page\" data-elementor-id=\"3670\" class=\"elementor elementor-3670 elementor-3591\">\n\t\t\t\t\t\t<section class=\"elementor-section elementor-top-section elementor-element elementor-element-ee2c909 elementor-section-boxed elementor-section-height-default elementor-section-height-default\" data-id=\"ee2c909\" data-element_type=\"section\" data-e-type=\"section\" data-settings=\"{&quot;background_background&quot;:&quot;classic&quot;}\">\n\t\t\t\t\t\t<div class=\"elementor-container elementor-column-gap-default\">\n\t\t\t\t\t<div class=\"elementor-column elementor-col-100 elementor-top-column elementor-element elementor-element-201ed34\" data-id=\"201ed34\" data-element_type=\"column\" data-e-type=\"column\">\n\t\t\t<div class=\"elementor-widget-wrap elementor-element-populated\">\n\t\t\t\t\t\t<div class=\"elementor-element elementor-element-e64bb22 elementor-widget elementor-widget-spacer\" data-id=\"e64bb22\" data-element_type=\"widget\" data-e-type=\"widget\" data-widget_type=\"spacer.default\">\n\t\t\t\t<div class=\"elementor-widget-container\">\n\t\t\t\t\t\t\t<div class=\"elementor-spacer\">\n\t\t\t<div class=\"elementor-spacer-inner\"><\/div>\n\t\t<\/div>\n\t\t\t\t\t\t<\/div>\n\t\t\t\t<\/div>\n\t\t\t\t\t<\/div>\n\t\t<\/div>\n\t\t\t\t\t<\/div>\n\t\t<\/section>\n\t\t\t\t<section class=\"elementor-section elementor-top-section elementor-element elementor-element-24f48c0 elementor-section-boxed elementor-section-height-default elementor-section-height-default\" data-id=\"24f48c0\" data-element_type=\"section\" data-e-type=\"section\" data-settings=\"{&quot;background_background&quot;:&quot;classic&quot;}\">\n\t\t\t\t\t\t<div class=\"elementor-container elementor-column-gap-default\">\n\t\t\t\t\t<div class=\"elementor-column elementor-col-100 elementor-top-column elementor-element elementor-element-cd79c4c\" data-id=\"cd79c4c\" data-element_type=\"column\" data-e-type=\"column\">\n\t\t\t<div class=\"elementor-widget-wrap elementor-element-populated\">\n\t\t\t\t\t\t<div class=\"elementor-element elementor-element-df72997 elementor-widget elementor-widget-text-editor\" data-id=\"df72997\" data-element_type=\"widget\" data-e-type=\"widget\" data-widget_type=\"text-editor.default\">\n\t\t\t\t<div class=\"elementor-widget-container\">\n\t\t\t\t\t\t\t\t\t<p style=\"text-align: center;\"><span style=\"font-size: 18pt;\"><strong>O QUE O C\u00c9U E OS HOMENS ME ENSINARAM<\/strong><\/span><\/p><p style=\"text-align: center;\"><span style=\"font-size: 14pt;\">Obra autobiogr\u00e1fica de Emma de Mascheville, complementando las ense\u00f1anzas de su primer libro \u00abLuz e Sombra\u00bb.\u00a0<\/span><\/p><p style=\"text-align: center;\"><span style=\"font-size: 14pt;\">Imprime a solicitud. Para comprar, haz tu pedido haciendo click en la imagen. Solo edici\u00f3n portuguesa.<\/span><\/p>\t\t\t\t\t\t\t\t<\/div>\n\t\t\t\t<\/div>\n\t\t\t\t\t<\/div>\n\t\t<\/div>\n\t\t\t\t\t<\/div>\n\t\t<\/section>\n\t\t\t\t<section class=\"elementor-section elementor-top-section elementor-element elementor-element-f49fb10 elementor-section-boxed elementor-section-height-default elementor-section-height-default\" data-id=\"f49fb10\" data-element_type=\"section\" data-e-type=\"section\" data-settings=\"{&quot;background_background&quot;:&quot;classic&quot;}\">\n\t\t\t\t\t\t<div class=\"elementor-container elementor-column-gap-default\">\n\t\t\t\t\t<div class=\"elementor-column elementor-col-33 elementor-top-column elementor-element elementor-element-53a374b\" data-id=\"53a374b\" data-element_type=\"column\" data-e-type=\"column\">\n\t\t\t<div class=\"elementor-widget-wrap elementor-element-populated\">\n\t\t\t\t\t\t<div class=\"elementor-element elementor-element-30e48b2 elementor-widget elementor-widget-spacer\" data-id=\"30e48b2\" data-element_type=\"widget\" data-e-type=\"widget\" data-widget_type=\"spacer.default\">\n\t\t\t\t<div class=\"elementor-widget-container\">\n\t\t\t\t\t\t\t<div class=\"elementor-spacer\">\n\t\t\t<div class=\"elementor-spacer-inner\"><\/div>\n\t\t<\/div>\n\t\t\t\t\t\t<\/div>\n\t\t\t\t<\/div>\n\t\t\t\t\t<\/div>\n\t\t<\/div>\n\t\t\t\t<div class=\"elementor-column elementor-col-33 elementor-top-column elementor-element elementor-element-112a710\" data-id=\"112a710\" data-element_type=\"column\" data-e-type=\"column\">\n\t\t\t<div class=\"elementor-widget-wrap elementor-element-populated\">\n\t\t\t\t\t\t<div class=\"elementor-element elementor-element-b67af92 elementor-widget elementor-widget-image\" data-id=\"b67af92\" data-element_type=\"widget\" data-e-type=\"widget\" data-widget_type=\"image.default\">\n\t\t\t\t<div class=\"elementor-widget-container\">\n\t\t\t\t\t\t\t\t\t\t\t\t\t\t\t\t<a href=\"http:\/\/www.livro.vc\/livros\/o-que-o-ceu-e-os-homens-me-ensinaram\">\n\t\t\t\t\t\t\t<img fetchpriority=\"high\" decoding=\"async\" width=\"768\" height=\"432\" src=\"https:\/\/emascheville.net\/wp-content\/uploads\/2023\/07\/Comprar-768x432.jpeg\" class=\"attachment-medium_large size-medium_large wp-image-3656\" alt=\"\" srcset=\"https:\/\/emascheville.net\/wp-content\/uploads\/2023\/07\/Comprar-768x432.jpeg 768w, https:\/\/emascheville.net\/wp-content\/uploads\/2023\/07\/Comprar-300x169.jpeg 300w, https:\/\/emascheville.net\/wp-content\/uploads\/2023\/07\/Comprar-1024x576.jpeg 1024w, https:\/\/emascheville.net\/wp-content\/uploads\/2023\/07\/Comprar.jpeg 1280w\" sizes=\"(max-width: 768px) 100vw, 768px\" \/>\t\t\t\t\t\t\t\t<\/a>\n\t\t\t\t\t\t\t\t\t\t\t\t\t\t\t<\/div>\n\t\t\t\t<\/div>\n\t\t\t\t<div class=\"elementor-element elementor-element-2b38111 elementor-widget elementor-widget-spacer\" data-id=\"2b38111\" data-element_type=\"widget\" data-e-type=\"widget\" data-widget_type=\"spacer.default\">\n\t\t\t\t<div class=\"elementor-widget-container\">\n\t\t\t\t\t\t\t<div class=\"elementor-spacer\">\n\t\t\t<div class=\"elementor-spacer-inner\"><\/div>\n\t\t<\/div>\n\t\t\t\t\t\t<\/div>\n\t\t\t\t<\/div>\n\t\t\t\t\t<\/div>\n\t\t<\/div>\n\t\t\t\t<div class=\"elementor-column elementor-col-33 elementor-top-column elementor-element elementor-element-c67d72c\" data-id=\"c67d72c\" data-element_type=\"column\" data-e-type=\"column\">\n\t\t\t<div class=\"elementor-widget-wrap elementor-element-populated\">\n\t\t\t\t\t\t<div class=\"elementor-element elementor-element-50bab00 elementor-widget elementor-widget-spacer\" data-id=\"50bab00\" data-element_type=\"widget\" data-e-type=\"widget\" data-widget_type=\"spacer.default\">\n\t\t\t\t<div class=\"elementor-widget-container\">\n\t\t\t\t\t\t\t<div class=\"elementor-spacer\">\n\t\t\t<div class=\"elementor-spacer-inner\"><\/div>\n\t\t<\/div>\n\t\t\t\t\t\t<\/div>\n\t\t\t\t<\/div>\n\t\t\t\t\t<\/div>\n\t\t<\/div>\n\t\t\t\t\t<\/div>\n\t\t<\/section>\n\t\t\t\t<section class=\"elementor-section elementor-top-section elementor-element elementor-element-eae960c elementor-section-boxed elementor-section-height-default elementor-section-height-default\" data-id=\"eae960c\" data-element_type=\"section\" data-e-type=\"section\" data-settings=\"{&quot;background_background&quot;:&quot;classic&quot;}\">\n\t\t\t\t\t\t<div class=\"elementor-container elementor-column-gap-default\">\n\t\t\t\t\t<div class=\"elementor-column elementor-col-100 elementor-top-column elementor-element elementor-element-ae363c5\" data-id=\"ae363c5\" data-element_type=\"column\" data-e-type=\"column\">\n\t\t\t<div class=\"elementor-widget-wrap elementor-element-populated\">\n\t\t\t\t\t\t<div class=\"elementor-element elementor-element-b168b02 elementor-widget elementor-widget-spacer\" data-id=\"b168b02\" data-element_type=\"widget\" data-e-type=\"widget\" data-widget_type=\"spacer.default\">\n\t\t\t\t<div class=\"elementor-widget-container\">\n\t\t\t\t\t\t\t<div class=\"elementor-spacer\">\n\t\t\t<div class=\"elementor-spacer-inner\"><\/div>\n\t\t<\/div>\n\t\t\t\t\t\t<\/div>\n\t\t\t\t<\/div>\n\t\t\t\t<div class=\"elementor-element elementor-element-70de23d elementor-widget elementor-widget-image\" data-id=\"70de23d\" data-element_type=\"widget\" data-e-type=\"widget\" data-widget_type=\"image.default\">\n\t\t\t\t<div class=\"elementor-widget-container\">\n\t\t\t\t\t\t\t\t\t\t\t\t\t\t\t<img decoding=\"async\" width=\"100\" height=\"97\" src=\"https:\/\/emascheville.net\/wp-content\/uploads\/2022\/07\/logo_aquario_azulp.jpg\" class=\"attachment-large size-large wp-image-1515\" alt=\"\" \/>\t\t\t\t\t\t\t\t\t\t\t\t\t\t\t<\/div>\n\t\t\t\t<\/div>\n\t\t\t\t<div class=\"elementor-element elementor-element-bd37b41 elementor-widget elementor-widget-spacer\" data-id=\"bd37b41\" data-element_type=\"widget\" data-e-type=\"widget\" data-widget_type=\"spacer.default\">\n\t\t\t\t<div class=\"elementor-widget-container\">\n\t\t\t\t\t\t\t<div class=\"elementor-spacer\">\n\t\t\t<div class=\"elementor-spacer-inner\"><\/div>\n\t\t<\/div>\n\t\t\t\t\t\t<\/div>\n\t\t\t\t<\/div>\n\t\t\t\t\t<\/div>\n\t\t<\/div>\n\t\t\t\t\t<\/div>\n\t\t<\/section>\n\t\t\t\t<section class=\"elementor-section elementor-top-section elementor-element elementor-element-c543bf5 elementor-section-boxed elementor-section-height-default elementor-section-height-default\" data-id=\"c543bf5\" data-element_type=\"section\" data-e-type=\"section\" data-settings=\"{&quot;background_background&quot;:&quot;classic&quot;}\">\n\t\t\t\t\t\t<div class=\"elementor-container elementor-column-gap-default\">\n\t\t\t\t\t<div class=\"elementor-column elementor-col-100 elementor-top-column elementor-element elementor-element-52d6612\" data-id=\"52d6612\" data-element_type=\"column\" data-e-type=\"column\">\n\t\t\t<div class=\"elementor-widget-wrap elementor-element-populated\">\n\t\t\t\t\t\t<div class=\"elementor-element elementor-element-e58930e elementor-widget elementor-widget-spacer\" data-id=\"e58930e\" data-element_type=\"widget\" data-e-type=\"widget\" data-widget_type=\"spacer.default\">\n\t\t\t\t<div class=\"elementor-widget-container\">\n\t\t\t\t\t\t\t<div class=\"elementor-spacer\">\n\t\t\t<div class=\"elementor-spacer-inner\"><\/div>\n\t\t<\/div>\n\t\t\t\t\t\t<\/div>\n\t\t\t\t<\/div>\n\t\t\t\t\t<\/div>\n\t\t<\/div>\n\t\t\t\t\t<\/div>\n\t\t<\/section>\n\t\t\t\t<\/div>\n\t\t","protected":false},"excerpt":{"rendered":"<p>O QUE O C\u00c9U E OS HOMENS ME ENSINARAM Obra autobiogr\u00e1fica de Emma de Mascheville, complementando las ense\u00f1anzas de su primer libro \u00abLuz e Sombra\u00bb.\u00a0 Imprime a solicitud. Para comprar, haz tu pedido haciendo click en la imagen. Solo edici\u00f3n portuguesa.<\/p>\n","protected":false},"author":5,"featured_media":0,"parent":0,"menu_order":0,"comment_status":"closed","ping_status":"closed","template":"","meta":{"site-sidebar-layout":"no-sidebar","site-content-layout":"page-builder","ast-site-content-layout":"","site-content-style":"default","site-sidebar-style":"default","ast-global-header-display":"","ast-banner-title-visibility":"","ast-main-header-display":"","ast-hfb-above-header-display":"","ast-hfb-below-header-display":"","ast-hfb-mobile-header-display":"","site-post-title":"disabled","ast-breadcrumbs-content":"","ast-featured-img":"disabled","footer-sml-layout":"","theme-transparent-header-meta":"default","adv-header-id-meta":"","stick-header-meta":"","header-above-stick-meta":"","header-main-stick-meta":"","header-below-stick-meta":"","astra-migrate-meta-layouts":"default","ast-page-background-enabled":"default","ast-page-background-meta":{"desktop":{"background-color":"","background-image":"","background-repeat":"repeat","background-position":"center center","background-size":"auto","background-attachment":"scroll","background-type":"","background-media":"","overlay-type":"","overlay-color":"","overlay-opacity":"","overlay-gradient":""},"tablet":{"background-color":"","background-image":"","background-repeat":"repeat","background-position":"center center","background-size":"auto","background-attachment":"scroll","background-type":"","background-media":"","overlay-type":"","overlay-color":"","overlay-opacity":"","overlay-gradient":""},"mobile":{"background-color":"","background-image":"","background-repeat":"repeat","background-position":"center center","background-size":"auto","background-attachment":"scroll","background-type":"","background-media":"","overlay-type":"","overlay-color":"","overlay-opacity":"","overlay-gradient":""}},"ast-content-background-meta":{"desktop":{"background-color":"var(--ast-global-color-5)","background-image":"","background-repeat":"repeat","background-position":"center center","background-size":"auto","background-attachment":"scroll","background-type":"","background-media":"","overlay-type":"","overlay-color":"","overlay-opacity":"","overlay-gradient":""},"tablet":{"background-color":"var(--ast-global-color-5)","background-image":"","background-repeat":"repeat","background-position":"center center","background-size":"auto","background-attachment":"scroll","background-type":"","background-media":"","overlay-type":"","overlay-color":"","overlay-opacity":"","overlay-gradient":""},"mobile":{"background-color":"var(--ast-global-color-5)","background-image":"","background-repeat":"repeat","background-position":"center center","background-size":"auto","background-attachment":"scroll","background-type":"","background-media":"","overlay-type":"","overlay-color":"","overlay-opacity":"","overlay-gradient":""}},"footnotes":""},"class_list":["post-3670","page","type-page","status-publish","hentry"],"yoast_head":"<!-- This site is optimized with the Yoast SEO plugin v27.5 - https:\/\/yoast.com\/product\/yoast-seo-wordpress\/ -->\n<title>Nuevo Libro - Emma de Mascheville<\/title>\n<meta name=\"robots\" content=\"index, follow, max-snippet:-1, max-image-preview:large, max-video-preview:-1\" \/>\n<link rel=\"canonical\" href=\"https:\/\/emascheville.net\/es\/1-livro-novo\/\" \/>\n<meta property=\"og:locale\" content=\"es_ES\" \/>\n<meta property=\"og:type\" content=\"article\" \/>\n<meta property=\"og:title\" content=\"Nuevo Libro - Emma de Mascheville\" \/>\n<meta property=\"og:description\" content=\"O QUE O C\u00c9U E OS HOMENS ME ENSINARAM Obra autobiogr\u00e1fica de Emma de Mascheville, complementando las ense\u00f1anzas de su primer libro \u00abLuz e Sombra\u00bb.\u00a0 Imprime a solicitud. Para comprar, haz tu pedido haciendo click en la imagen. Solo edici\u00f3n portuguesa.\" \/>\n<meta property=\"og:url\" content=\"https:\/\/emascheville.net\/es\/1-livro-novo\/\" \/>\n<meta property=\"og:site_name\" content=\"Emma de Mascheville\" \/>\n<meta property=\"article:modified_time\" content=\"2023-08-14T12:13:42+00:00\" \/>\n<meta property=\"og:image\" content=\"https:\/\/emascheville.net\/wp-content\/uploads\/2023\/07\/Comprar-768x432.jpeg\" \/>\n<meta name=\"twitter:card\" content=\"summary_large_image\" \/>\n<meta name=\"twitter:label1\" content=\"Tiempo de lectura\" \/>\n\t<meta name=\"twitter:data1\" content=\"1 minuto\" \/>\n<script type=\"application\/ld+json\" class=\"yoast-schema-graph\">{\"@context\":\"https:\\\/\\\/schema.org\",\"@graph\":[{\"@type\":\"WebPage\",\"@id\":\"https:\\\/\\\/emascheville.net\\\/es\\\/1-livro-novo\\\/\",\"url\":\"https:\\\/\\\/emascheville.net\\\/es\\\/1-livro-novo\\\/\",\"name\":\"Nuevo Libro - Emma de Mascheville\",\"isPartOf\":{\"@id\":\"https:\\\/\\\/emascheville.net\\\/es\\\/#website\"},\"primaryImageOfPage\":{\"@id\":\"https:\\\/\\\/emascheville.net\\\/es\\\/1-livro-novo\\\/#primaryimage\"},\"image\":{\"@id\":\"https:\\\/\\\/emascheville.net\\\/es\\\/1-livro-novo\\\/#primaryimage\"},\"thumbnailUrl\":\"https:\\\/\\\/emascheville.net\\\/wp-content\\\/uploads\\\/2023\\\/07\\\/Comprar-768x432.jpeg\",\"datePublished\":\"2023-07-10T12:00:18+00:00\",\"dateModified\":\"2023-08-14T12:13:42+00:00\",\"breadcrumb\":{\"@id\":\"https:\\\/\\\/emascheville.net\\\/es\\\/1-livro-novo\\\/#breadcrumb\"},\"inLanguage\":\"es\",\"potentialAction\":[{\"@type\":\"ReadAction\",\"target\":[\"https:\\\/\\\/emascheville.net\\\/es\\\/1-livro-novo\\\/\"]}]},{\"@type\":\"ImageObject\",\"inLanguage\":\"es\",\"@id\":\"https:\\\/\\\/emascheville.net\\\/es\\\/1-livro-novo\\\/#primaryimage\",\"url\":\"https:\\\/\\\/emascheville.net\\\/wp-content\\\/uploads\\\/2023\\\/07\\\/Comprar-768x432.jpeg\",\"contentUrl\":\"https:\\\/\\\/emascheville.net\\\/wp-content\\\/uploads\\\/2023\\\/07\\\/Comprar-768x432.jpeg\"},{\"@type\":\"BreadcrumbList\",\"@id\":\"https:\\\/\\\/emascheville.net\\\/es\\\/1-livro-novo\\\/#breadcrumb\",\"itemListElement\":[{\"@type\":\"ListItem\",\"position\":1,\"name\":\"In\u00edcio\",\"item\":\"https:\\\/\\\/emascheville.net\\\/es\\\/home\\\/\"},{\"@type\":\"ListItem\",\"position\":2,\"name\":\"Nuevo Libro\"}]},{\"@type\":\"WebSite\",\"@id\":\"https:\\\/\\\/emascheville.net\\\/es\\\/#website\",\"url\":\"https:\\\/\\\/emascheville.net\\\/es\\\/\",\"name\":\"Emma de Mascheville\",\"description\":\"Vida e obra de Emma de Mascheville\",\"potentialAction\":[{\"@type\":\"SearchAction\",\"target\":{\"@type\":\"EntryPoint\",\"urlTemplate\":\"https:\\\/\\\/emascheville.net\\\/es\\\/?s={search_term_string}\"},\"query-input\":{\"@type\":\"PropertyValueSpecification\",\"valueRequired\":true,\"valueName\":\"search_term_string\"}}],\"inLanguage\":\"es\"}]}<\/script>\n<!-- \/ Yoast SEO plugin. -->","yoast_head_json":{"title":"Nuevo Libro - Emma de Mascheville","robots":{"index":"index","follow":"follow","max-snippet":"max-snippet:-1","max-image-preview":"max-image-preview:large","max-video-preview":"max-video-preview:-1"},"canonical":"https:\/\/emascheville.net\/es\/1-livro-novo\/","og_locale":"es_ES","og_type":"article","og_title":"Nuevo Libro - Emma de Mascheville","og_description":"O QUE O C\u00c9U E OS HOMENS ME ENSINARAM Obra autobiogr\u00e1fica de Emma de Mascheville, complementando las ense\u00f1anzas de su primer libro \u00abLuz e Sombra\u00bb.\u00a0 Imprime a solicitud. Para comprar, haz tu pedido haciendo click en la imagen. Solo edici\u00f3n portuguesa.","og_url":"https:\/\/emascheville.net\/es\/1-livro-novo\/","og_site_name":"Emma de Mascheville","article_modified_time":"2023-08-14T12:13:42+00:00","og_image":[{"url":"https:\/\/emascheville.net\/wp-content\/uploads\/2023\/07\/Comprar-768x432.jpeg","type":"","width":"","height":""}],"twitter_card":"summary_large_image","twitter_misc":{"Tiempo de lectura":"1 minuto"},"schema":{"@context":"https:\/\/schema.org","@graph":[{"@type":"WebPage","@id":"https:\/\/emascheville.net\/es\/1-livro-novo\/","url":"https:\/\/emascheville.net\/es\/1-livro-novo\/","name":"Nuevo Libro - Emma de Mascheville","isPartOf":{"@id":"https:\/\/emascheville.net\/es\/#website"},"primaryImageOfPage":{"@id":"https:\/\/emascheville.net\/es\/1-livro-novo\/#primaryimage"},"image":{"@id":"https:\/\/emascheville.net\/es\/1-livro-novo\/#primaryimage"},"thumbnailUrl":"https:\/\/emascheville.net\/wp-content\/uploads\/2023\/07\/Comprar-768x432.jpeg","datePublished":"2023-07-10T12:00:18+00:00","dateModified":"2023-08-14T12:13:42+00:00","breadcrumb":{"@id":"https:\/\/emascheville.net\/es\/1-livro-novo\/#breadcrumb"},"inLanguage":"es","potentialAction":[{"@type":"ReadAction","target":["https:\/\/emascheville.net\/es\/1-livro-novo\/"]}]},{"@type":"ImageObject","inLanguage":"es","@id":"https:\/\/emascheville.net\/es\/1-livro-novo\/#primaryimage","url":"https:\/\/emascheville.net\/wp-content\/uploads\/2023\/07\/Comprar-768x432.jpeg","contentUrl":"https:\/\/emascheville.net\/wp-content\/uploads\/2023\/07\/Comprar-768x432.jpeg"},{"@type":"BreadcrumbList","@id":"https:\/\/emascheville.net\/es\/1-livro-novo\/#breadcrumb","itemListElement":[{"@type":"ListItem","position":1,"name":"In\u00edcio","item":"https:\/\/emascheville.net\/es\/home\/"},{"@type":"ListItem","position":2,"name":"Nuevo Libro"}]},{"@type":"WebSite","@id":"https:\/\/emascheville.net\/es\/#website","url":"https:\/\/emascheville.net\/es\/","name":"Emma de Mascheville","description":"Vida e obra de Emma de Mascheville","potentialAction":[{"@type":"SearchAction","target":{"@type":"EntryPoint","urlTemplate":"https:\/\/emascheville.net\/es\/?s={search_term_string}"},"query-input":{"@type":"PropertyValueSpecification","valueRequired":true,"valueName":"search_term_string"}}],"inLanguage":"es"}]}},"_links":{"self":[{"href":"https:\/\/emascheville.net\/es\/wp-json\/wp\/v2\/pages\/3670","targetHints":{"allow":["GET"]}}],"collection":[{"href":"https:\/\/emascheville.net\/es\/wp-json\/wp\/v2\/pages"}],"about":[{"href":"https:\/\/emascheville.net\/es\/wp-json\/wp\/v2\/types\/page"}],"author":[{"embeddable":true,"href":"https:\/\/emascheville.net\/es\/wp-json\/wp\/v2\/users\/5"}],"replies":[{"embeddable":true,"href":"https:\/\/emascheville.net\/es\/wp-json\/wp\/v2\/comments?post=3670"}],"version-history":[{"count":0,"href":"https:\/\/emascheville.net\/es\/wp-json\/wp\/v2\/pages\/3670\/revisions"}],"wp:attachment":[{"href":"https:\/\/emascheville.net\/es\/wp-json\/wp\/v2\/media?parent=3670"}],"curies":[{"name":"wp","href":"https:\/\/api.w.org\/{rel}","templated":true}]}}