{"id":1920,"date":"2022-08-02T11:29:53","date_gmt":"2022-08-02T11:29:53","guid":{"rendered":"https:\/\/emascheville.net\/?page_id=1920"},"modified":"2022-08-02T11:40:54","modified_gmt":"2022-08-02T11:40:54","slug":"fe-y-ciencia","status":"publish","type":"page","link":"https:\/\/emascheville.net\/es\/fe-y-ciencia\/","title":{"rendered":"Fe y Ciencia"},"content":{"rendered":"\t\t<div data-elementor-type=\"wp-page\" data-elementor-id=\"1920\" class=\"elementor elementor-1920\">\n\t\t\t\t\t\t<section class=\"elementor-section elementor-top-section elementor-element elementor-element-0d51e9e elementor-section-boxed elementor-section-height-default elementor-section-height-default\" data-id=\"0d51e9e\" data-element_type=\"section\" data-e-type=\"section\" data-settings=\"{&quot;background_background&quot;:&quot;classic&quot;}\">\n\t\t\t\t\t\t<div class=\"elementor-container elementor-column-gap-default\">\n\t\t\t\t\t<div class=\"elementor-column elementor-col-100 elementor-top-column elementor-element elementor-element-c8afd79\" data-id=\"c8afd79\" data-element_type=\"column\" data-e-type=\"column\">\n\t\t\t<div class=\"elementor-widget-wrap elementor-element-populated\">\n\t\t\t\t\t\t<div class=\"elementor-element elementor-element-be56fa7 elementor-widget elementor-widget-text-editor\" data-id=\"be56fa7\" data-element_type=\"widget\" data-e-type=\"widget\" data-widget_type=\"text-editor.default\">\n\t\t\t\t<div class=\"elementor-widget-container\">\n\t\t\t\t\t\t\t\t\t<p><span style=\"font-size: 14pt;\"><strong>\u00a0<\/strong><\/span><\/p><p><span style=\"font-size: 14pt;\"><strong>Fe y Ciencia<\/strong><\/span><\/p>\t\t\t\t\t\t\t\t<\/div>\n\t\t\t\t<\/div>\n\t\t\t\t\t<\/div>\n\t\t<\/div>\n\t\t\t\t\t<\/div>\n\t\t<\/section>\n\t\t\t\t<section class=\"elementor-section elementor-top-section elementor-element elementor-element-9aea1be elementor-section-boxed elementor-section-height-default elementor-section-height-default\" data-id=\"9aea1be\" data-element_type=\"section\" data-e-type=\"section\" data-settings=\"{&quot;background_background&quot;:&quot;classic&quot;}\">\n\t\t\t\t\t\t<div class=\"elementor-container elementor-column-gap-default\">\n\t\t\t\t\t<div class=\"elementor-column elementor-col-100 elementor-top-column elementor-element elementor-element-31aa7c2\" data-id=\"31aa7c2\" data-element_type=\"column\" data-e-type=\"column\">\n\t\t\t<div class=\"elementor-widget-wrap elementor-element-populated\">\n\t\t\t\t\t\t<div class=\"elementor-element elementor-element-40e7685 elementor-widget elementor-widget-text-editor\" data-id=\"40e7685\" data-element_type=\"widget\" data-e-type=\"widget\" data-widget_type=\"text-editor.default\">\n\t\t\t\t<div class=\"elementor-widget-container\">\n\t\t\t\t\t\t\t\t\t<p>En una importante revista europea se public\u00f3 un art\u00edculo: \u201cAstrolog\u00eda: s\u00ed o no\u201d. Se han hecho grandes estad\u00edsticas sobre si creer o no en la Astrolog\u00eda. A quienes nos preguntan si creemos en la Astrolog\u00eda, debemos responder:<\/p><p>&#8211; \u00a1No! \u00a1Lo acabamos de ver!<\/p><p>La astrolog\u00eda es una ciencia y no puede ser cre\u00edda (objeto de creencia) hasta que sea conocida, observada y experimentada.<\/p><p>As\u00ed como un ni\u00f1o no puede creer en las matem\u00e1ticas y necesita que se le ense\u00f1e gradualmente esta ciencia, no podemos negar la existencia y la importancia de la relaci\u00f3n entre el hombre y el cosmos, entre la Creaci\u00f3n y el Creador, hasta que la observemos y la estudiemos en profundidad.<\/p>\t\t\t\t\t\t\t\t<\/div>\n\t\t\t\t<\/div>\n\t\t\t\t\t<\/div>\n\t\t<\/div>\n\t\t\t\t\t<\/div>\n\t\t<\/section>\n\t\t\t\t<section class=\"elementor-section elementor-top-section elementor-element elementor-element-fe9b8d3 elementor-section-boxed elementor-section-height-default elementor-section-height-default\" data-id=\"fe9b8d3\" data-element_type=\"section\" data-e-type=\"section\" data-settings=\"{&quot;background_background&quot;:&quot;classic&quot;}\">\n\t\t\t\t\t\t<div class=\"elementor-container elementor-column-gap-default\">\n\t\t\t\t\t<div class=\"elementor-column elementor-col-50 elementor-top-column elementor-element elementor-element-33ed829\" data-id=\"33ed829\" data-element_type=\"column\" data-e-type=\"column\">\n\t\t\t<div class=\"elementor-widget-wrap elementor-element-populated\">\n\t\t\t\t\t\t<div class=\"elementor-element elementor-element-0828048 elementor-widget elementor-widget-spacer\" data-id=\"0828048\" data-element_type=\"widget\" data-e-type=\"widget\" data-widget_type=\"spacer.default\">\n\t\t\t\t<div class=\"elementor-widget-container\">\n\t\t\t\t\t\t\t<div class=\"elementor-spacer\">\n\t\t\t<div class=\"elementor-spacer-inner\"><\/div>\n\t\t<\/div>\n\t\t\t\t\t\t<\/div>\n\t\t\t\t<\/div>\n\t\t\t\t<div class=\"elementor-element elementor-element-4ac3d43 elementor-widget elementor-widget-image\" data-id=\"4ac3d43\" data-element_type=\"widget\" data-e-type=\"widget\" data-widget_type=\"image.default\">\n\t\t\t\t<div class=\"elementor-widget-container\">\n\t\t\t\t\t\t\t\t\t\t\t\t\t\t\t<img fetchpriority=\"high\" decoding=\"async\" width=\"284\" height=\"177\" src=\"https:\/\/emascheville.net\/wp-content\/uploads\/2022\/06\/magos2.jpg\" class=\"attachment-large size-large wp-image-1455\" alt=\"\" \/>\t\t\t\t\t\t\t\t\t\t\t\t\t\t\t<\/div>\n\t\t\t\t<\/div>\n\t\t\t\t\t<\/div>\n\t\t<\/div>\n\t\t\t\t<div class=\"elementor-column elementor-col-50 elementor-top-column elementor-element elementor-element-664b9d1\" data-id=\"664b9d1\" data-element_type=\"column\" data-e-type=\"column\">\n\t\t\t<div class=\"elementor-widget-wrap elementor-element-populated\">\n\t\t\t\t\t\t<div class=\"elementor-element elementor-element-89d5742 elementor-widget elementor-widget-text-editor\" data-id=\"89d5742\" data-element_type=\"widget\" data-e-type=\"widget\" data-widget_type=\"text-editor.default\">\n\t\t\t\t<div class=\"elementor-widget-container\">\n\t\t\t\t\t\t\t\t\t<p>Consideramos un peligro creer en ella (Astrolog\u00eda), porque creer nos hace aceptar f\u00e1cilmente viejas supersticiones o interpretaciones desde un punto de vista fatalista, perjudicando el sentido de la responsabilidad y la iniciativa propia.<\/p><p>En aquella estad\u00edstica referente a la Astrolog\u00eda, muchos hombres de fe declararon que para el cristiano convencido, la astrolog\u00eda no es necesaria, pues encuentra en su convicci\u00f3n la fuerza y \u200b\u200bla luz necesarias.<\/p>\t\t\t\t\t\t\t\t<\/div>\n\t\t\t\t<\/div>\n\t\t\t\t\t<\/div>\n\t\t<\/div>\n\t\t\t\t\t<\/div>\n\t\t<\/section>\n\t\t\t\t<section class=\"elementor-section elementor-top-section elementor-element elementor-element-109331d elementor-section-boxed elementor-section-height-default elementor-section-height-default\" data-id=\"109331d\" data-element_type=\"section\" data-e-type=\"section\" data-settings=\"{&quot;background_background&quot;:&quot;classic&quot;}\">\n\t\t\t\t\t\t<div class=\"elementor-container elementor-column-gap-default\">\n\t\t\t\t\t<div class=\"elementor-column elementor-col-100 elementor-top-column elementor-element elementor-element-35ca25c\" data-id=\"35ca25c\" data-element_type=\"column\" data-e-type=\"column\">\n\t\t\t<div class=\"elementor-widget-wrap elementor-element-populated\">\n\t\t\t\t\t\t<div class=\"elementor-element elementor-element-9455ab6 elementor-widget elementor-widget-text-editor\" data-id=\"9455ab6\" data-element_type=\"widget\" data-e-type=\"widget\" data-widget_type=\"text-editor.default\">\n\t\t\t\t<div class=\"elementor-widget-container\">\n\t\t\t\t\t\t\t\t\t<div id=\"comp-k9yberqb\" class=\"_1Z_nJ\" data-testid=\"richTextElement\"><p>Otros prelados declararon que la astrolog\u00eda unir\u00e1 la ciencia y la fe, llevando a la ciencia materialista actual al callej\u00f3n sin salida donde entr\u00f3 en la era del racionalismo.<\/p><p>La fe y la ciencia no pueden seguir pele\u00e1ndose y andando separadas, y solo quienes han profundizado en la astrolog\u00eda pueden apreciar su gran importancia en esta uni\u00f3n. El cient\u00edfico que conoce la astrolog\u00eda nunca m\u00e1s despertar\u00e1 en su juventud la duda. Porque, observando el maravilloso reloj de la Creaci\u00f3n, comprender\u00e9is que no hay reloj sin Relojero y que para este reloj siempre necesitamos de la Inteligencia Suprema del Creador.<\/p><p>El sacerdote que abre su mente a la ciencia y al conocimiento de la Astrolog\u00eda sabr\u00e1 reconectar nuestros corazones con lo Alto, sin provocar los choques entre los estudios cient\u00edficos y las convicciones dogm\u00e1ticas.<\/p><p>La lecci\u00f3n m\u00e1s hermosa en este sentido la recib\u00ed de mi madre.<\/p><p>Ten\u00eda una fe maravillosa. Fui educado en esta fe m\u00edstica, pero la escuela, los estudios, las observaciones cient\u00edficas crearon en m\u00ed la ansiedad de saber y, a trav\u00e9s de la Astrolog\u00eda, llegu\u00e9 a comprender lo que la fe me hab\u00eda dado de ni\u00f1o. Sab\u00eda que mi madre ten\u00eda sus dudas sobre mi camino y cuando, despu\u00e9s de a\u00f1os, la visit\u00e9 por \u00faltima vez para despedirme de ella en esta vida, estaba en mis preocupaciones c\u00f3mo hablarle, para que me entendiera, para que no viviera en los \u00faltimos momentos de su vida terrenal con ansiedad: \u00bfVolver\u00e9 a encontrar a mi hija?\u201d.<\/p><p>Entonces, trat\u00e9 de adaptarme a ella, a su forma de entender y, m\u00e1s tarde, demostrarle que mi trabajo como Astr\u00f3logo no era in\u00fatil y \u201cpecado\u201d, pidi\u00e9ndole que me diera fechas de nacimiento de las personas que ve\u00eda crecer y que estaban convencidos de su fe, y le expliqu\u00e9 cu\u00e1l era la lucha interna, cu\u00e1l era la Luz a la que deb\u00edan apuntar, qu\u00e9 educaci\u00f3n deb\u00edan haber recibido.<\/p><p>Todav\u00eda puedo verla frente a m\u00ed, despu\u00e9s de una noche de pruebas y pruebas con ella, con el cuerpo ya reducido, sentada en la cama, mir\u00e1ndome con ojos brillantes y luminosos: \u201c\u00a1Qu\u00e9 maravilla! \u00a1Ya es un poco tarde! Pero a\u00fan hay tiempo, \u00a1dime c\u00f3mo estoy! \u00ab<\/p><p>.A la ma\u00f1ana siguiente era Navidad. Ella me llam\u00f3 y me mostr\u00f3 c\u00f3mo todo mi conocimiento era a\u00fan peque\u00f1o, frente a su fe:<\/p><p>\u201c\u00a1Ahora entiendo la historia de Navidad! Hay tres caminos que conducen a Jes\u00fas. Algunos vienen por el o\u00eddo, son los pastores que siguen la voz de los \u00e1ngeles. Otros, por sentir: Sim\u00f3n que sinti\u00f3 la presencia del Mes\u00edas ante \u00e9l. Y el tercero son los Reyes Magos, que vienen por la ciencia. Pens\u00e9 que la ciencia estaba en el camino equivocado, pero veo que conduce directamente a \u00c9l. \u00ab<\/p><p>Qu\u00e9 interpretaci\u00f3n tan profunda e importante para todos los que tienen la Buena Voluntad comprender que aunque los caminos sean diferentes en las diferentes religiones, la meta, el fin a alcanzar es el mismo.<\/p><p>Los que vienen oyendo hablar son los que oyen hablar a sus sacerdotes y andan mansamente sin entender; los que vienen por la voz interna son los m\u00edsticos que se entregan a lo que sienten; y el tercero, los que buscan el camino a trav\u00e9s de la ciencia.<\/p><p>Pero ninguno de los tres debe detenerse en su camino, sino que debe avanzar para llegar al punto al que apuntan los tres caminos, y donde se unen.<\/p><p>Si existe el dicho de que \u201cPoca filosof\u00eda nos separa de Dios y mucha filosof\u00eda conduce a \u00c9l\u201d, tambi\u00e9n podemos decir que \u201cPoca ciencia nos separa del Conocimiento y mucha ciencia nos hace Sabios\u201d.<\/p><p>En cualquiera de los caminos que seguimos, necesitamos partir del Creer, llegar al Sentir y luego al Saber.<\/p><p>Los que s\u00f3lo creen, no tienen verdadera fe. Necesita llegar a sentir, vivir y vibrar lo que se cre\u00eda saber de la Eternidad.<\/p><p>Quien se basa en la ciencia necesita vivir, vibrar y profundizar en la ciencia y ella le dar\u00e1 la fe y la convicci\u00f3n de la Vida Eterna.<\/p><p>Que el lector, a trav\u00e9s de este libro, obtenga convicci\u00f3n. La astrolog\u00eda es la ciencia que explica la vida, los sentimientos y las vibraciones que existen en nosotros mismos y a nuestro alrededor y nos facilita el liderazgo.<\/p><p>\u200bDe la fe ciega al conocimiento de la Eternidad y\u2026<\/p><p>De la ciencia de la tierra a la fe en la vida eterna.<\/p><p style=\"text-align: right;\"><em>Emma de Mascheville<\/em><\/p><\/div>\t\t\t\t\t\t\t\t<\/div>\n\t\t\t\t<\/div>\n\t\t\t\t\t<\/div>\n\t\t<\/div>\n\t\t\t\t\t<\/div>\n\t\t<\/section>\n\t\t\t\t<section class=\"elementor-section elementor-top-section elementor-element elementor-element-813a43e elementor-section-boxed elementor-section-height-default elementor-section-height-default\" data-id=\"813a43e\" data-element_type=\"section\" data-e-type=\"section\" data-settings=\"{&quot;background_background&quot;:&quot;classic&quot;}\">\n\t\t\t\t\t\t<div class=\"elementor-container elementor-column-gap-default\">\n\t\t\t\t\t<div class=\"elementor-column elementor-col-100 elementor-top-column elementor-element elementor-element-835b170\" data-id=\"835b170\" data-element_type=\"column\" data-e-type=\"column\">\n\t\t\t<div class=\"elementor-widget-wrap elementor-element-populated\">\n\t\t\t\t\t\t<div class=\"elementor-element elementor-element-c906419 elementor-widget elementor-widget-image\" data-id=\"c906419\" data-element_type=\"widget\" data-e-type=\"widget\" data-widget_type=\"image.default\">\n\t\t\t\t<div class=\"elementor-widget-container\">\n\t\t\t\t\t\t\t\t\t\t\t\t\t\t\t<img decoding=\"async\" width=\"100\" height=\"97\" src=\"https:\/\/emascheville.net\/wp-content\/uploads\/2022\/07\/logo_aquario_azulp.jpg\" class=\"attachment-large size-large wp-image-1515\" alt=\"\" \/>\t\t\t\t\t\t\t\t\t\t\t\t\t\t\t<\/div>\n\t\t\t\t<\/div>\n\t\t\t\t\t<\/div>\n\t\t<\/div>\n\t\t\t\t\t<\/div>\n\t\t<\/section>\n\t\t\t\t<section class=\"elementor-section elementor-top-section elementor-element elementor-element-a621878 elementor-section-boxed elementor-section-height-default elementor-section-height-default\" data-id=\"a621878\" data-element_type=\"section\" data-e-type=\"section\" data-settings=\"{&quot;background_background&quot;:&quot;classic&quot;}\">\n\t\t\t\t\t\t<div class=\"elementor-container elementor-column-gap-default\">\n\t\t\t\t\t<div class=\"elementor-column elementor-col-100 elementor-top-column elementor-element elementor-element-0d43fda\" data-id=\"0d43fda\" data-element_type=\"column\" data-e-type=\"column\">\n\t\t\t<div class=\"elementor-widget-wrap elementor-element-populated\">\n\t\t\t\t\t\t<div class=\"elementor-element elementor-element-f466db0 elementor-widget elementor-widget-spacer\" data-id=\"f466db0\" data-element_type=\"widget\" data-e-type=\"widget\" data-widget_type=\"spacer.default\">\n\t\t\t\t<div class=\"elementor-widget-container\">\n\t\t\t\t\t\t\t<div class=\"elementor-spacer\">\n\t\t\t<div class=\"elementor-spacer-inner\"><\/div>\n\t\t<\/div>\n\t\t\t\t\t\t<\/div>\n\t\t\t\t<\/div>\n\t\t\t\t\t<\/div>\n\t\t<\/div>\n\t\t\t\t\t<\/div>\n\t\t<\/section>\n\t\t\t\t<section class=\"elementor-section elementor-top-section elementor-element elementor-element-e773623 elementor-section-boxed elementor-section-height-default elementor-section-height-default\" data-id=\"e773623\" data-element_type=\"section\" data-e-type=\"section\" data-settings=\"{&quot;background_background&quot;:&quot;classic&quot;}\">\n\t\t\t\t\t\t<div class=\"elementor-container elementor-column-gap-default\">\n\t\t\t\t\t<div class=\"elementor-column elementor-col-100 elementor-top-column elementor-element elementor-element-3b2d553\" data-id=\"3b2d553\" data-element_type=\"column\" data-e-type=\"column\">\n\t\t\t<div class=\"elementor-widget-wrap elementor-element-populated\">\n\t\t\t\t\t\t<div class=\"elementor-element elementor-element-74e906d elementor-widget elementor-widget-spacer\" data-id=\"74e906d\" data-element_type=\"widget\" data-e-type=\"widget\" data-widget_type=\"spacer.default\">\n\t\t\t\t<div class=\"elementor-widget-container\">\n\t\t\t\t\t\t\t<div class=\"elementor-spacer\">\n\t\t\t<div class=\"elementor-spacer-inner\"><\/div>\n\t\t<\/div>\n\t\t\t\t\t\t<\/div>\n\t\t\t\t<\/div>\n\t\t\t\t\t<\/div>\n\t\t<\/div>\n\t\t\t\t\t<\/div>\n\t\t<\/section>\n\t\t\t\t<\/div>\n\t\t","protected":false},"excerpt":{"rendered":"<p>\u00a0 Fe y Ciencia En una importante revista europea se public\u00f3 un art\u00edculo: \u201cAstrolog\u00eda: s\u00ed o no\u201d. Se han hecho grandes estad\u00edsticas sobre si creer o no en la Astrolog\u00eda. A quienes nos preguntan si creemos en la Astrolog\u00eda, debemos responder: &#8211; \u00a1No! \u00a1Lo acabamos de ver! La astrolog\u00eda es una ciencia y no puede [&hellip;]<\/p>\n","protected":false},"author":1,"featured_media":0,"parent":0,"menu_order":0,"comment_status":"closed","ping_status":"closed","template":"","meta":{"site-sidebar-layout":"no-sidebar","site-content-layout":"page-builder","ast-site-content-layout":"","site-content-style":"default","site-sidebar-style":"default","ast-global-header-display":"","ast-banner-title-visibility":"","ast-main-header-display":"","ast-hfb-above-header-display":"","ast-hfb-below-header-display":"","ast-hfb-mobile-header-display":"","site-post-title":"disabled","ast-breadcrumbs-content":"","ast-featured-img":"disabled","footer-sml-layout":"","theme-transparent-header-meta":"default","adv-header-id-meta":"","stick-header-meta":"","header-above-stick-meta":"","header-main-stick-meta":"","header-below-stick-meta":"","astra-migrate-meta-layouts":"default","ast-page-background-enabled":"default","ast-page-background-meta":{"desktop":{"background-color":"","background-image":"","background-repeat":"repeat","background-position":"center center","background-size":"auto","background-attachment":"scroll","background-type":"","background-media":"","overlay-type":"","overlay-color":"","overlay-opacity":"","overlay-gradient":""},"tablet":{"background-color":"","background-image":"","background-repeat":"repeat","background-position":"center center","background-size":"auto","background-attachment":"scroll","background-type":"","background-media":"","overlay-type":"","overlay-color":"","overlay-opacity":"","overlay-gradient":""},"mobile":{"background-color":"","background-image":"","background-repeat":"repeat","background-position":"center center","background-size":"auto","background-attachment":"scroll","background-type":"","background-media":"","overlay-type":"","overlay-color":"","overlay-opacity":"","overlay-gradient":""}},"ast-content-background-meta":{"desktop":{"background-color":"var(--ast-global-color-5)","background-image":"","background-repeat":"repeat","background-position":"center center","background-size":"auto","background-attachment":"scroll","background-type":"","background-media":"","overlay-type":"","overlay-color":"","overlay-opacity":"","overlay-gradient":""},"tablet":{"background-color":"var(--ast-global-color-5)","background-image":"","background-repeat":"repeat","background-position":"center center","background-size":"auto","background-attachment":"scroll","background-type":"","background-media":"","overlay-type":"","overlay-color":"","overlay-opacity":"","overlay-gradient":""},"mobile":{"background-color":"var(--ast-global-color-5)","background-image":"","background-repeat":"repeat","background-position":"center center","background-size":"auto","background-attachment":"scroll","background-type":"","background-media":"","overlay-type":"","overlay-color":"","overlay-opacity":"","overlay-gradient":""}},"footnotes":""},"class_list":["post-1920","page","type-page","status-publish","hentry"],"yoast_head":"<!-- This site is optimized with the Yoast SEO plugin v27.5 - https:\/\/yoast.com\/product\/yoast-seo-wordpress\/ -->\n<title>Fe y Ciencia - Emma de Mascheville<\/title>\n<meta name=\"robots\" content=\"index, follow, max-snippet:-1, max-image-preview:large, max-video-preview:-1\" \/>\n<link rel=\"canonical\" href=\"https:\/\/emascheville.net\/es\/fe-y-ciencia\/\" \/>\n<meta property=\"og:locale\" content=\"es_ES\" \/>\n<meta property=\"og:type\" content=\"article\" \/>\n<meta property=\"og:title\" content=\"Fe y Ciencia - Emma de Mascheville\" \/>\n<meta property=\"og:description\" content=\"\u00a0 Fe y Ciencia En una importante revista europea se public\u00f3 un art\u00edculo: \u201cAstrolog\u00eda: s\u00ed o no\u201d. Se han hecho grandes estad\u00edsticas sobre si creer o no en la Astrolog\u00eda. A quienes nos preguntan si creemos en la Astrolog\u00eda, debemos responder: &#8211; \u00a1No! \u00a1Lo acabamos de ver! La astrolog\u00eda es una ciencia y no puede [&hellip;]\" \/>\n<meta property=\"og:url\" content=\"https:\/\/emascheville.net\/es\/fe-y-ciencia\/\" \/>\n<meta property=\"og:site_name\" content=\"Emma de Mascheville\" \/>\n<meta property=\"article:modified_time\" content=\"2022-08-02T11:40:54+00:00\" \/>\n<meta property=\"og:image\" content=\"https:\/\/emascheville.net\/wp-content\/uploads\/2022\/06\/magos2.jpg\" \/>\n<meta name=\"twitter:card\" content=\"summary_large_image\" \/>\n<meta name=\"twitter:label1\" content=\"Tiempo de lectura\" \/>\n\t<meta name=\"twitter:data1\" content=\"5 minutos\" \/>\n<script type=\"application\/ld+json\" class=\"yoast-schema-graph\">{\"@context\":\"https:\\\/\\\/schema.org\",\"@graph\":[{\"@type\":\"WebPage\",\"@id\":\"https:\\\/\\\/emascheville.net\\\/es\\\/fe-y-ciencia\\\/\",\"url\":\"https:\\\/\\\/emascheville.net\\\/es\\\/fe-y-ciencia\\\/\",\"name\":\"Fe y Ciencia - Emma de Mascheville\",\"isPartOf\":{\"@id\":\"https:\\\/\\\/emascheville.net\\\/es\\\/#website\"},\"primaryImageOfPage\":{\"@id\":\"https:\\\/\\\/emascheville.net\\\/es\\\/fe-y-ciencia\\\/#primaryimage\"},\"image\":{\"@id\":\"https:\\\/\\\/emascheville.net\\\/es\\\/fe-y-ciencia\\\/#primaryimage\"},\"thumbnailUrl\":\"https:\\\/\\\/emascheville.net\\\/wp-content\\\/uploads\\\/2022\\\/06\\\/magos2.jpg\",\"datePublished\":\"2022-08-02T11:29:53+00:00\",\"dateModified\":\"2022-08-02T11:40:54+00:00\",\"breadcrumb\":{\"@id\":\"https:\\\/\\\/emascheville.net\\\/es\\\/fe-y-ciencia\\\/#breadcrumb\"},\"inLanguage\":\"es\",\"potentialAction\":[{\"@type\":\"ReadAction\",\"target\":[\"https:\\\/\\\/emascheville.net\\\/es\\\/fe-y-ciencia\\\/\"]}]},{\"@type\":\"ImageObject\",\"inLanguage\":\"es\",\"@id\":\"https:\\\/\\\/emascheville.net\\\/es\\\/fe-y-ciencia\\\/#primaryimage\",\"url\":\"https:\\\/\\\/emascheville.net\\\/wp-content\\\/uploads\\\/2022\\\/06\\\/magos2.jpg\",\"contentUrl\":\"https:\\\/\\\/emascheville.net\\\/wp-content\\\/uploads\\\/2022\\\/06\\\/magos2.jpg\"},{\"@type\":\"BreadcrumbList\",\"@id\":\"https:\\\/\\\/emascheville.net\\\/es\\\/fe-y-ciencia\\\/#breadcrumb\",\"itemListElement\":[{\"@type\":\"ListItem\",\"position\":1,\"name\":\"In\u00edcio\",\"item\":\"https:\\\/\\\/emascheville.net\\\/es\\\/home\\\/\"},{\"@type\":\"ListItem\",\"position\":2,\"name\":\"Fe y Ciencia\"}]},{\"@type\":\"WebSite\",\"@id\":\"https:\\\/\\\/emascheville.net\\\/es\\\/#website\",\"url\":\"https:\\\/\\\/emascheville.net\\\/es\\\/\",\"name\":\"Emma de Mascheville\",\"description\":\"Vida e obra de Emma de Mascheville\",\"potentialAction\":[{\"@type\":\"SearchAction\",\"target\":{\"@type\":\"EntryPoint\",\"urlTemplate\":\"https:\\\/\\\/emascheville.net\\\/es\\\/?s={search_term_string}\"},\"query-input\":{\"@type\":\"PropertyValueSpecification\",\"valueRequired\":true,\"valueName\":\"search_term_string\"}}],\"inLanguage\":\"es\"}]}<\/script>\n<!-- \/ Yoast SEO plugin. -->","yoast_head_json":{"title":"Fe y Ciencia - Emma de Mascheville","robots":{"index":"index","follow":"follow","max-snippet":"max-snippet:-1","max-image-preview":"max-image-preview:large","max-video-preview":"max-video-preview:-1"},"canonical":"https:\/\/emascheville.net\/es\/fe-y-ciencia\/","og_locale":"es_ES","og_type":"article","og_title":"Fe y Ciencia - Emma de Mascheville","og_description":"\u00a0 Fe y Ciencia En una importante revista europea se public\u00f3 un art\u00edculo: \u201cAstrolog\u00eda: s\u00ed o no\u201d. Se han hecho grandes estad\u00edsticas sobre si creer o no en la Astrolog\u00eda. A quienes nos preguntan si creemos en la Astrolog\u00eda, debemos responder: &#8211; \u00a1No! \u00a1Lo acabamos de ver! La astrolog\u00eda es una ciencia y no puede [&hellip;]","og_url":"https:\/\/emascheville.net\/es\/fe-y-ciencia\/","og_site_name":"Emma de Mascheville","article_modified_time":"2022-08-02T11:40:54+00:00","og_image":[{"url":"https:\/\/emascheville.net\/wp-content\/uploads\/2022\/06\/magos2.jpg","type":"","width":"","height":""}],"twitter_card":"summary_large_image","twitter_misc":{"Tiempo de lectura":"5 minutos"},"schema":{"@context":"https:\/\/schema.org","@graph":[{"@type":"WebPage","@id":"https:\/\/emascheville.net\/es\/fe-y-ciencia\/","url":"https:\/\/emascheville.net\/es\/fe-y-ciencia\/","name":"Fe y Ciencia - Emma de Mascheville","isPartOf":{"@id":"https:\/\/emascheville.net\/es\/#website"},"primaryImageOfPage":{"@id":"https:\/\/emascheville.net\/es\/fe-y-ciencia\/#primaryimage"},"image":{"@id":"https:\/\/emascheville.net\/es\/fe-y-ciencia\/#primaryimage"},"thumbnailUrl":"https:\/\/emascheville.net\/wp-content\/uploads\/2022\/06\/magos2.jpg","datePublished":"2022-08-02T11:29:53+00:00","dateModified":"2022-08-02T11:40:54+00:00","breadcrumb":{"@id":"https:\/\/emascheville.net\/es\/fe-y-ciencia\/#breadcrumb"},"inLanguage":"es","potentialAction":[{"@type":"ReadAction","target":["https:\/\/emascheville.net\/es\/fe-y-ciencia\/"]}]},{"@type":"ImageObject","inLanguage":"es","@id":"https:\/\/emascheville.net\/es\/fe-y-ciencia\/#primaryimage","url":"https:\/\/emascheville.net\/wp-content\/uploads\/2022\/06\/magos2.jpg","contentUrl":"https:\/\/emascheville.net\/wp-content\/uploads\/2022\/06\/magos2.jpg"},{"@type":"BreadcrumbList","@id":"https:\/\/emascheville.net\/es\/fe-y-ciencia\/#breadcrumb","itemListElement":[{"@type":"ListItem","position":1,"name":"In\u00edcio","item":"https:\/\/emascheville.net\/es\/home\/"},{"@type":"ListItem","position":2,"name":"Fe y Ciencia"}]},{"@type":"WebSite","@id":"https:\/\/emascheville.net\/es\/#website","url":"https:\/\/emascheville.net\/es\/","name":"Emma de Mascheville","description":"Vida e obra de Emma de Mascheville","potentialAction":[{"@type":"SearchAction","target":{"@type":"EntryPoint","urlTemplate":"https:\/\/emascheville.net\/es\/?s={search_term_string}"},"query-input":{"@type":"PropertyValueSpecification","valueRequired":true,"valueName":"search_term_string"}}],"inLanguage":"es"}]}},"_links":{"self":[{"href":"https:\/\/emascheville.net\/es\/wp-json\/wp\/v2\/pages\/1920","targetHints":{"allow":["GET"]}}],"collection":[{"href":"https:\/\/emascheville.net\/es\/wp-json\/wp\/v2\/pages"}],"about":[{"href":"https:\/\/emascheville.net\/es\/wp-json\/wp\/v2\/types\/page"}],"author":[{"embeddable":true,"href":"https:\/\/emascheville.net\/es\/wp-json\/wp\/v2\/users\/1"}],"replies":[{"embeddable":true,"href":"https:\/\/emascheville.net\/es\/wp-json\/wp\/v2\/comments?post=1920"}],"version-history":[{"count":0,"href":"https:\/\/emascheville.net\/es\/wp-json\/wp\/v2\/pages\/1920\/revisions"}],"wp:attachment":[{"href":"https:\/\/emascheville.net\/es\/wp-json\/wp\/v2\/media?parent=1920"}],"curies":[{"name":"wp","href":"https:\/\/api.w.org\/{rel}","templated":true}]}}