{"id":1857,"date":"2022-08-01T21:01:03","date_gmt":"2022-08-01T21:01:03","guid":{"rendered":"https:\/\/emascheville.net\/?page_id=1857"},"modified":"2022-08-01T21:17:48","modified_gmt":"2022-08-01T21:17:48","slug":"saturno","status":"publish","type":"page","link":"https:\/\/emascheville.net\/es\/saturno\/","title":{"rendered":"Saturno"},"content":{"rendered":"\t\t<div data-elementor-type=\"wp-page\" data-elementor-id=\"1857\" class=\"elementor elementor-1857\">\n\t\t\t\t\t\t<section class=\"elementor-section elementor-top-section elementor-element elementor-element-0d51e9e elementor-section-boxed elementor-section-height-default elementor-section-height-default\" data-id=\"0d51e9e\" data-element_type=\"section\" data-e-type=\"section\" data-settings=\"{&quot;background_background&quot;:&quot;classic&quot;}\">\n\t\t\t\t\t\t<div class=\"elementor-container elementor-column-gap-default\">\n\t\t\t\t\t<div class=\"elementor-column elementor-col-100 elementor-top-column elementor-element elementor-element-c8afd79\" data-id=\"c8afd79\" data-element_type=\"column\" data-e-type=\"column\">\n\t\t\t<div class=\"elementor-widget-wrap elementor-element-populated\">\n\t\t\t\t\t\t<div class=\"elementor-element elementor-element-be56fa7 elementor-widget elementor-widget-text-editor\" data-id=\"be56fa7\" data-element_type=\"widget\" data-e-type=\"widget\" data-widget_type=\"text-editor.default\">\n\t\t\t\t<div class=\"elementor-widget-container\">\n\t\t\t\t\t\t\t\t\t<p><span style=\"font-size: 14pt;\"><strong>\u00a0<\/strong><\/span><\/p><p><span style=\"font-size: 14pt;\"><strong>No hables mal de Saturno<\/strong><\/span><\/p>\t\t\t\t\t\t\t\t<\/div>\n\t\t\t\t<\/div>\n\t\t\t\t\t<\/div>\n\t\t<\/div>\n\t\t\t\t\t<\/div>\n\t\t<\/section>\n\t\t\t\t<section class=\"elementor-section elementor-top-section elementor-element elementor-element-9aea1be elementor-section-boxed elementor-section-height-default elementor-section-height-default\" data-id=\"9aea1be\" data-element_type=\"section\" data-e-type=\"section\" data-settings=\"{&quot;background_background&quot;:&quot;classic&quot;}\">\n\t\t\t\t\t\t<div class=\"elementor-container elementor-column-gap-default\">\n\t\t\t\t\t<div class=\"elementor-column elementor-col-100 elementor-top-column elementor-element elementor-element-31aa7c2\" data-id=\"31aa7c2\" data-element_type=\"column\" data-e-type=\"column\">\n\t\t\t<div class=\"elementor-widget-wrap elementor-element-populated\">\n\t\t\t\t\t\t<div class=\"elementor-element elementor-element-40e7685 elementor-widget elementor-widget-text-editor\" data-id=\"40e7685\" data-element_type=\"widget\" data-e-type=\"widget\" data-widget_type=\"text-editor.default\">\n\t\t\t\t<div class=\"elementor-widget-container\">\n\t\t\t\t\t\t\t\t\t<p>\u201cLa cuesti\u00f3n a la que debe enfrentarse cualquier interesado en la Astrolog\u00eda es la cuesti\u00f3n del Bien y del Mal. Al principio, a todos les preocupa si su planeta regente es ben\u00e9fico o mal\u00e9fico, si el signo zodiacal es favorable o desfavorable.<\/p><p>Si queremos obtener alg\u00fan beneficio de estos estudios, debemos eliminar todos estos prejuicios desde el principio.<\/p><p>\u00bfC\u00f3mo podr\u00eda ser posible que el Creador, en su Sabidur\u00eda, pudiera haber creado por encima y alrededor de nosotros fuerzas y radiaciones a las que estar\u00edamos sujetos al mal, solo para ser condenados por el Omnijusto?<\/p><p>Toda la creaci\u00f3n habla del Creador, y porque est\u00e1 en la naturaleza, expresa Su Sabidur\u00eda. Nuestro fracaso en comprender las leyes Divinas de la Naturaleza, nuestra lucha contra Su Sabidur\u00eda, es lo que causa nuestro sufrimiento, no los planetas o los signos zodiacales.<\/p><p>Todos ellos producen en nosotros, energ\u00edas y vibraciones que alimentan diferentes cualidades y virtudes. Tomemos por ejemplo, a Marte y Saturno, los m\u00e1s vilipendiados. \u00a1Marte, en parte, se considera un planeta m\u00e1s evolucionado que la Tierra! Si es m\u00e1s evolucionado que nosotros, \u00bfpor qu\u00e9 su vibraci\u00f3n ser\u00e1 de violencia, ira y odio?<\/p>\t\t\t\t\t\t\t\t<\/div>\n\t\t\t\t<\/div>\n\t\t\t\t\t<\/div>\n\t\t<\/div>\n\t\t\t\t\t<\/div>\n\t\t<\/section>\n\t\t\t\t<section class=\"elementor-section elementor-top-section elementor-element elementor-element-61e38d7 elementor-section-boxed elementor-section-height-default elementor-section-height-default\" data-id=\"61e38d7\" data-element_type=\"section\" data-e-type=\"section\" data-settings=\"{&quot;background_background&quot;:&quot;classic&quot;}\">\n\t\t\t\t\t\t<div class=\"elementor-container elementor-column-gap-default\">\n\t\t\t\t\t<div class=\"elementor-column elementor-col-100 elementor-top-column elementor-element elementor-element-44ba3ba\" data-id=\"44ba3ba\" data-element_type=\"column\" data-e-type=\"column\">\n\t\t\t<div class=\"elementor-widget-wrap elementor-element-populated\">\n\t\t\t\t\t\t<div class=\"elementor-element elementor-element-b1247f2 elementor-widget elementor-widget-text-editor\" data-id=\"b1247f2\" data-element_type=\"widget\" data-e-type=\"widget\" data-widget_type=\"text-editor.default\">\n\t\t\t\t<div class=\"elementor-widget-container\">\n\t\t\t\t\t\t\t\t\t<p>Analizando la capacidad de energ\u00eda, coraje, fuerza de voluntad, seg\u00fan la posici\u00f3n del planeta Marte, en los hor\u00f3scopos, veremos en efecto que el coraje y la energ\u00eda se clasifican seg\u00fan la intensidad de la influencia de Marte. Pero, si el hombre utiliza esta energ\u00eda recibida, donada, con fines de ego\u00edsmo, egocentrismo, provocando peleas, guerras y violencia, o no controlando la energ\u00eda, distorsion\u00e1ndola en pasiones, \u00bfqui\u00e9n tiene la culpa? \u00bfMarte o el hombre?<\/p><p>\u00bfNo ha recibido el hombre, con la Chispa Divina, conciencia?<\/p><p>\u00bfNo se aplica el derecho y el deber de dominar la naturaleza no solo al disfrute de la naturaleza debajo de nosotros, sino tambi\u00e9n a las energ\u00edas dentro de nosotros?<\/p><p>En el caso de \u00e9pocas de guerras se notaron las influencias negativas de Marte.<\/p><p>Es decir, la influencia de Marte no pudo ser afinada por la humanidad y, a falta de recibir el est\u00edmulo de energ\u00eda que viene de Arriba, el hombre muestra toda su falta de dominio de la energ\u00eda, que fluye por la agresividad.<\/p><p>Aunque por la marcha de los planetas podemos calcular cu\u00e1ndo se procesa en nosotros esta debilidad humana, no culpemos al planeta de la imperfecci\u00f3n.<\/p><p>En agosto de 1956 hubo un acercamiento cercano a Marte, que brill\u00f3 m\u00e1s que Venus en sus mejores d\u00edas. El pueblo acechaba y difund\u00eda rumores sobre el mal augurio de este fen\u00f3meno celeste, y en aquella oportunidad escrib\u00ed el siguiente art\u00edculo:<\/p><p>\u201c\u00a1Miremos con confianza las maravillas del cielo, que est\u00e1n sobre nosotros, y busquemos controlar y entender la raz\u00f3n de nuestra propia imperfecci\u00f3n!\u201d<\/p><p>Dice tambi\u00e9n Paracelso cuando defiende al m\u00e1s hermoso de los planetas, que con su anillo resplandeciente gira majestuosamente alrededor del Sol:<\/p><p>\u201cTodo el que se interesa por la Astronom\u00eda busca dirigir el telescopio para admirar esta belleza sideral y nosotros, en Astrolog\u00eda, lo difamamos por ser el origen de nuestra cruz, de nuestros pesos y obst\u00e1culos\u201d.<\/p><p>\u00bfEs posible que un planeta irradie, en un mismo momento, vibraciones completamente opuestas, provocando una reacci\u00f3n de fe, confianza, fidelidad, sinceridad, seguridad de algunos y escepticismo, desconfianza, frialdad de sentimientos y pesimismo en el pr\u00f3jimo? Si es as\u00ed, la reacci\u00f3n provocada por la vibraci\u00f3n externa no est\u00e1 en el mal del planeta radiante, sino en el grado de capacidad de sintonizaci\u00f3n del hombre. Y esto es lo que expresa Paracelso, cuando declara:<\/p><p>\u00abNo es el Saturno sobre nosotros, sino el Saturno dentro de nosotros, el que nos atormenta\u00bb.<\/p><p>Por \u201cSaturno dentro de nosotros\u201d quiere decir: nuestra falta de fe, inexperiencia, desconfianza.<\/p><p>De hecho, la vibraci\u00f3n de Saturno despierta en nosotros la capacidad de hacer uso de lo que hemos conquistado con nuestro propio esfuerzo, para nosotros o para nuestros antepasados, la capacidad de profundizar y experimentar, de recordar la Sabidur\u00eda que cada prueba, cada cruz que se impuso conducen al progreso ya la evoluci\u00f3n, la capacidad de comprender que \u201cni un pelo de nuestra cabeza sin la Voluntad del Padre\u201d.<\/p><p>En tales casos, se desarrolla la vibraci\u00f3n de Saturno de fe, confianza, constancia, fidelidad, sentido del deber y responsabilidad y la cruz se vuelve m\u00e1s ligera.<\/p><p>Hay estados de \u00e1nimo y estados de \u00e1nimo, donde en el pasado, recordamos lo que fue dif\u00edcil, lo que sentimos que no merec\u00edamos. Como resultado, enfrentamos las situaciones con miedo, desconfianza, angustia, depresi\u00f3n, pesimismo, falta de fe y la misma cruz se hace pesada.<\/p><p>A simple vista, con nuestra visi\u00f3n humana, solo podemos ver siete cuerpos celestes en el sistema solar. Saturno es el \u00faltimo escal\u00f3n en la escala planetaria visible antes de los planetas invisibles que comienzan con Urano.<\/p><p>Saturno es el planeta que despierta en nosotros la evidencia, que en la escala de la evoluci\u00f3n, nos lleva de lo visible a lo invisible. Es el maestro del colegio al que nos tenemos que enfrentar para pasar de primaria a secundaria.<\/p><p>El que ha razonado, el que ha profundizado, el que ha superado las pruebas del pasado, las afronta (las pruebas de Saturno) con alegr\u00eda, amando a su examinador. Los que no supieron llegar a la fe y la confianza en sus corazones, sienten angustia y miedo en presencia del maestro de escuela.<\/p><p>Si en las vibraciones negativas de Saturno a\u00fan sentimos desconfianza, pesimismo, angustia, remordimiento o dolor, es se\u00f1al de que nuestra Fe a\u00fan es d\u00e9bil, o que a\u00fan hay algo que redimir.<\/p><p>Tomemos los anillos de Saturno como s\u00edmbolo de un mundo partido en dos:<\/p><p style=\"text-align: center;\">Concreto abstracto<br \/>Visible invisible<br \/>Ciencia &#8211; Fe<\/p><p>Para pasar de una parte a la otra, es necesario rodearse de esa banda luminosa de la fe, que resulta del conocimiento del pasado.<\/p><p>Saturno es el gran contador del pasado que hace fundar el futuro, que de la fe en la experiencia y el dolor visible conduce a la ciencia de la fuerza de lo invisible, y de la ciencia de lo visible da a luz la fe en lo invisible.<\/p><p>Si a\u00fan no sientes la sabidur\u00eda y la confianza que provienen de la fe, si a\u00fan no tienes la banda luminosa de Saturno, no es culpa de \u00e9l\u201d.<\/p><p style=\"text-align: right;\"><em>Emma de Mascheville<\/em><\/p>\t\t\t\t\t\t\t\t<\/div>\n\t\t\t\t<\/div>\n\t\t\t\t\t<\/div>\n\t\t<\/div>\n\t\t\t\t\t<\/div>\n\t\t<\/section>\n\t\t\t\t<section class=\"elementor-section elementor-top-section elementor-element elementor-element-813a43e elementor-section-boxed elementor-section-height-default elementor-section-height-default\" data-id=\"813a43e\" data-element_type=\"section\" data-e-type=\"section\" data-settings=\"{&quot;background_background&quot;:&quot;classic&quot;}\">\n\t\t\t\t\t\t<div class=\"elementor-container elementor-column-gap-default\">\n\t\t\t\t\t<div class=\"elementor-column elementor-col-100 elementor-top-column elementor-element elementor-element-835b170\" data-id=\"835b170\" data-element_type=\"column\" data-e-type=\"column\">\n\t\t\t<div class=\"elementor-widget-wrap elementor-element-populated\">\n\t\t\t\t\t\t<div class=\"elementor-element elementor-element-c906419 elementor-widget elementor-widget-image\" data-id=\"c906419\" data-element_type=\"widget\" data-e-type=\"widget\" data-widget_type=\"image.default\">\n\t\t\t\t<div class=\"elementor-widget-container\">\n\t\t\t\t\t\t\t\t\t\t\t\t\t\t\t<img decoding=\"async\" width=\"100\" height=\"97\" src=\"https:\/\/emascheville.net\/wp-content\/uploads\/2022\/07\/logo_aquario_azulp.jpg\" class=\"attachment-large size-large wp-image-1515\" alt=\"\" \/>\t\t\t\t\t\t\t\t\t\t\t\t\t\t\t<\/div>\n\t\t\t\t<\/div>\n\t\t\t\t\t<\/div>\n\t\t<\/div>\n\t\t\t\t\t<\/div>\n\t\t<\/section>\n\t\t\t\t<section class=\"elementor-section elementor-top-section elementor-element elementor-element-a621878 elementor-section-boxed elementor-section-height-default elementor-section-height-default\" data-id=\"a621878\" data-element_type=\"section\" data-e-type=\"section\" data-settings=\"{&quot;background_background&quot;:&quot;classic&quot;}\">\n\t\t\t\t\t\t<div class=\"elementor-container elementor-column-gap-default\">\n\t\t\t\t\t<div class=\"elementor-column elementor-col-100 elementor-top-column elementor-element elementor-element-0d43fda\" data-id=\"0d43fda\" data-element_type=\"column\" data-e-type=\"column\">\n\t\t\t<div class=\"elementor-widget-wrap elementor-element-populated\">\n\t\t\t\t\t\t<div class=\"elementor-element elementor-element-f466db0 elementor-widget elementor-widget-spacer\" data-id=\"f466db0\" data-element_type=\"widget\" data-e-type=\"widget\" data-widget_type=\"spacer.default\">\n\t\t\t\t<div class=\"elementor-widget-container\">\n\t\t\t\t\t\t\t<div class=\"elementor-spacer\">\n\t\t\t<div class=\"elementor-spacer-inner\"><\/div>\n\t\t<\/div>\n\t\t\t\t\t\t<\/div>\n\t\t\t\t<\/div>\n\t\t\t\t\t<\/div>\n\t\t<\/div>\n\t\t\t\t\t<\/div>\n\t\t<\/section>\n\t\t\t\t<section class=\"elementor-section elementor-top-section elementor-element elementor-element-e773623 elementor-section-boxed elementor-section-height-default elementor-section-height-default\" data-id=\"e773623\" data-element_type=\"section\" data-e-type=\"section\" data-settings=\"{&quot;background_background&quot;:&quot;classic&quot;}\">\n\t\t\t\t\t\t<div class=\"elementor-container elementor-column-gap-default\">\n\t\t\t\t\t<div class=\"elementor-column elementor-col-100 elementor-top-column elementor-element elementor-element-3b2d553\" data-id=\"3b2d553\" data-element_type=\"column\" data-e-type=\"column\">\n\t\t\t<div class=\"elementor-widget-wrap elementor-element-populated\">\n\t\t\t\t\t\t<div class=\"elementor-element elementor-element-74e906d elementor-widget elementor-widget-spacer\" data-id=\"74e906d\" data-element_type=\"widget\" data-e-type=\"widget\" data-widget_type=\"spacer.default\">\n\t\t\t\t<div class=\"elementor-widget-container\">\n\t\t\t\t\t\t\t<div class=\"elementor-spacer\">\n\t\t\t<div class=\"elementor-spacer-inner\"><\/div>\n\t\t<\/div>\n\t\t\t\t\t\t<\/div>\n\t\t\t\t<\/div>\n\t\t\t\t\t<\/div>\n\t\t<\/div>\n\t\t\t\t\t<\/div>\n\t\t<\/section>\n\t\t\t\t<\/div>\n\t\t","protected":false},"excerpt":{"rendered":"<p>\u00a0 No hables mal de Saturno \u201cLa cuesti\u00f3n a la que debe enfrentarse cualquier interesado en la Astrolog\u00eda es la cuesti\u00f3n del Bien y del Mal. Al principio, a todos les preocupa si su planeta regente es ben\u00e9fico o mal\u00e9fico, si el signo zodiacal es favorable o desfavorable. Si queremos obtener alg\u00fan beneficio de estos [&hellip;]<\/p>\n","protected":false},"author":1,"featured_media":0,"parent":0,"menu_order":0,"comment_status":"closed","ping_status":"closed","template":"","meta":{"site-sidebar-layout":"no-sidebar","site-content-layout":"page-builder","ast-site-content-layout":"","site-content-style":"default","site-sidebar-style":"default","ast-global-header-display":"","ast-banner-title-visibility":"","ast-main-header-display":"","ast-hfb-above-header-display":"","ast-hfb-below-header-display":"","ast-hfb-mobile-header-display":"","site-post-title":"disabled","ast-breadcrumbs-content":"","ast-featured-img":"disabled","footer-sml-layout":"","theme-transparent-header-meta":"default","adv-header-id-meta":"","stick-header-meta":"","header-above-stick-meta":"","header-main-stick-meta":"","header-below-stick-meta":"","astra-migrate-meta-layouts":"default","ast-page-background-enabled":"default","ast-page-background-meta":{"desktop":{"background-color":"","background-image":"","background-repeat":"repeat","background-position":"center center","background-size":"auto","background-attachment":"scroll","background-type":"","background-media":"","overlay-type":"","overlay-color":"","overlay-opacity":"","overlay-gradient":""},"tablet":{"background-color":"","background-image":"","background-repeat":"repeat","background-position":"center center","background-size":"auto","background-attachment":"scroll","background-type":"","background-media":"","overlay-type":"","overlay-color":"","overlay-opacity":"","overlay-gradient":""},"mobile":{"background-color":"","background-image":"","background-repeat":"repeat","background-position":"center center","background-size":"auto","background-attachment":"scroll","background-type":"","background-media":"","overlay-type":"","overlay-color":"","overlay-opacity":"","overlay-gradient":""}},"ast-content-background-meta":{"desktop":{"background-color":"var(--ast-global-color-5)","background-image":"","background-repeat":"repeat","background-position":"center center","background-size":"auto","background-attachment":"scroll","background-type":"","background-media":"","overlay-type":"","overlay-color":"","overlay-opacity":"","overlay-gradient":""},"tablet":{"background-color":"var(--ast-global-color-5)","background-image":"","background-repeat":"repeat","background-position":"center center","background-size":"auto","background-attachment":"scroll","background-type":"","background-media":"","overlay-type":"","overlay-color":"","overlay-opacity":"","overlay-gradient":""},"mobile":{"background-color":"var(--ast-global-color-5)","background-image":"","background-repeat":"repeat","background-position":"center center","background-size":"auto","background-attachment":"scroll","background-type":"","background-media":"","overlay-type":"","overlay-color":"","overlay-opacity":"","overlay-gradient":""}},"footnotes":""},"class_list":["post-1857","page","type-page","status-publish","hentry"],"yoast_head":"<!-- This site is optimized with the Yoast SEO plugin v27.5 - https:\/\/yoast.com\/product\/yoast-seo-wordpress\/ -->\n<title>Saturno - Emma de Mascheville<\/title>\n<meta name=\"robots\" content=\"index, follow, max-snippet:-1, max-image-preview:large, max-video-preview:-1\" \/>\n<link rel=\"canonical\" href=\"https:\/\/emascheville.net\/es\/saturno\/\" \/>\n<meta property=\"og:locale\" content=\"es_ES\" \/>\n<meta property=\"og:type\" content=\"article\" \/>\n<meta property=\"og:title\" content=\"Saturno - Emma de Mascheville\" \/>\n<meta property=\"og:description\" content=\"\u00a0 No hables mal de Saturno \u201cLa cuesti\u00f3n a la que debe enfrentarse cualquier interesado en la Astrolog\u00eda es la cuesti\u00f3n del Bien y del Mal. Al principio, a todos les preocupa si su planeta regente es ben\u00e9fico o mal\u00e9fico, si el signo zodiacal es favorable o desfavorable. Si queremos obtener alg\u00fan beneficio de estos [&hellip;]\" \/>\n<meta property=\"og:url\" content=\"https:\/\/emascheville.net\/es\/saturno\/\" \/>\n<meta property=\"og:site_name\" content=\"Emma de Mascheville\" \/>\n<meta property=\"article:modified_time\" content=\"2022-08-01T21:17:48+00:00\" \/>\n<meta property=\"og:image\" content=\"https:\/\/emascheville.net\/wp-content\/uploads\/2022\/07\/logo_aquario_azulp.jpg\" \/>\n<meta name=\"twitter:card\" content=\"summary_large_image\" \/>\n<meta name=\"twitter:label1\" content=\"Tiempo de lectura\" \/>\n\t<meta name=\"twitter:data1\" content=\"5 minutos\" \/>\n<script type=\"application\/ld+json\" class=\"yoast-schema-graph\">{\"@context\":\"https:\\\/\\\/schema.org\",\"@graph\":[{\"@type\":\"WebPage\",\"@id\":\"https:\\\/\\\/emascheville.net\\\/es\\\/saturno\\\/\",\"url\":\"https:\\\/\\\/emascheville.net\\\/es\\\/saturno\\\/\",\"name\":\"Saturno - Emma de Mascheville\",\"isPartOf\":{\"@id\":\"https:\\\/\\\/emascheville.net\\\/es\\\/#website\"},\"primaryImageOfPage\":{\"@id\":\"https:\\\/\\\/emascheville.net\\\/es\\\/saturno\\\/#primaryimage\"},\"image\":{\"@id\":\"https:\\\/\\\/emascheville.net\\\/es\\\/saturno\\\/#primaryimage\"},\"thumbnailUrl\":\"https:\\\/\\\/emascheville.net\\\/wp-content\\\/uploads\\\/2022\\\/07\\\/logo_aquario_azulp.jpg\",\"datePublished\":\"2022-08-01T21:01:03+00:00\",\"dateModified\":\"2022-08-01T21:17:48+00:00\",\"breadcrumb\":{\"@id\":\"https:\\\/\\\/emascheville.net\\\/es\\\/saturno\\\/#breadcrumb\"},\"inLanguage\":\"es\",\"potentialAction\":[{\"@type\":\"ReadAction\",\"target\":[\"https:\\\/\\\/emascheville.net\\\/es\\\/saturno\\\/\"]}]},{\"@type\":\"ImageObject\",\"inLanguage\":\"es\",\"@id\":\"https:\\\/\\\/emascheville.net\\\/es\\\/saturno\\\/#primaryimage\",\"url\":\"https:\\\/\\\/emascheville.net\\\/wp-content\\\/uploads\\\/2022\\\/07\\\/logo_aquario_azulp.jpg\",\"contentUrl\":\"https:\\\/\\\/emascheville.net\\\/wp-content\\\/uploads\\\/2022\\\/07\\\/logo_aquario_azulp.jpg\"},{\"@type\":\"BreadcrumbList\",\"@id\":\"https:\\\/\\\/emascheville.net\\\/es\\\/saturno\\\/#breadcrumb\",\"itemListElement\":[{\"@type\":\"ListItem\",\"position\":1,\"name\":\"In\u00edcio\",\"item\":\"https:\\\/\\\/emascheville.net\\\/es\\\/home\\\/\"},{\"@type\":\"ListItem\",\"position\":2,\"name\":\"Saturno\"}]},{\"@type\":\"WebSite\",\"@id\":\"https:\\\/\\\/emascheville.net\\\/es\\\/#website\",\"url\":\"https:\\\/\\\/emascheville.net\\\/es\\\/\",\"name\":\"Emma de Mascheville\",\"description\":\"Vida e obra de Emma de Mascheville\",\"potentialAction\":[{\"@type\":\"SearchAction\",\"target\":{\"@type\":\"EntryPoint\",\"urlTemplate\":\"https:\\\/\\\/emascheville.net\\\/es\\\/?s={search_term_string}\"},\"query-input\":{\"@type\":\"PropertyValueSpecification\",\"valueRequired\":true,\"valueName\":\"search_term_string\"}}],\"inLanguage\":\"es\"}]}<\/script>\n<!-- \/ Yoast SEO plugin. -->","yoast_head_json":{"title":"Saturno - Emma de Mascheville","robots":{"index":"index","follow":"follow","max-snippet":"max-snippet:-1","max-image-preview":"max-image-preview:large","max-video-preview":"max-video-preview:-1"},"canonical":"https:\/\/emascheville.net\/es\/saturno\/","og_locale":"es_ES","og_type":"article","og_title":"Saturno - Emma de Mascheville","og_description":"\u00a0 No hables mal de Saturno \u201cLa cuesti\u00f3n a la que debe enfrentarse cualquier interesado en la Astrolog\u00eda es la cuesti\u00f3n del Bien y del Mal. Al principio, a todos les preocupa si su planeta regente es ben\u00e9fico o mal\u00e9fico, si el signo zodiacal es favorable o desfavorable. Si queremos obtener alg\u00fan beneficio de estos [&hellip;]","og_url":"https:\/\/emascheville.net\/es\/saturno\/","og_site_name":"Emma de Mascheville","article_modified_time":"2022-08-01T21:17:48+00:00","og_image":[{"url":"https:\/\/emascheville.net\/wp-content\/uploads\/2022\/07\/logo_aquario_azulp.jpg","type":"","width":"","height":""}],"twitter_card":"summary_large_image","twitter_misc":{"Tiempo de lectura":"5 minutos"},"schema":{"@context":"https:\/\/schema.org","@graph":[{"@type":"WebPage","@id":"https:\/\/emascheville.net\/es\/saturno\/","url":"https:\/\/emascheville.net\/es\/saturno\/","name":"Saturno - Emma de Mascheville","isPartOf":{"@id":"https:\/\/emascheville.net\/es\/#website"},"primaryImageOfPage":{"@id":"https:\/\/emascheville.net\/es\/saturno\/#primaryimage"},"image":{"@id":"https:\/\/emascheville.net\/es\/saturno\/#primaryimage"},"thumbnailUrl":"https:\/\/emascheville.net\/wp-content\/uploads\/2022\/07\/logo_aquario_azulp.jpg","datePublished":"2022-08-01T21:01:03+00:00","dateModified":"2022-08-01T21:17:48+00:00","breadcrumb":{"@id":"https:\/\/emascheville.net\/es\/saturno\/#breadcrumb"},"inLanguage":"es","potentialAction":[{"@type":"ReadAction","target":["https:\/\/emascheville.net\/es\/saturno\/"]}]},{"@type":"ImageObject","inLanguage":"es","@id":"https:\/\/emascheville.net\/es\/saturno\/#primaryimage","url":"https:\/\/emascheville.net\/wp-content\/uploads\/2022\/07\/logo_aquario_azulp.jpg","contentUrl":"https:\/\/emascheville.net\/wp-content\/uploads\/2022\/07\/logo_aquario_azulp.jpg"},{"@type":"BreadcrumbList","@id":"https:\/\/emascheville.net\/es\/saturno\/#breadcrumb","itemListElement":[{"@type":"ListItem","position":1,"name":"In\u00edcio","item":"https:\/\/emascheville.net\/es\/home\/"},{"@type":"ListItem","position":2,"name":"Saturno"}]},{"@type":"WebSite","@id":"https:\/\/emascheville.net\/es\/#website","url":"https:\/\/emascheville.net\/es\/","name":"Emma de Mascheville","description":"Vida e obra de Emma de Mascheville","potentialAction":[{"@type":"SearchAction","target":{"@type":"EntryPoint","urlTemplate":"https:\/\/emascheville.net\/es\/?s={search_term_string}"},"query-input":{"@type":"PropertyValueSpecification","valueRequired":true,"valueName":"search_term_string"}}],"inLanguage":"es"}]}},"_links":{"self":[{"href":"https:\/\/emascheville.net\/es\/wp-json\/wp\/v2\/pages\/1857","targetHints":{"allow":["GET"]}}],"collection":[{"href":"https:\/\/emascheville.net\/es\/wp-json\/wp\/v2\/pages"}],"about":[{"href":"https:\/\/emascheville.net\/es\/wp-json\/wp\/v2\/types\/page"}],"author":[{"embeddable":true,"href":"https:\/\/emascheville.net\/es\/wp-json\/wp\/v2\/users\/1"}],"replies":[{"embeddable":true,"href":"https:\/\/emascheville.net\/es\/wp-json\/wp\/v2\/comments?post=1857"}],"version-history":[{"count":0,"href":"https:\/\/emascheville.net\/es\/wp-json\/wp\/v2\/pages\/1857\/revisions"}],"wp:attachment":[{"href":"https:\/\/emascheville.net\/es\/wp-json\/wp\/v2\/media?parent=1857"}],"curies":[{"name":"wp","href":"https:\/\/api.w.org\/{rel}","templated":true}]}}