{"id":1852,"date":"2022-08-01T20:58:46","date_gmt":"2022-08-01T20:58:46","guid":{"rendered":"https:\/\/emascheville.net\/?page_id=1852"},"modified":"2022-08-01T21:08:29","modified_gmt":"2022-08-01T21:08:29","slug":"1-padrao","status":"publish","type":"page","link":"https:\/\/emascheville.net\/es\/1-padrao\/","title":{"rendered":"Astrolog\u00eda Esencial vs Astrolog\u00eda Accidental"},"content":{"rendered":"\t\t<div data-elementor-type=\"wp-page\" data-elementor-id=\"1852\" class=\"elementor elementor-1852\">\n\t\t\t\t\t\t<section class=\"elementor-section elementor-top-section elementor-element elementor-element-0d51e9e elementor-section-boxed elementor-section-height-default elementor-section-height-default\" data-id=\"0d51e9e\" data-element_type=\"section\" data-e-type=\"section\" data-settings=\"{&quot;background_background&quot;:&quot;classic&quot;}\">\n\t\t\t\t\t\t<div class=\"elementor-container elementor-column-gap-default\">\n\t\t\t\t\t<div class=\"elementor-column elementor-col-100 elementor-top-column elementor-element elementor-element-c8afd79\" data-id=\"c8afd79\" data-element_type=\"column\" data-e-type=\"column\">\n\t\t\t<div class=\"elementor-widget-wrap elementor-element-populated\">\n\t\t\t\t\t\t<div class=\"elementor-element elementor-element-be56fa7 elementor-widget elementor-widget-text-editor\" data-id=\"be56fa7\" data-element_type=\"widget\" data-e-type=\"widget\" data-widget_type=\"text-editor.default\">\n\t\t\t\t<div class=\"elementor-widget-container\">\n\t\t\t\t\t\t\t\t\t<p><span style=\"font-size: 14pt;\"><strong>\u00a0<\/strong><\/span><\/p><p><strong><span style=\"font-size: 14pt;\">Astrolog\u00eda Esencial X Astrolog\u00eda Accidental<\/span><\/strong><\/p>\t\t\t\t\t\t\t\t<\/div>\n\t\t\t\t<\/div>\n\t\t\t\t\t<\/div>\n\t\t<\/div>\n\t\t\t\t\t<\/div>\n\t\t<\/section>\n\t\t\t\t<section class=\"elementor-section elementor-top-section elementor-element elementor-element-9aea1be elementor-section-boxed elementor-section-height-default elementor-section-height-default\" data-id=\"9aea1be\" data-element_type=\"section\" data-e-type=\"section\" data-settings=\"{&quot;background_background&quot;:&quot;classic&quot;}\">\n\t\t\t\t\t\t<div class=\"elementor-container elementor-column-gap-default\">\n\t\t\t\t\t<div class=\"elementor-column elementor-col-100 elementor-top-column elementor-element elementor-element-31aa7c2\" data-id=\"31aa7c2\" data-element_type=\"column\" data-e-type=\"column\">\n\t\t\t<div class=\"elementor-widget-wrap elementor-element-populated\">\n\t\t\t\t\t\t<div class=\"elementor-element elementor-element-40e7685 elementor-widget elementor-widget-text-editor\" data-id=\"40e7685\" data-element_type=\"widget\" data-e-type=\"widget\" data-widget_type=\"text-editor.default\">\n\t\t\t\t<div class=\"elementor-widget-container\">\n\t\t\t\t\t\t\t\t\t<p>En palabras de la Sra. Emy:<\/p><p>\u201cHay dos puntos de vista en Astrolog\u00eda: la Esencia de la Vida y los Accidentes de la Vida. La Esencia de la Vida es lo que trato de ense\u00f1ar: la Perfecta Vida Divina existente por la Luz en cada ser; donde cada uno tiene una misi\u00f3n esencial en la realizaci\u00f3n de esta fase existencial que es Actuar (Ascendente), Pensar (Sol), Sentir (Luna) y Ejecutar (Medio cielo). \u00a1Esto es esencial! Cuando una persona llega a comprender el equilibrio y la fuerza que existe en toda esta Fuerza Divina, tomando conciencia de ella, nada m\u00e1s la aflige ni la asusta, y siente dentro de s\u00ed la fuerza que el Creador le dio a cada criatura. Esto es lo m\u00e1s importante: lo esencial que debemos conocer en todo ni\u00f1o, desde su primer aliento.<\/p><p>Pero tambi\u00e9n est\u00e1n los Accidentes de la Vida, la Astrolog\u00eda Accidental, los acontecimientos, la forma, las clases, las luchas, las alegr\u00edas y los valores de la vida, determinados por la posici\u00f3n de los planetas en la carta natal, y que dan paso en que todo crecer\u00e1, luchar\u00e1 y madurar\u00e1 en nosotros: la forma de esta existencia.<\/p><p>Hay astr\u00f3logos que, en primer lugar, apuntan a la Esencia de la Vida con todas sus perfecciones, luchas y maduraciones y, este es el que eleg\u00ed, convencido de que el Gran Sabio Arquitecto de la Vida hizo algo muy perfecto y que su perfecci\u00f3n es en todo lo que cre\u00f3. \u00a1Esta es la convicci\u00f3n que quiero dar a todas las madres!<\/p><p>Y hay astr\u00f3logos que ven primero los aspectos de los planetas en la carta natal: Urano en cuadratura con Mercurio, Marte opuesto al Sol. Esto es Astrolog\u00eda Accidental, y eso hay que interpretarlo despu\u00e9s de conocer lo Esencial, la Fuerza del ser para crecer y madurar.<\/p><p>Personalmente, no puedo trabajar con nadie que anteponga lo accidental a lo esencial. Lo Esencial es la Fuerza Divina en la Sabidur\u00eda de la Ciencia C\u00f3smica. Lo Accidental, se llama Astrolog\u00eda Jur\u00eddica, el juicio del ser seg\u00fan nuestra \u201cmetodizaci\u00f3n de los conceptos\u201d.<\/p><p>Esta es la raz\u00f3n por la que desde Arriba dividieron a los dos. No juzgaremos, ni criticaremos, ni nos arrepentiremos\u201d.<\/p><p style=\"text-align: right;\"><em>Emma de Mascheville<\/em><\/p>\t\t\t\t\t\t\t\t<\/div>\n\t\t\t\t<\/div>\n\t\t\t\t\t<\/div>\n\t\t<\/div>\n\t\t\t\t\t<\/div>\n\t\t<\/section>\n\t\t\t\t<section class=\"elementor-section elementor-top-section elementor-element elementor-element-813a43e elementor-section-boxed elementor-section-height-default elementor-section-height-default\" data-id=\"813a43e\" data-element_type=\"section\" data-e-type=\"section\" data-settings=\"{&quot;background_background&quot;:&quot;classic&quot;}\">\n\t\t\t\t\t\t<div class=\"elementor-container elementor-column-gap-default\">\n\t\t\t\t\t<div class=\"elementor-column elementor-col-100 elementor-top-column elementor-element elementor-element-835b170\" data-id=\"835b170\" data-element_type=\"column\" data-e-type=\"column\">\n\t\t\t<div class=\"elementor-widget-wrap elementor-element-populated\">\n\t\t\t\t\t\t<div class=\"elementor-element elementor-element-c906419 elementor-widget elementor-widget-image\" data-id=\"c906419\" data-element_type=\"widget\" data-e-type=\"widget\" data-widget_type=\"image.default\">\n\t\t\t\t<div class=\"elementor-widget-container\">\n\t\t\t\t\t\t\t\t\t\t\t\t\t\t\t<img decoding=\"async\" width=\"100\" height=\"97\" src=\"https:\/\/emascheville.net\/wp-content\/uploads\/2022\/07\/logo_aquario_azulp.jpg\" class=\"attachment-large size-large wp-image-1515\" alt=\"\" \/>\t\t\t\t\t\t\t\t\t\t\t\t\t\t\t<\/div>\n\t\t\t\t<\/div>\n\t\t\t\t\t<\/div>\n\t\t<\/div>\n\t\t\t\t\t<\/div>\n\t\t<\/section>\n\t\t\t\t<section class=\"elementor-section elementor-top-section elementor-element elementor-element-a621878 elementor-section-boxed elementor-section-height-default elementor-section-height-default\" data-id=\"a621878\" data-element_type=\"section\" data-e-type=\"section\" data-settings=\"{&quot;background_background&quot;:&quot;classic&quot;}\">\n\t\t\t\t\t\t<div class=\"elementor-container elementor-column-gap-default\">\n\t\t\t\t\t<div class=\"elementor-column elementor-col-100 elementor-top-column elementor-element elementor-element-0d43fda\" data-id=\"0d43fda\" data-element_type=\"column\" data-e-type=\"column\">\n\t\t\t<div class=\"elementor-widget-wrap elementor-element-populated\">\n\t\t\t\t\t\t<div class=\"elementor-element elementor-element-f466db0 elementor-widget elementor-widget-spacer\" data-id=\"f466db0\" data-element_type=\"widget\" data-e-type=\"widget\" data-widget_type=\"spacer.default\">\n\t\t\t\t<div class=\"elementor-widget-container\">\n\t\t\t\t\t\t\t<div class=\"elementor-spacer\">\n\t\t\t<div class=\"elementor-spacer-inner\"><\/div>\n\t\t<\/div>\n\t\t\t\t\t\t<\/div>\n\t\t\t\t<\/div>\n\t\t\t\t\t<\/div>\n\t\t<\/div>\n\t\t\t\t\t<\/div>\n\t\t<\/section>\n\t\t\t\t<section class=\"elementor-section elementor-top-section elementor-element elementor-element-e773623 elementor-section-boxed elementor-section-height-default elementor-section-height-default\" data-id=\"e773623\" data-element_type=\"section\" data-e-type=\"section\" data-settings=\"{&quot;background_background&quot;:&quot;classic&quot;}\">\n\t\t\t\t\t\t<div class=\"elementor-container elementor-column-gap-default\">\n\t\t\t\t\t<div class=\"elementor-column elementor-col-100 elementor-top-column elementor-element elementor-element-3b2d553\" data-id=\"3b2d553\" data-element_type=\"column\" data-e-type=\"column\">\n\t\t\t<div class=\"elementor-widget-wrap elementor-element-populated\">\n\t\t\t\t\t\t<div class=\"elementor-element elementor-element-74e906d elementor-widget elementor-widget-spacer\" data-id=\"74e906d\" data-element_type=\"widget\" data-e-type=\"widget\" data-widget_type=\"spacer.default\">\n\t\t\t\t<div class=\"elementor-widget-container\">\n\t\t\t\t\t\t\t<div class=\"elementor-spacer\">\n\t\t\t<div class=\"elementor-spacer-inner\"><\/div>\n\t\t<\/div>\n\t\t\t\t\t\t<\/div>\n\t\t\t\t<\/div>\n\t\t\t\t\t<\/div>\n\t\t<\/div>\n\t\t\t\t\t<\/div>\n\t\t<\/section>\n\t\t\t\t<\/div>\n\t\t","protected":false},"excerpt":{"rendered":"<p>\u00a0 Astrolog\u00eda Esencial X Astrolog\u00eda Accidental En palabras de la Sra. Emy: \u201cHay dos puntos de vista en Astrolog\u00eda: la Esencia de la Vida y los Accidentes de la Vida. La Esencia de la Vida es lo que trato de ense\u00f1ar: la Perfecta Vida Divina existente por la Luz en cada ser; donde cada uno [&hellip;]<\/p>\n","protected":false},"author":1,"featured_media":0,"parent":0,"menu_order":0,"comment_status":"closed","ping_status":"closed","template":"","meta":{"site-sidebar-layout":"no-sidebar","site-content-layout":"page-builder","ast-site-content-layout":"","site-content-style":"default","site-sidebar-style":"default","ast-global-header-display":"","ast-banner-title-visibility":"","ast-main-header-display":"","ast-hfb-above-header-display":"","ast-hfb-below-header-display":"","ast-hfb-mobile-header-display":"","site-post-title":"disabled","ast-breadcrumbs-content":"","ast-featured-img":"disabled","footer-sml-layout":"","theme-transparent-header-meta":"default","adv-header-id-meta":"","stick-header-meta":"","header-above-stick-meta":"","header-main-stick-meta":"","header-below-stick-meta":"","astra-migrate-meta-layouts":"default","ast-page-background-enabled":"default","ast-page-background-meta":{"desktop":{"background-color":"","background-image":"","background-repeat":"repeat","background-position":"center center","background-size":"auto","background-attachment":"scroll","background-type":"","background-media":"","overlay-type":"","overlay-color":"","overlay-opacity":"","overlay-gradient":""},"tablet":{"background-color":"","background-image":"","background-repeat":"repeat","background-position":"center center","background-size":"auto","background-attachment":"scroll","background-type":"","background-media":"","overlay-type":"","overlay-color":"","overlay-opacity":"","overlay-gradient":""},"mobile":{"background-color":"","background-image":"","background-repeat":"repeat","background-position":"center center","background-size":"auto","background-attachment":"scroll","background-type":"","background-media":"","overlay-type":"","overlay-color":"","overlay-opacity":"","overlay-gradient":""}},"ast-content-background-meta":{"desktop":{"background-color":"var(--ast-global-color-5)","background-image":"","background-repeat":"repeat","background-position":"center center","background-size":"auto","background-attachment":"scroll","background-type":"","background-media":"","overlay-type":"","overlay-color":"","overlay-opacity":"","overlay-gradient":""},"tablet":{"background-color":"var(--ast-global-color-5)","background-image":"","background-repeat":"repeat","background-position":"center center","background-size":"auto","background-attachment":"scroll","background-type":"","background-media":"","overlay-type":"","overlay-color":"","overlay-opacity":"","overlay-gradient":""},"mobile":{"background-color":"var(--ast-global-color-5)","background-image":"","background-repeat":"repeat","background-position":"center center","background-size":"auto","background-attachment":"scroll","background-type":"","background-media":"","overlay-type":"","overlay-color":"","overlay-opacity":"","overlay-gradient":""}},"footnotes":""},"class_list":["post-1852","page","type-page","status-publish","hentry"],"yoast_head":"<!-- This site is optimized with the Yoast SEO plugin v27.5 - https:\/\/yoast.com\/product\/yoast-seo-wordpress\/ -->\n<title>Astrolog\u00eda Esencial vs Astrolog\u00eda Accidental - Emma de Mascheville<\/title>\n<meta name=\"robots\" content=\"index, follow, max-snippet:-1, max-image-preview:large, max-video-preview:-1\" \/>\n<link rel=\"canonical\" href=\"https:\/\/emascheville.net\/es\/1-padrao\/\" \/>\n<meta property=\"og:locale\" content=\"es_ES\" \/>\n<meta property=\"og:type\" content=\"article\" \/>\n<meta property=\"og:title\" content=\"Astrolog\u00eda Esencial vs Astrolog\u00eda Accidental - Emma de Mascheville\" \/>\n<meta property=\"og:description\" content=\"\u00a0 Astrolog\u00eda Esencial X Astrolog\u00eda Accidental En palabras de la Sra. Emy: \u201cHay dos puntos de vista en Astrolog\u00eda: la Esencia de la Vida y los Accidentes de la Vida. La Esencia de la Vida es lo que trato de ense\u00f1ar: la Perfecta Vida Divina existente por la Luz en cada ser; donde cada uno [&hellip;]\" \/>\n<meta property=\"og:url\" content=\"https:\/\/emascheville.net\/es\/1-padrao\/\" \/>\n<meta property=\"og:site_name\" content=\"Emma de Mascheville\" \/>\n<meta property=\"article:modified_time\" content=\"2022-08-01T21:08:29+00:00\" \/>\n<meta property=\"og:image\" content=\"https:\/\/emascheville.net\/wp-content\/uploads\/2022\/07\/logo_aquario_azulp.jpg\" \/>\n<meta name=\"twitter:card\" content=\"summary_large_image\" \/>\n<meta name=\"twitter:label1\" content=\"Tiempo de lectura\" \/>\n\t<meta name=\"twitter:data1\" content=\"2 minutos\" \/>\n<script type=\"application\/ld+json\" class=\"yoast-schema-graph\">{\"@context\":\"https:\\\/\\\/schema.org\",\"@graph\":[{\"@type\":\"WebPage\",\"@id\":\"https:\\\/\\\/emascheville.net\\\/es\\\/1-padrao\\\/\",\"url\":\"https:\\\/\\\/emascheville.net\\\/es\\\/1-padrao\\\/\",\"name\":\"Astrolog\u00eda Esencial vs Astrolog\u00eda Accidental - Emma de Mascheville\",\"isPartOf\":{\"@id\":\"https:\\\/\\\/emascheville.net\\\/es\\\/#website\"},\"primaryImageOfPage\":{\"@id\":\"https:\\\/\\\/emascheville.net\\\/es\\\/1-padrao\\\/#primaryimage\"},\"image\":{\"@id\":\"https:\\\/\\\/emascheville.net\\\/es\\\/1-padrao\\\/#primaryimage\"},\"thumbnailUrl\":\"https:\\\/\\\/emascheville.net\\\/wp-content\\\/uploads\\\/2022\\\/07\\\/logo_aquario_azulp.jpg\",\"datePublished\":\"2022-08-01T20:58:46+00:00\",\"dateModified\":\"2022-08-01T21:08:29+00:00\",\"breadcrumb\":{\"@id\":\"https:\\\/\\\/emascheville.net\\\/es\\\/1-padrao\\\/#breadcrumb\"},\"inLanguage\":\"es\",\"potentialAction\":[{\"@type\":\"ReadAction\",\"target\":[\"https:\\\/\\\/emascheville.net\\\/es\\\/1-padrao\\\/\"]}]},{\"@type\":\"ImageObject\",\"inLanguage\":\"es\",\"@id\":\"https:\\\/\\\/emascheville.net\\\/es\\\/1-padrao\\\/#primaryimage\",\"url\":\"https:\\\/\\\/emascheville.net\\\/wp-content\\\/uploads\\\/2022\\\/07\\\/logo_aquario_azulp.jpg\",\"contentUrl\":\"https:\\\/\\\/emascheville.net\\\/wp-content\\\/uploads\\\/2022\\\/07\\\/logo_aquario_azulp.jpg\"},{\"@type\":\"BreadcrumbList\",\"@id\":\"https:\\\/\\\/emascheville.net\\\/es\\\/1-padrao\\\/#breadcrumb\",\"itemListElement\":[{\"@type\":\"ListItem\",\"position\":1,\"name\":\"In\u00edcio\",\"item\":\"https:\\\/\\\/emascheville.net\\\/es\\\/home\\\/\"},{\"@type\":\"ListItem\",\"position\":2,\"name\":\"Astrolog\u00eda Esencial vs Astrolog\u00eda Accidental\"}]},{\"@type\":\"WebSite\",\"@id\":\"https:\\\/\\\/emascheville.net\\\/es\\\/#website\",\"url\":\"https:\\\/\\\/emascheville.net\\\/es\\\/\",\"name\":\"Emma de Mascheville\",\"description\":\"Vida e obra de Emma de Mascheville\",\"potentialAction\":[{\"@type\":\"SearchAction\",\"target\":{\"@type\":\"EntryPoint\",\"urlTemplate\":\"https:\\\/\\\/emascheville.net\\\/es\\\/?s={search_term_string}\"},\"query-input\":{\"@type\":\"PropertyValueSpecification\",\"valueRequired\":true,\"valueName\":\"search_term_string\"}}],\"inLanguage\":\"es\"}]}<\/script>\n<!-- \/ Yoast SEO plugin. -->","yoast_head_json":{"title":"Astrolog\u00eda Esencial vs Astrolog\u00eda Accidental - Emma de Mascheville","robots":{"index":"index","follow":"follow","max-snippet":"max-snippet:-1","max-image-preview":"max-image-preview:large","max-video-preview":"max-video-preview:-1"},"canonical":"https:\/\/emascheville.net\/es\/1-padrao\/","og_locale":"es_ES","og_type":"article","og_title":"Astrolog\u00eda Esencial vs Astrolog\u00eda Accidental - Emma de Mascheville","og_description":"\u00a0 Astrolog\u00eda Esencial X Astrolog\u00eda Accidental En palabras de la Sra. Emy: \u201cHay dos puntos de vista en Astrolog\u00eda: la Esencia de la Vida y los Accidentes de la Vida. La Esencia de la Vida es lo que trato de ense\u00f1ar: la Perfecta Vida Divina existente por la Luz en cada ser; donde cada uno [&hellip;]","og_url":"https:\/\/emascheville.net\/es\/1-padrao\/","og_site_name":"Emma de Mascheville","article_modified_time":"2022-08-01T21:08:29+00:00","og_image":[{"url":"https:\/\/emascheville.net\/wp-content\/uploads\/2022\/07\/logo_aquario_azulp.jpg","type":"","width":"","height":""}],"twitter_card":"summary_large_image","twitter_misc":{"Tiempo de lectura":"2 minutos"},"schema":{"@context":"https:\/\/schema.org","@graph":[{"@type":"WebPage","@id":"https:\/\/emascheville.net\/es\/1-padrao\/","url":"https:\/\/emascheville.net\/es\/1-padrao\/","name":"Astrolog\u00eda Esencial vs Astrolog\u00eda Accidental - Emma de Mascheville","isPartOf":{"@id":"https:\/\/emascheville.net\/es\/#website"},"primaryImageOfPage":{"@id":"https:\/\/emascheville.net\/es\/1-padrao\/#primaryimage"},"image":{"@id":"https:\/\/emascheville.net\/es\/1-padrao\/#primaryimage"},"thumbnailUrl":"https:\/\/emascheville.net\/wp-content\/uploads\/2022\/07\/logo_aquario_azulp.jpg","datePublished":"2022-08-01T20:58:46+00:00","dateModified":"2022-08-01T21:08:29+00:00","breadcrumb":{"@id":"https:\/\/emascheville.net\/es\/1-padrao\/#breadcrumb"},"inLanguage":"es","potentialAction":[{"@type":"ReadAction","target":["https:\/\/emascheville.net\/es\/1-padrao\/"]}]},{"@type":"ImageObject","inLanguage":"es","@id":"https:\/\/emascheville.net\/es\/1-padrao\/#primaryimage","url":"https:\/\/emascheville.net\/wp-content\/uploads\/2022\/07\/logo_aquario_azulp.jpg","contentUrl":"https:\/\/emascheville.net\/wp-content\/uploads\/2022\/07\/logo_aquario_azulp.jpg"},{"@type":"BreadcrumbList","@id":"https:\/\/emascheville.net\/es\/1-padrao\/#breadcrumb","itemListElement":[{"@type":"ListItem","position":1,"name":"In\u00edcio","item":"https:\/\/emascheville.net\/es\/home\/"},{"@type":"ListItem","position":2,"name":"Astrolog\u00eda Esencial vs Astrolog\u00eda Accidental"}]},{"@type":"WebSite","@id":"https:\/\/emascheville.net\/es\/#website","url":"https:\/\/emascheville.net\/es\/","name":"Emma de Mascheville","description":"Vida e obra de Emma de Mascheville","potentialAction":[{"@type":"SearchAction","target":{"@type":"EntryPoint","urlTemplate":"https:\/\/emascheville.net\/es\/?s={search_term_string}"},"query-input":{"@type":"PropertyValueSpecification","valueRequired":true,"valueName":"search_term_string"}}],"inLanguage":"es"}]}},"_links":{"self":[{"href":"https:\/\/emascheville.net\/es\/wp-json\/wp\/v2\/pages\/1852","targetHints":{"allow":["GET"]}}],"collection":[{"href":"https:\/\/emascheville.net\/es\/wp-json\/wp\/v2\/pages"}],"about":[{"href":"https:\/\/emascheville.net\/es\/wp-json\/wp\/v2\/types\/page"}],"author":[{"embeddable":true,"href":"https:\/\/emascheville.net\/es\/wp-json\/wp\/v2\/users\/1"}],"replies":[{"embeddable":true,"href":"https:\/\/emascheville.net\/es\/wp-json\/wp\/v2\/comments?post=1852"}],"version-history":[{"count":0,"href":"https:\/\/emascheville.net\/es\/wp-json\/wp\/v2\/pages\/1852\/revisions"}],"wp:attachment":[{"href":"https:\/\/emascheville.net\/es\/wp-json\/wp\/v2\/media?parent=1852"}],"curies":[{"name":"wp","href":"https:\/\/api.w.org\/{rel}","templated":true}]}}