{"id":1623,"date":"2022-07-31T11:09:41","date_gmt":"2022-07-31T11:09:41","guid":{"rendered":"https:\/\/emascheville.net\/constelaciones\/"},"modified":"2022-08-01T10:38:57","modified_gmt":"2022-08-01T10:38:57","slug":"constelaciones","status":"publish","type":"page","link":"https:\/\/emascheville.net\/es\/constelaciones\/","title":{"rendered":"Constelaciones"},"content":{"rendered":"\t\t<div data-elementor-type=\"wp-page\" data-elementor-id=\"1623\" class=\"elementor elementor-1623 elementor-1290\">\n\t\t\t\t\t\t<section class=\"elementor-section elementor-top-section elementor-element elementor-element-ee2c909 elementor-section-boxed elementor-section-height-default elementor-section-height-default\" data-id=\"ee2c909\" data-element_type=\"section\" data-e-type=\"section\" data-settings=\"{&quot;background_background&quot;:&quot;classic&quot;}\">\n\t\t\t\t\t\t<div class=\"elementor-container elementor-column-gap-default\">\n\t\t\t\t\t<div class=\"elementor-column elementor-col-100 elementor-top-column elementor-element elementor-element-106cd28\" data-id=\"106cd28\" data-element_type=\"column\" data-e-type=\"column\">\n\t\t\t<div class=\"elementor-widget-wrap elementor-element-populated\">\n\t\t\t\t\t\t<div class=\"elementor-element elementor-element-523accb elementor-widget elementor-widget-text-editor\" data-id=\"523accb\" data-element_type=\"widget\" data-e-type=\"widget\" data-widget_type=\"text-editor.default\">\n\t\t\t\t<div class=\"elementor-widget-container\">\n\t\t\t\t\t\t\t\t\t<p> <\/p><p><span style=\"font-size: 14pt;\"><strong>Constelaciones, Signos y Casas<\/strong><\/span><\/p>\t\t\t\t\t\t\t\t<\/div>\n\t\t\t\t<\/div>\n\t\t\t\t\t<\/div>\n\t\t<\/div>\n\t\t\t\t\t<\/div>\n\t\t<\/section>\n\t\t\t\t<section class=\"elementor-section elementor-top-section elementor-element elementor-element-9df7b3f elementor-section-boxed elementor-section-height-default elementor-section-height-default\" data-id=\"9df7b3f\" data-element_type=\"section\" data-e-type=\"section\" data-settings=\"{&quot;background_background&quot;:&quot;classic&quot;}\">\n\t\t\t\t\t\t<div class=\"elementor-container elementor-column-gap-default\">\n\t\t\t\t\t<div class=\"elementor-column elementor-col-100 elementor-top-column elementor-element elementor-element-708d464\" data-id=\"708d464\" data-element_type=\"column\" data-e-type=\"column\">\n\t\t\t<div class=\"elementor-widget-wrap elementor-element-populated\">\n\t\t\t\t\t\t<div class=\"elementor-element elementor-element-c9baa60 elementor-widget elementor-widget-text-editor\" data-id=\"c9baa60\" data-element_type=\"widget\" data-e-type=\"widget\" data-widget_type=\"text-editor.default\">\n\t\t\t\t<div class=\"elementor-widget-container\">\n\t\t\t\t\t\t\t\t\t<p><span style=\"font-size: 12pt;\">En palabras de Emy:<\/span><\/p><p><span style=\"font-size: 12pt;\">\u00abDonde hay vida, hay electromagnetismo y, en consecuencia, vibraciones que irradian y atraen. Sea Sol, planeta, piedra, c\u00e9lula o ser humano, esta manifestaci\u00f3n de la vida, de la luz interior, existe siempre. Esto es lo que entusiasm\u00f3 a Madame Curie cuando descubri\u00f3 el resplandor luminoso de la vida en una piedra. La fe y la convicci\u00f3n de encontrar pruebas de la existencia de la luz interior le dieron fuerzas para su laboriosa investigaci\u00f3n. Ella abri\u00f3, con el sacrificio de su vida, la puerta a una nueva era de ciencia y conciencia c\u00f3smica.<\/span><\/p><p><span style=\"font-size: 12pt;\">Donde hay un punto, hay un c\u00edrculo alrededor de \u00e9l, no solo alrededor de una piedra o un globo, sino tambi\u00e9n alrededor de una acci\u00f3n o palabra que, siendo emanada por la vida humana, tiene vida. Este es el hecho que hace posible estudiar una creaci\u00f3n mental o una idea.<\/span><\/p><p><span style=\"font-size: 12pt;\">Luego imagina tres puntos en forma de globos: el Sol, la Tierra y el ser humano, irradiando luz.<\/span><\/p><p><span style=\"font-size: 12pt;\"><strong>Desde el Sol, <\/strong>hacia el cielo, irradia el llamado Zod\u00edaco Sideral, que dio origen a los nombres de las constelaciones.<\/span><\/p><p><span style=\"font-size: 12pt;\"><strong>Desde la Tierra, <\/strong>la misma vida irradia en forma de esfera bioenerg\u00e9tica<strong>,<\/strong>formando campos que dieron origen a lo que llamamos el Zod\u00edaco o Signos Matem\u00e1ticos.<\/span><\/p><p><span style=\"font-size: 12pt;\"><strong>En el hombre,<\/strong> este campo de sensibilidad se llama casas.<\/span><\/p><p><span style=\"font-size: 12pt;\">Estas casas, o \u00abcampos\u00bb, dan lugar a lo que llamamos un <em>hor\u00f3scopo,<\/em> ya que sus variaciones dependen de la rotaci\u00f3n de <em>la Tierra <\/em>durante las veinticuatro horas del d\u00eda. Los signos que giran alrededor de la Tierra dependen del movimiento de traslaci\u00f3n y de los meses del a\u00f1o. Lo que los signos son para la Tierra, las constelaciones son para el Sol: son s\u00edmbolos del espectro solar, irradiando de adentro hacia afuera hacia el espacio, y variando, con relaci\u00f3n a la Tierra, seg\u00fan el fen\u00f3meno llamado precesi\u00f3n de los equinoccios.<\/span><\/p><p><span style=\"font-size: 12pt;\">Luego imagina tres espectros en forma de focos, como se muestra en la figura, que se mueven a diferentes velocidades.<\/span><\/p>\t\t\t\t\t\t\t\t<\/div>\n\t\t\t\t<\/div>\n\t\t\t\t\t<\/div>\n\t\t<\/div>\n\t\t\t\t\t<\/div>\n\t\t<\/section>\n\t\t\t\t<section class=\"elementor-section elementor-top-section elementor-element elementor-element-b8ae0ad elementor-section-boxed elementor-section-height-default elementor-section-height-default\" data-id=\"b8ae0ad\" data-element_type=\"section\" data-e-type=\"section\" data-settings=\"{&quot;background_background&quot;:&quot;classic&quot;}\">\n\t\t\t\t\t\t<div class=\"elementor-container elementor-column-gap-default\">\n\t\t\t\t\t<div class=\"elementor-column elementor-col-100 elementor-top-column elementor-element elementor-element-7a30c8c\" data-id=\"7a30c8c\" data-element_type=\"column\" data-e-type=\"column\">\n\t\t\t<div class=\"elementor-widget-wrap elementor-element-populated\">\n\t\t\t\t\t\t<div class=\"elementor-element elementor-element-a9ae39b elementor-widget elementor-widget-image\" data-id=\"a9ae39b\" data-element_type=\"widget\" data-e-type=\"widget\" data-widget_type=\"image.default\">\n\t\t\t\t<div class=\"elementor-widget-container\">\n\t\t\t\t\t\t\t\t\t\t\t\t\t\t\t<img fetchpriority=\"high\" decoding=\"async\" width=\"438\" height=\"291\" src=\"https:\/\/emascheville.net\/wp-content\/uploads\/2022\/07\/astrology_3_ESP.jpg\" class=\"attachment-large size-large wp-image-1637\" alt=\"\" srcset=\"https:\/\/emascheville.net\/wp-content\/uploads\/2022\/07\/astrology_3_ESP.jpg 438w, https:\/\/emascheville.net\/wp-content\/uploads\/2022\/07\/astrology_3_ESP-300x199.jpg 300w\" sizes=\"(max-width: 438px) 100vw, 438px\" \/>\t\t\t\t\t\t\t\t\t\t\t\t\t\t\t<\/div>\n\t\t\t\t<\/div>\n\t\t\t\t\t<\/div>\n\t\t<\/div>\n\t\t\t\t\t<\/div>\n\t\t<\/section>\n\t\t\t\t<section class=\"elementor-section elementor-top-section elementor-element elementor-element-9d7ac47 elementor-section-boxed elementor-section-height-default elementor-section-height-default\" data-id=\"9d7ac47\" data-element_type=\"section\" data-e-type=\"section\" data-settings=\"{&quot;background_background&quot;:&quot;classic&quot;}\">\n\t\t\t\t\t\t<div class=\"elementor-container elementor-column-gap-default\">\n\t\t\t\t\t<div class=\"elementor-column elementor-col-100 elementor-top-column elementor-element elementor-element-130048d\" data-id=\"130048d\" data-element_type=\"column\" data-e-type=\"column\">\n\t\t\t<div class=\"elementor-widget-wrap elementor-element-populated\">\n\t\t\t\t\t\t<div class=\"elementor-element elementor-element-9e947ee elementor-widget elementor-widget-text-editor\" data-id=\"9e947ee\" data-element_type=\"widget\" data-e-type=\"widget\" data-widget_type=\"text-editor.default\">\n\t\t\t\t<div class=\"elementor-widget-container\">\n\t\t\t\t\t\t\t\t\t<p><span style=\"font-size: 12pt;\">Por la estrella de los tri\u00e1ngulos entrelazados (ver Teor\u00eda \/ El Espectro), entendemos que es la vida manifestada por la divisi\u00f3n de la luz en tres colores, irradiando, reflejando e infiltrando en una manifestaci\u00f3n de doce campos vibratorios. Existen y vibran <strong>de adentro hacia afuera<\/strong> alrededor del ser humano, la Tierra y el Sol, infiltr\u00e1ndose <strong>desde afuera hacia adentro<\/strong> en una infinidad de tonos vibratorios diferentes.<\/span><\/p><p><span style=\"font-size: 12pt;\">La Psicodin\u00e1mica de los Colores reconoci\u00f3 cient\u00edficamente la influencia de los colores en la emoci\u00f3n y la sensibilidad humana, lo mismo ocurre en la Astrolog\u00eda. Cada vibraci\u00f3n de los doce campos del espectro provoca una reacci\u00f3n espec\u00edfica.<\/span><\/p><p><span style=\"font-size: 12pt;\">Me parece, en la comprensi\u00f3n del espectro de la vida en nuestro Sistema Solar, la explicaci\u00f3n m\u00e1s adecuada para el fen\u00f3meno astrol\u00f3gico.<\/span><\/p><p><span style=\"font-size: 12pt;\">La ley universal, b\u00e1sica e inmutable, radica en que la luz se manifiesta en doce campos vibratorios, originados por los tres colores o principios b\u00e1sicos, presentes en el Sol, la Tierra y el ser humano. Al comprender las diferentes combinaciones entre los campos vibratorios, se aclaran todos los cambios y dudas sobre la precesi\u00f3n de los equinoccios. Y adem\u00e1s, muestra que todo se origina en la luz, la \u00fanica fuente de vida\u00bb.<\/span><\/p><p style=\"text-align: right;\"><em>Emma de Mascheville<\/em><\/p>\t\t\t\t\t\t\t\t<\/div>\n\t\t\t\t<\/div>\n\t\t\t\t\t<\/div>\n\t\t<\/div>\n\t\t\t\t\t<\/div>\n\t\t<\/section>\n\t\t\t\t<section class=\"elementor-section elementor-top-section elementor-element elementor-element-eae960c elementor-section-boxed elementor-section-height-default elementor-section-height-default\" data-id=\"eae960c\" data-element_type=\"section\" data-e-type=\"section\" data-settings=\"{&quot;background_background&quot;:&quot;classic&quot;}\">\n\t\t\t\t\t\t<div class=\"elementor-container elementor-column-gap-default\">\n\t\t\t\t\t<div class=\"elementor-column elementor-col-100 elementor-top-column elementor-element elementor-element-ae363c5\" data-id=\"ae363c5\" data-element_type=\"column\" data-e-type=\"column\">\n\t\t\t<div class=\"elementor-widget-wrap elementor-element-populated\">\n\t\t\t\t\t\t<div class=\"elementor-element elementor-element-9c61999 elementor-widget elementor-widget-image\" data-id=\"9c61999\" data-element_type=\"widget\" data-e-type=\"widget\" data-widget_type=\"image.default\">\n\t\t\t\t<div class=\"elementor-widget-container\">\n\t\t\t\t\t\t\t\t\t\t\t\t\t\t\t<img decoding=\"async\" width=\"100\" height=\"97\" src=\"https:\/\/emascheville.net\/wp-content\/uploads\/2022\/06\/logo_aquario_azulp.jpg\" class=\"attachment-large size-large wp-image-1336\" alt=\"\" \/>\t\t\t\t\t\t\t\t\t\t\t\t\t\t\t<\/div>\n\t\t\t\t<\/div>\n\t\t\t\t\t<\/div>\n\t\t<\/div>\n\t\t\t\t\t<\/div>\n\t\t<\/section>\n\t\t\t\t<section class=\"elementor-section elementor-top-section elementor-element elementor-element-084a596 elementor-section-boxed elementor-section-height-default elementor-section-height-default\" data-id=\"084a596\" data-element_type=\"section\" data-e-type=\"section\" data-settings=\"{&quot;background_background&quot;:&quot;classic&quot;}\">\n\t\t\t\t\t\t<div class=\"elementor-container elementor-column-gap-default\">\n\t\t\t\t\t<div class=\"elementor-column elementor-col-100 elementor-top-column elementor-element elementor-element-e73cb75\" data-id=\"e73cb75\" data-element_type=\"column\" data-e-type=\"column\">\n\t\t\t<div class=\"elementor-widget-wrap elementor-element-populated\">\n\t\t\t\t\t\t<div class=\"elementor-element elementor-element-9fd2a66 elementor-widget elementor-widget-spacer\" data-id=\"9fd2a66\" data-element_type=\"widget\" data-e-type=\"widget\" data-widget_type=\"spacer.default\">\n\t\t\t\t<div class=\"elementor-widget-container\">\n\t\t\t\t\t\t\t<div class=\"elementor-spacer\">\n\t\t\t<div class=\"elementor-spacer-inner\"><\/div>\n\t\t<\/div>\n\t\t\t\t\t\t<\/div>\n\t\t\t\t<\/div>\n\t\t\t\t\t<\/div>\n\t\t<\/div>\n\t\t\t\t\t<\/div>\n\t\t<\/section>\n\t\t\t\t<\/div>\n\t\t","protected":false},"excerpt":{"rendered":"<p>Constelaciones, Signos y Casas En palabras de Emy: \u00abDonde hay vida, hay electromagnetismo y, en consecuencia, vibraciones que irradian y atraen. Sea Sol, planeta, piedra, c\u00e9lula o ser humano, esta manifestaci\u00f3n de la vida, de la luz interior, existe siempre. Esto es lo que entusiasm\u00f3 a Madame Curie cuando descubri\u00f3 el resplandor luminoso de la [&hellip;]<\/p>\n","protected":false},"author":1,"featured_media":0,"parent":0,"menu_order":0,"comment_status":"closed","ping_status":"closed","template":"","meta":{"site-sidebar-layout":"no-sidebar","site-content-layout":"page-builder","ast-site-content-layout":"","site-content-style":"default","site-sidebar-style":"default","ast-global-header-display":"","ast-banner-title-visibility":"","ast-main-header-display":"","ast-hfb-above-header-display":"","ast-hfb-below-header-display":"","ast-hfb-mobile-header-display":"","site-post-title":"disabled","ast-breadcrumbs-content":"","ast-featured-img":"disabled","footer-sml-layout":"","theme-transparent-header-meta":"default","adv-header-id-meta":"","stick-header-meta":"","header-above-stick-meta":"","header-main-stick-meta":"","header-below-stick-meta":"","astra-migrate-meta-layouts":"default","ast-page-background-enabled":"default","ast-page-background-meta":{"desktop":{"background-color":"","background-image":"","background-repeat":"repeat","background-position":"center center","background-size":"auto","background-attachment":"scroll","background-type":"","background-media":"","overlay-type":"","overlay-color":"","overlay-opacity":"","overlay-gradient":""},"tablet":{"background-color":"","background-image":"","background-repeat":"repeat","background-position":"center center","background-size":"auto","background-attachment":"scroll","background-type":"","background-media":"","overlay-type":"","overlay-color":"","overlay-opacity":"","overlay-gradient":""},"mobile":{"background-color":"","background-image":"","background-repeat":"repeat","background-position":"center center","background-size":"auto","background-attachment":"scroll","background-type":"","background-media":"","overlay-type":"","overlay-color":"","overlay-opacity":"","overlay-gradient":""}},"ast-content-background-meta":{"desktop":{"background-color":"var(--ast-global-color-5)","background-image":"","background-repeat":"repeat","background-position":"center center","background-size":"auto","background-attachment":"scroll","background-type":"","background-media":"","overlay-type":"","overlay-color":"","overlay-opacity":"","overlay-gradient":""},"tablet":{"background-color":"var(--ast-global-color-5)","background-image":"","background-repeat":"repeat","background-position":"center center","background-size":"auto","background-attachment":"scroll","background-type":"","background-media":"","overlay-type":"","overlay-color":"","overlay-opacity":"","overlay-gradient":""},"mobile":{"background-color":"var(--ast-global-color-5)","background-image":"","background-repeat":"repeat","background-position":"center center","background-size":"auto","background-attachment":"scroll","background-type":"","background-media":"","overlay-type":"","overlay-color":"","overlay-opacity":"","overlay-gradient":""}},"footnotes":""},"class_list":["post-1623","page","type-page","status-publish","hentry"],"yoast_head":"<!-- This site is optimized with the Yoast SEO plugin v27.5 - https:\/\/yoast.com\/product\/yoast-seo-wordpress\/ -->\n<title>Constelaciones - Emma de Mascheville<\/title>\n<meta name=\"robots\" content=\"index, follow, max-snippet:-1, max-image-preview:large, max-video-preview:-1\" \/>\n<link rel=\"canonical\" href=\"https:\/\/emascheville.net\/es\/constelaciones\/\" \/>\n<meta property=\"og:locale\" content=\"es_ES\" \/>\n<meta property=\"og:type\" content=\"article\" \/>\n<meta property=\"og:title\" content=\"Constelaciones - Emma de Mascheville\" \/>\n<meta property=\"og:description\" content=\"Constelaciones, Signos y Casas En palabras de Emy: \u00abDonde hay vida, hay electromagnetismo y, en consecuencia, vibraciones que irradian y atraen. Sea Sol, planeta, piedra, c\u00e9lula o ser humano, esta manifestaci\u00f3n de la vida, de la luz interior, existe siempre. Esto es lo que entusiasm\u00f3 a Madame Curie cuando descubri\u00f3 el resplandor luminoso de la [&hellip;]\" \/>\n<meta property=\"og:url\" content=\"https:\/\/emascheville.net\/es\/constelaciones\/\" \/>\n<meta property=\"og:site_name\" content=\"Emma de Mascheville\" \/>\n<meta property=\"article:modified_time\" content=\"2022-08-01T10:38:57+00:00\" \/>\n<meta property=\"og:image\" content=\"https:\/\/emascheville.net\/wp-content\/uploads\/2022\/07\/astrology_3_ESP.jpg\" \/>\n<meta name=\"twitter:card\" content=\"summary_large_image\" \/>\n<meta name=\"twitter:label1\" content=\"Tiempo de lectura\" \/>\n\t<meta name=\"twitter:data1\" content=\"3 minutos\" \/>\n<script type=\"application\/ld+json\" class=\"yoast-schema-graph\">{\"@context\":\"https:\\\/\\\/schema.org\",\"@graph\":[{\"@type\":\"WebPage\",\"@id\":\"https:\\\/\\\/emascheville.net\\\/es\\\/constelaciones\\\/\",\"url\":\"https:\\\/\\\/emascheville.net\\\/es\\\/constelaciones\\\/\",\"name\":\"Constelaciones - Emma de Mascheville\",\"isPartOf\":{\"@id\":\"https:\\\/\\\/emascheville.net\\\/es\\\/#website\"},\"primaryImageOfPage\":{\"@id\":\"https:\\\/\\\/emascheville.net\\\/es\\\/constelaciones\\\/#primaryimage\"},\"image\":{\"@id\":\"https:\\\/\\\/emascheville.net\\\/es\\\/constelaciones\\\/#primaryimage\"},\"thumbnailUrl\":\"https:\\\/\\\/emascheville.net\\\/wp-content\\\/uploads\\\/2022\\\/07\\\/astrology_3_ESP.jpg\",\"datePublished\":\"2022-07-31T11:09:41+00:00\",\"dateModified\":\"2022-08-01T10:38:57+00:00\",\"breadcrumb\":{\"@id\":\"https:\\\/\\\/emascheville.net\\\/es\\\/constelaciones\\\/#breadcrumb\"},\"inLanguage\":\"es\",\"potentialAction\":[{\"@type\":\"ReadAction\",\"target\":[\"https:\\\/\\\/emascheville.net\\\/es\\\/constelaciones\\\/\"]}]},{\"@type\":\"ImageObject\",\"inLanguage\":\"es\",\"@id\":\"https:\\\/\\\/emascheville.net\\\/es\\\/constelaciones\\\/#primaryimage\",\"url\":\"https:\\\/\\\/emascheville.net\\\/wp-content\\\/uploads\\\/2022\\\/07\\\/astrology_3_ESP.jpg\",\"contentUrl\":\"https:\\\/\\\/emascheville.net\\\/wp-content\\\/uploads\\\/2022\\\/07\\\/astrology_3_ESP.jpg\"},{\"@type\":\"BreadcrumbList\",\"@id\":\"https:\\\/\\\/emascheville.net\\\/es\\\/constelaciones\\\/#breadcrumb\",\"itemListElement\":[{\"@type\":\"ListItem\",\"position\":1,\"name\":\"In\u00edcio\",\"item\":\"https:\\\/\\\/emascheville.net\\\/es\\\/home\\\/\"},{\"@type\":\"ListItem\",\"position\":2,\"name\":\"Constelaciones\"}]},{\"@type\":\"WebSite\",\"@id\":\"https:\\\/\\\/emascheville.net\\\/es\\\/#website\",\"url\":\"https:\\\/\\\/emascheville.net\\\/es\\\/\",\"name\":\"Emma de Mascheville\",\"description\":\"Vida e obra de Emma de Mascheville\",\"potentialAction\":[{\"@type\":\"SearchAction\",\"target\":{\"@type\":\"EntryPoint\",\"urlTemplate\":\"https:\\\/\\\/emascheville.net\\\/es\\\/?s={search_term_string}\"},\"query-input\":{\"@type\":\"PropertyValueSpecification\",\"valueRequired\":true,\"valueName\":\"search_term_string\"}}],\"inLanguage\":\"es\"}]}<\/script>\n<!-- \/ Yoast SEO plugin. -->","yoast_head_json":{"title":"Constelaciones - Emma de Mascheville","robots":{"index":"index","follow":"follow","max-snippet":"max-snippet:-1","max-image-preview":"max-image-preview:large","max-video-preview":"max-video-preview:-1"},"canonical":"https:\/\/emascheville.net\/es\/constelaciones\/","og_locale":"es_ES","og_type":"article","og_title":"Constelaciones - Emma de Mascheville","og_description":"Constelaciones, Signos y Casas En palabras de Emy: \u00abDonde hay vida, hay electromagnetismo y, en consecuencia, vibraciones que irradian y atraen. Sea Sol, planeta, piedra, c\u00e9lula o ser humano, esta manifestaci\u00f3n de la vida, de la luz interior, existe siempre. Esto es lo que entusiasm\u00f3 a Madame Curie cuando descubri\u00f3 el resplandor luminoso de la [&hellip;]","og_url":"https:\/\/emascheville.net\/es\/constelaciones\/","og_site_name":"Emma de Mascheville","article_modified_time":"2022-08-01T10:38:57+00:00","og_image":[{"url":"https:\/\/emascheville.net\/wp-content\/uploads\/2022\/07\/astrology_3_ESP.jpg","type":"","width":"","height":""}],"twitter_card":"summary_large_image","twitter_misc":{"Tiempo de lectura":"3 minutos"},"schema":{"@context":"https:\/\/schema.org","@graph":[{"@type":"WebPage","@id":"https:\/\/emascheville.net\/es\/constelaciones\/","url":"https:\/\/emascheville.net\/es\/constelaciones\/","name":"Constelaciones - Emma de Mascheville","isPartOf":{"@id":"https:\/\/emascheville.net\/es\/#website"},"primaryImageOfPage":{"@id":"https:\/\/emascheville.net\/es\/constelaciones\/#primaryimage"},"image":{"@id":"https:\/\/emascheville.net\/es\/constelaciones\/#primaryimage"},"thumbnailUrl":"https:\/\/emascheville.net\/wp-content\/uploads\/2022\/07\/astrology_3_ESP.jpg","datePublished":"2022-07-31T11:09:41+00:00","dateModified":"2022-08-01T10:38:57+00:00","breadcrumb":{"@id":"https:\/\/emascheville.net\/es\/constelaciones\/#breadcrumb"},"inLanguage":"es","potentialAction":[{"@type":"ReadAction","target":["https:\/\/emascheville.net\/es\/constelaciones\/"]}]},{"@type":"ImageObject","inLanguage":"es","@id":"https:\/\/emascheville.net\/es\/constelaciones\/#primaryimage","url":"https:\/\/emascheville.net\/wp-content\/uploads\/2022\/07\/astrology_3_ESP.jpg","contentUrl":"https:\/\/emascheville.net\/wp-content\/uploads\/2022\/07\/astrology_3_ESP.jpg"},{"@type":"BreadcrumbList","@id":"https:\/\/emascheville.net\/es\/constelaciones\/#breadcrumb","itemListElement":[{"@type":"ListItem","position":1,"name":"In\u00edcio","item":"https:\/\/emascheville.net\/es\/home\/"},{"@type":"ListItem","position":2,"name":"Constelaciones"}]},{"@type":"WebSite","@id":"https:\/\/emascheville.net\/es\/#website","url":"https:\/\/emascheville.net\/es\/","name":"Emma de Mascheville","description":"Vida e obra de Emma de Mascheville","potentialAction":[{"@type":"SearchAction","target":{"@type":"EntryPoint","urlTemplate":"https:\/\/emascheville.net\/es\/?s={search_term_string}"},"query-input":{"@type":"PropertyValueSpecification","valueRequired":true,"valueName":"search_term_string"}}],"inLanguage":"es"}]}},"_links":{"self":[{"href":"https:\/\/emascheville.net\/es\/wp-json\/wp\/v2\/pages\/1623","targetHints":{"allow":["GET"]}}],"collection":[{"href":"https:\/\/emascheville.net\/es\/wp-json\/wp\/v2\/pages"}],"about":[{"href":"https:\/\/emascheville.net\/es\/wp-json\/wp\/v2\/types\/page"}],"author":[{"embeddable":true,"href":"https:\/\/emascheville.net\/es\/wp-json\/wp\/v2\/users\/1"}],"replies":[{"embeddable":true,"href":"https:\/\/emascheville.net\/es\/wp-json\/wp\/v2\/comments?post=1623"}],"version-history":[{"count":0,"href":"https:\/\/emascheville.net\/es\/wp-json\/wp\/v2\/pages\/1623\/revisions"}],"wp:attachment":[{"href":"https:\/\/emascheville.net\/es\/wp-json\/wp\/v2\/media?parent=1623"}],"curies":[{"name":"wp","href":"https:\/\/api.w.org\/{rel}","templated":true}]}}