{"id":1574,"date":"2022-07-30T17:43:47","date_gmt":"2022-07-30T17:43:47","guid":{"rendered":"https:\/\/emascheville.net\/biografia\/"},"modified":"2022-08-01T10:35:32","modified_gmt":"2022-08-01T10:35:32","slug":"biografia","status":"publish","type":"page","link":"https:\/\/emascheville.net\/es\/biografia\/","title":{"rendered":"Biografia"},"content":{"rendered":"\t\t<div data-elementor-type=\"wp-page\" data-elementor-id=\"1574\" class=\"elementor elementor-1574 elementor-84\">\n\t\t\t\t\t\t<section class=\"elementor-section elementor-top-section elementor-element elementor-element-3af6b1b elementor-section-boxed elementor-section-height-default elementor-section-height-default\" data-id=\"3af6b1b\" data-element_type=\"section\" data-e-type=\"section\" data-settings=\"{&quot;background_background&quot;:&quot;classic&quot;}\">\n\t\t\t\t\t\t<div class=\"elementor-container elementor-column-gap-default\">\n\t\t\t\t\t<div class=\"elementor-column elementor-col-100 elementor-top-column elementor-element elementor-element-3d7280a\" data-id=\"3d7280a\" data-element_type=\"column\" data-e-type=\"column\">\n\t\t\t<div class=\"elementor-widget-wrap elementor-element-populated\">\n\t\t\t\t\t\t<div class=\"elementor-element elementor-element-30ffddc elementor-widget elementor-widget-text-editor\" data-id=\"30ffddc\" data-element_type=\"widget\" data-e-type=\"widget\" data-widget_type=\"text-editor.default\">\n\t\t\t\t<div class=\"elementor-widget-container\">\n\t\t\t\t\t\t\t\t\t<p><span style=\"font-size: 14pt;\"><strong>Biograf\u00eda<\/strong><\/span><\/p><p><span style=\"font-size: 16px;\">Emma de Mascheville, conocida como Dona Emy, naci\u00f3 en Heimhausen, Baviera, en el sur de Alemania, pero su primer idioma fue el italiano, ya que vivi\u00f3 sus primeros a\u00f1os en Monte Verit\u00e1, junto al lago Maggiore, en el norte de Italia y el sur de Italia, Suiza. Estuvo en Hungr\u00eda y pas\u00f3 su juventud movi\u00e9ndose de pueblo en pueblo en Alemania. Estudi\u00e9 en Hungr\u00eda y pas\u00e9 mi juventud mud\u00e1ndome de pueblo en pueblo en Alemania. Estuvo en Hungr\u00eda y pas\u00f3 su juventud movi\u00e9ndose de pueblo en pueblo en Alemania.<\/span><\/p>\t\t\t\t\t\t\t\t<\/div>\n\t\t\t\t<\/div>\n\t\t\t\t\t<\/div>\n\t\t<\/div>\n\t\t\t\t\t<\/div>\n\t\t<\/section>\n\t\t\t\t<section class=\"elementor-section elementor-top-section elementor-element elementor-element-437923d elementor-section-boxed elementor-section-height-default elementor-section-height-default\" data-id=\"437923d\" data-element_type=\"section\" data-e-type=\"section\" data-settings=\"{&quot;background_background&quot;:&quot;classic&quot;}\">\n\t\t\t\t\t\t<div class=\"elementor-container elementor-column-gap-default\">\n\t\t\t\t\t<div class=\"elementor-column elementor-col-50 elementor-top-column elementor-element elementor-element-104a8d1\" data-id=\"104a8d1\" data-element_type=\"column\" data-e-type=\"column\">\n\t\t\t<div class=\"elementor-widget-wrap elementor-element-populated\">\n\t\t\t\t\t\t<div class=\"elementor-element elementor-element-4e683f7 elementor-widget elementor-widget-image\" data-id=\"4e683f7\" data-element_type=\"widget\" data-e-type=\"widget\" data-widget_type=\"image.default\">\n\t\t\t\t<div class=\"elementor-widget-container\">\n\t\t\t\t\t\t\t\t\t\t\t\t\t\t\t<img fetchpriority=\"high\" decoding=\"async\" width=\"667\" height=\"1024\" src=\"https:\/\/emascheville.net\/wp-content\/uploads\/2022\/06\/e2-667x1024.jpg\" class=\"attachment-large size-large wp-image-1335\" alt=\"\" srcset=\"https:\/\/emascheville.net\/wp-content\/uploads\/2022\/06\/e2-667x1024.jpg 667w, https:\/\/emascheville.net\/wp-content\/uploads\/2022\/06\/e2-195x300.jpg 195w, https:\/\/emascheville.net\/wp-content\/uploads\/2022\/06\/e2-768x1180.jpg 768w, https:\/\/emascheville.net\/wp-content\/uploads\/2022\/06\/e2.jpg 918w\" sizes=\"(max-width: 667px) 100vw, 667px\" \/>\t\t\t\t\t\t\t\t\t\t\t\t\t\t\t<\/div>\n\t\t\t\t<\/div>\n\t\t\t\t\t<\/div>\n\t\t<\/div>\n\t\t\t\t<div class=\"elementor-column elementor-col-50 elementor-top-column elementor-element elementor-element-ba7387d\" data-id=\"ba7387d\" data-element_type=\"column\" data-e-type=\"column\">\n\t\t\t<div class=\"elementor-widget-wrap elementor-element-populated\">\n\t\t\t\t\t\t<div class=\"elementor-element elementor-element-ed80162 elementor-widget elementor-widget-text-editor\" data-id=\"ed80162\" data-element_type=\"widget\" data-e-type=\"widget\" data-widget_type=\"text-editor.default\">\n\t\t\t\t<div class=\"elementor-widget-container\">\n\t\t\t\t\t\t\t\t\t<p class=\"font_7\"><span class=\"color_29\">Su venida a Brasil, acompa\u00f1ando a su familia, de temporal, se convirti\u00f3 en definitiva cuando conoci\u00f3 en Curitiba a su futuro esposo, amigo de su t\u00eda, a los 22 a\u00f1os. Con Cedaior, su marido, comenz\u00f3 el estudio de la astrolog\u00eda, que se hizo cada vez m\u00e1s profundo. Con Cedaior, su marido, comenz\u00f3 el estudio de la astrolog\u00eda, que se hizo cada vez m\u00e1s profundo.<\/span><\/p><p class=\"font_7\"><span class=\"color_29\">Los cerca de 10.000 hor\u00f3scopos que calcul\u00f3 e interpret\u00f3 muestran su pensamiento vigoroso, aunque c\u00e1lido y dial\u00f3gico, recordado por sus clientes, alumnos, amigos, familiares y curiosos, reflejado en miles de p\u00e1ginas mecanografiadas, manuscritas o grabadas y, sobre todo, en largas conversaciones, dos horas con cada persona por lo menos.<\/span><\/p><p class=\"font_7\"><span class=\"color_29\">Como S\u00f3crates en Grecia, su gran esfuerzo, a trav\u00e9s de la astrolog\u00eda, fue buscar el \u201cCon\u00f3cete a ti mismo\u201d, hablando con la gente, tratando de ayudar a cada uno a llegar a comprenderse a s\u00ed mismo y, por tanto, a sus propios problemas, a las cosas de la vida y, finalmente, a llegar a comprender a los dem\u00e1s.<\/span><\/p><p>En consecuencia, su principal preocupaci\u00f3n era el ni\u00f1o y la educaci\u00f3n. La forma astrol\u00f3gica de entender a las personas como ni\u00f1os, como j\u00f3venes, como adultos.<\/p>\t\t\t\t\t\t\t\t<\/div>\n\t\t\t\t<\/div>\n\t\t\t\t\t<\/div>\n\t\t<\/div>\n\t\t\t\t\t<\/div>\n\t\t<\/section>\n\t\t\t\t<section class=\"elementor-section elementor-top-section elementor-element elementor-element-6f96805 elementor-section-boxed elementor-section-height-default elementor-section-height-default\" data-id=\"6f96805\" data-element_type=\"section\" data-e-type=\"section\" data-settings=\"{&quot;background_background&quot;:&quot;classic&quot;}\">\n\t\t\t\t\t\t<div class=\"elementor-container elementor-column-gap-default\">\n\t\t\t\t\t<div class=\"elementor-column elementor-col-100 elementor-top-column elementor-element elementor-element-e1bf7f7\" data-id=\"e1bf7f7\" data-element_type=\"column\" data-e-type=\"column\">\n\t\t\t<div class=\"elementor-widget-wrap elementor-element-populated\">\n\t\t\t\t\t\t<div class=\"elementor-element elementor-element-cce69ea elementor-widget elementor-widget-text-editor\" data-id=\"cce69ea\" data-element_type=\"widget\" data-e-type=\"widget\" data-widget_type=\"text-editor.default\">\n\t\t\t\t<div class=\"elementor-widget-container\">\n\t\t\t\t\t\t\t\t\t<p>La madre, comprendi\u00e9ndose a s\u00ed misma, a trav\u00e9s de la astrolog\u00eda, podr\u00e1 tambi\u00e9n comprender mejor a sus hijos y, as\u00ed, darles una educaci\u00f3n m\u00e1s adecuada.<\/p><p class=\"font_7\"><span class=\"color_29\">No especul\u00f3 a trav\u00e9s de libros y teor\u00edas. Medit\u00f3 sobre c\u00e1lculos y estad\u00edsticas de miles de hor\u00f3scopos. Experiencias diarias con decenas de personas y situaciones, a veces cientos. Empezando por su propio hor\u00f3scopo, la observaci\u00f3n de sus siete hijos, las personas m\u00e1s cercanas a ella por las confidencias y exabruptos, informes y exposiciones de sus clientes, preguntas de los alumnos, desaf\u00edos de sus cr\u00edticos o personajes esc\u00e9pticos, que no la dejaban volar, en imaginaci\u00f3n infundada.<\/span><\/p><p class=\"font_7\"><span class=\"color_29\">Ensay\u00f3 aforismos de la tradici\u00f3n \u00e1rabe, afirmaciones del saber medieval, interpretaci\u00f3n de la tradici\u00f3n cl\u00e1sica, curiosidades orientales, dichos de la tradici\u00f3n popular, en el campo de la astrolog\u00eda.<\/span><\/p><p class=\"font_7\"><span class=\"color_29\">Mantuvo siempre una actitud acorde con el m\u00e9todo cient\u00edfico: observar, sin demoler, la tradici\u00f3n en la fase de comprensi\u00f3n y comprensi\u00f3n.<\/span><\/p><p class=\"font_7\"><span class=\"color_29\">A lo largo de miles de d\u00edas y horas de entrevistas con sus clientes y conversaciones con sus amigos y familiares, ha acumulado una vasta colecci\u00f3n de informaci\u00f3n, cada d\u00eda m\u00e1s precisa, cada d\u00eda m\u00e1s profunda, cada d\u00eda m\u00e1s sabiamente transmitida, que se reflejan en sus escritos u obras grabadas, o impresas en la memoria de miles de mentes y corazones.<\/span><\/p><div id=\"comp-k9y5w6gy\" class=\"_1Z_nJ\" data-testid=\"richTextElement\"><p class=\"font_7\"><span class=\"color_29\">Cada cliente a ser consolado trajo una mayor colecci\u00f3n de conocimientos para ser asimilados por Emy, prepar\u00e1ndola m\u00e1s sabiamente para el servicio del pr\u00f3ximo consultor. Siempre estuvo agradecida con quienes le ense\u00f1aron a trav\u00e9s de la vida, libros, hechos, c\u00e1lculos, reconociendo siempre la Mano de Dios que la guiaba hacia personas o instrumentos que le permit\u00edan ayudar a los dem\u00e1s, que le facilitaban el crecimiento en su conocimiento de la astrolog\u00eda de una forma saludable y no ego\u00edsta. Su gratitud fue hacia todos los que mencion\u00f3 o simplemente mantuvo en la memoria.<\/span><\/p><p class=\"font_7\"><span class=\"color_29\">\u00c9l busc\u00f3 devolver la Mano de Dios. Si durante un per\u00edodo de su vida cobr\u00f3 profesionalmente por su supervivencia y la de sus familiares, en cambio, a muchos los cuid\u00f3 gratis, no dejando que nadie se marchara sin un consejo astrol\u00f3gico.<\/span><\/p><p class=\"font_7\"><span class=\"color_29\">Para Emy, la astrolog\u00eda fue una gran aventura que vivi\u00f3 toda su vida, lo que le dio una inmensa riqueza de vida. A trav\u00e9s de la Astrolog\u00eda, entendi\u00f3 que todos tenemos nuestros sufrimientos y nuestras alegr\u00edas, pero que el plan para distribuir estas oportunidades, para una vida m\u00e1s apretada o una vida m\u00e1s relajada, var\u00eda de persona a persona.<\/span><\/p><\/div><div id=\"comp-k9y62mhv\" class=\"_22oPj\" aria-disabled=\"false\"><p class=\"font_7\"><span class=\"color_29\">Santo Tom\u00e1s de Aquino dice que es l\u00edcito al hombre conocer los planes de Dios a trav\u00e9s de la astrolog\u00eda. A trav\u00e9s de este arte, ciencia y t\u00e9cnica, podemos ver que Dios es justo, porque Dios nos trae la evidencia en el momento adecuado. Y el gran Reloj, en el que se marcan estos momentos, est\u00e1 en el Cielo, donde se mueven las constelaciones, los signos, el Sol, la Luna, los planetas, las estrellas, los cometas, los asteroides, las estrellas fugaces.<\/span><\/p><p class=\"font_7\"><span class=\"color_29\">Y as\u00ed Emy, en la b\u00fasqueda de la uni\u00f3n de la fe y la ciencia, encontr\u00f3 la manera de explicarse, de hacerse entender y de ver la Belleza de la Justicia Divina y la Bondad de Dios, a los dem\u00e1s, a las madres, a los j\u00f3venes, a los futuros generaciones, a trav\u00e9s de la astrolog\u00eda.<\/span><\/p><p style=\"text-align: right;\"><em>Aor de Mascheville<\/em><\/p><\/div>\t\t\t\t\t\t\t\t<\/div>\n\t\t\t\t<\/div>\n\t\t\t\t\t<\/div>\n\t\t<\/div>\n\t\t\t\t\t<\/div>\n\t\t<\/section>\n\t\t\t\t<section class=\"elementor-section elementor-top-section elementor-element elementor-element-979f4db elementor-section-boxed elementor-section-height-default elementor-section-height-default\" data-id=\"979f4db\" data-element_type=\"section\" data-e-type=\"section\" data-settings=\"{&quot;background_background&quot;:&quot;classic&quot;}\">\n\t\t\t\t\t\t<div class=\"elementor-container elementor-column-gap-default\">\n\t\t\t\t\t<div class=\"elementor-column elementor-col-100 elementor-top-column elementor-element elementor-element-c1f67a6\" data-id=\"c1f67a6\" data-element_type=\"column\" data-e-type=\"column\">\n\t\t\t<div class=\"elementor-widget-wrap elementor-element-populated\">\n\t\t\t\t\t\t<div class=\"elementor-element elementor-element-1eb5912 elementor-widget elementor-widget-image\" data-id=\"1eb5912\" data-element_type=\"widget\" data-e-type=\"widget\" data-widget_type=\"image.default\">\n\t\t\t\t<div class=\"elementor-widget-container\">\n\t\t\t\t\t\t\t\t\t\t\t\t\t\t\t<img decoding=\"async\" width=\"100\" height=\"97\" src=\"https:\/\/emascheville.net\/wp-content\/uploads\/2022\/06\/logo_aquario_azulp.jpg\" class=\"attachment-large size-large wp-image-1336\" alt=\"\" \/>\t\t\t\t\t\t\t\t\t\t\t\t\t\t\t<\/div>\n\t\t\t\t<\/div>\n\t\t\t\t<div class=\"elementor-element elementor-element-15dec0a elementor-widget elementor-widget-spacer\" data-id=\"15dec0a\" data-element_type=\"widget\" data-e-type=\"widget\" data-widget_type=\"spacer.default\">\n\t\t\t\t<div class=\"elementor-widget-container\">\n\t\t\t\t\t\t\t<div class=\"elementor-spacer\">\n\t\t\t<div class=\"elementor-spacer-inner\"><\/div>\n\t\t<\/div>\n\t\t\t\t\t\t<\/div>\n\t\t\t\t<\/div>\n\t\t\t\t\t<\/div>\n\t\t<\/div>\n\t\t\t\t\t<\/div>\n\t\t<\/section>\n\t\t\t\t<\/div>\n\t\t","protected":false},"excerpt":{"rendered":"<p>Biograf\u00eda Emma de Mascheville, conocida como Dona Emy, naci\u00f3 en Heimhausen, Baviera, en el sur de Alemania, pero su primer idioma fue el italiano, ya que vivi\u00f3 sus primeros a\u00f1os en Monte Verit\u00e1, junto al lago Maggiore, en el norte de Italia y el sur de Italia, Suiza. Estuvo en Hungr\u00eda y pas\u00f3 su juventud [&hellip;]<\/p>\n","protected":false},"author":1,"featured_media":0,"parent":0,"menu_order":0,"comment_status":"closed","ping_status":"closed","template":"","meta":{"site-sidebar-layout":"no-sidebar","site-content-layout":"page-builder","ast-site-content-layout":"","site-content-style":"default","site-sidebar-style":"default","ast-global-header-display":"","ast-banner-title-visibility":"","ast-main-header-display":"","ast-hfb-above-header-display":"","ast-hfb-below-header-display":"","ast-hfb-mobile-header-display":"","site-post-title":"disabled","ast-breadcrumbs-content":"","ast-featured-img":"disabled","footer-sml-layout":"","theme-transparent-header-meta":"default","adv-header-id-meta":"","stick-header-meta":"","header-above-stick-meta":"","header-main-stick-meta":"","header-below-stick-meta":"","astra-migrate-meta-layouts":"default","ast-page-background-enabled":"default","ast-page-background-meta":{"desktop":{"background-color":"","background-image":"","background-repeat":"repeat","background-position":"center center","background-size":"auto","background-attachment":"scroll","background-type":"","background-media":"","overlay-type":"","overlay-color":"","overlay-opacity":"","overlay-gradient":""},"tablet":{"background-color":"","background-image":"","background-repeat":"repeat","background-position":"center center","background-size":"auto","background-attachment":"scroll","background-type":"","background-media":"","overlay-type":"","overlay-color":"","overlay-opacity":"","overlay-gradient":""},"mobile":{"background-color":"","background-image":"","background-repeat":"repeat","background-position":"center center","background-size":"auto","background-attachment":"scroll","background-type":"","background-media":"","overlay-type":"","overlay-color":"","overlay-opacity":"","overlay-gradient":""}},"ast-content-background-meta":{"desktop":{"background-color":"var(--ast-global-color-5)","background-image":"","background-repeat":"repeat","background-position":"center center","background-size":"auto","background-attachment":"scroll","background-type":"","background-media":"","overlay-type":"","overlay-color":"","overlay-opacity":"","overlay-gradient":""},"tablet":{"background-color":"var(--ast-global-color-5)","background-image":"","background-repeat":"repeat","background-position":"center center","background-size":"auto","background-attachment":"scroll","background-type":"","background-media":"","overlay-type":"","overlay-color":"","overlay-opacity":"","overlay-gradient":""},"mobile":{"background-color":"var(--ast-global-color-5)","background-image":"","background-repeat":"repeat","background-position":"center center","background-size":"auto","background-attachment":"scroll","background-type":"","background-media":"","overlay-type":"","overlay-color":"","overlay-opacity":"","overlay-gradient":""}},"footnotes":""},"class_list":["post-1574","page","type-page","status-publish","hentry"],"yoast_head":"<!-- This site is optimized with the Yoast SEO plugin v27.5 - https:\/\/yoast.com\/product\/yoast-seo-wordpress\/ -->\n<title>Biografia - Emma de Mascheville<\/title>\n<meta name=\"robots\" content=\"index, follow, max-snippet:-1, max-image-preview:large, max-video-preview:-1\" \/>\n<link rel=\"canonical\" href=\"https:\/\/emascheville.net\/es\/biografia\/\" \/>\n<meta property=\"og:locale\" content=\"es_ES\" \/>\n<meta property=\"og:type\" content=\"article\" \/>\n<meta property=\"og:title\" content=\"Biografia - Emma de Mascheville\" \/>\n<meta property=\"og:description\" content=\"Biograf\u00eda Emma de Mascheville, conocida como Dona Emy, naci\u00f3 en Heimhausen, Baviera, en el sur de Alemania, pero su primer idioma fue el italiano, ya que vivi\u00f3 sus primeros a\u00f1os en Monte Verit\u00e1, junto al lago Maggiore, en el norte de Italia y el sur de Italia, Suiza. Estuvo en Hungr\u00eda y pas\u00f3 su juventud [&hellip;]\" \/>\n<meta property=\"og:url\" content=\"https:\/\/emascheville.net\/es\/biografia\/\" \/>\n<meta property=\"og:site_name\" content=\"Emma de Mascheville\" \/>\n<meta property=\"article:modified_time\" content=\"2022-08-01T10:35:32+00:00\" \/>\n<meta property=\"og:image\" content=\"https:\/\/emascheville.net\/wp-content\/uploads\/2022\/06\/e2-667x1024.jpg\" \/>\n<meta name=\"twitter:card\" content=\"summary_large_image\" \/>\n<meta name=\"twitter:label1\" content=\"Tiempo de lectura\" \/>\n\t<meta name=\"twitter:data1\" content=\"5 minutos\" \/>\n<script type=\"application\/ld+json\" class=\"yoast-schema-graph\">{\"@context\":\"https:\\\/\\\/schema.org\",\"@graph\":[{\"@type\":\"WebPage\",\"@id\":\"https:\\\/\\\/emascheville.net\\\/es\\\/biografia\\\/\",\"url\":\"https:\\\/\\\/emascheville.net\\\/es\\\/biografia\\\/\",\"name\":\"Biografia - Emma de Mascheville\",\"isPartOf\":{\"@id\":\"https:\\\/\\\/emascheville.net\\\/es\\\/#website\"},\"primaryImageOfPage\":{\"@id\":\"https:\\\/\\\/emascheville.net\\\/es\\\/biografia\\\/#primaryimage\"},\"image\":{\"@id\":\"https:\\\/\\\/emascheville.net\\\/es\\\/biografia\\\/#primaryimage\"},\"thumbnailUrl\":\"https:\\\/\\\/emascheville.net\\\/wp-content\\\/uploads\\\/2022\\\/06\\\/e2-667x1024.jpg\",\"datePublished\":\"2022-07-30T17:43:47+00:00\",\"dateModified\":\"2022-08-01T10:35:32+00:00\",\"breadcrumb\":{\"@id\":\"https:\\\/\\\/emascheville.net\\\/es\\\/biografia\\\/#breadcrumb\"},\"inLanguage\":\"es\",\"potentialAction\":[{\"@type\":\"ReadAction\",\"target\":[\"https:\\\/\\\/emascheville.net\\\/es\\\/biografia\\\/\"]}]},{\"@type\":\"ImageObject\",\"inLanguage\":\"es\",\"@id\":\"https:\\\/\\\/emascheville.net\\\/es\\\/biografia\\\/#primaryimage\",\"url\":\"https:\\\/\\\/emascheville.net\\\/wp-content\\\/uploads\\\/2022\\\/06\\\/e2-667x1024.jpg\",\"contentUrl\":\"https:\\\/\\\/emascheville.net\\\/wp-content\\\/uploads\\\/2022\\\/06\\\/e2-667x1024.jpg\"},{\"@type\":\"BreadcrumbList\",\"@id\":\"https:\\\/\\\/emascheville.net\\\/es\\\/biografia\\\/#breadcrumb\",\"itemListElement\":[{\"@type\":\"ListItem\",\"position\":1,\"name\":\"In\u00edcio\",\"item\":\"https:\\\/\\\/emascheville.net\\\/es\\\/home\\\/\"},{\"@type\":\"ListItem\",\"position\":2,\"name\":\"Biografia\"}]},{\"@type\":\"WebSite\",\"@id\":\"https:\\\/\\\/emascheville.net\\\/es\\\/#website\",\"url\":\"https:\\\/\\\/emascheville.net\\\/es\\\/\",\"name\":\"Emma de Mascheville\",\"description\":\"Vida e obra de Emma de Mascheville\",\"potentialAction\":[{\"@type\":\"SearchAction\",\"target\":{\"@type\":\"EntryPoint\",\"urlTemplate\":\"https:\\\/\\\/emascheville.net\\\/es\\\/?s={search_term_string}\"},\"query-input\":{\"@type\":\"PropertyValueSpecification\",\"valueRequired\":true,\"valueName\":\"search_term_string\"}}],\"inLanguage\":\"es\"}]}<\/script>\n<!-- \/ Yoast SEO plugin. -->","yoast_head_json":{"title":"Biografia - Emma de Mascheville","robots":{"index":"index","follow":"follow","max-snippet":"max-snippet:-1","max-image-preview":"max-image-preview:large","max-video-preview":"max-video-preview:-1"},"canonical":"https:\/\/emascheville.net\/es\/biografia\/","og_locale":"es_ES","og_type":"article","og_title":"Biografia - Emma de Mascheville","og_description":"Biograf\u00eda Emma de Mascheville, conocida como Dona Emy, naci\u00f3 en Heimhausen, Baviera, en el sur de Alemania, pero su primer idioma fue el italiano, ya que vivi\u00f3 sus primeros a\u00f1os en Monte Verit\u00e1, junto al lago Maggiore, en el norte de Italia y el sur de Italia, Suiza. Estuvo en Hungr\u00eda y pas\u00f3 su juventud [&hellip;]","og_url":"https:\/\/emascheville.net\/es\/biografia\/","og_site_name":"Emma de Mascheville","article_modified_time":"2022-08-01T10:35:32+00:00","og_image":[{"url":"https:\/\/emascheville.net\/wp-content\/uploads\/2022\/06\/e2-667x1024.jpg","type":"","width":"","height":""}],"twitter_card":"summary_large_image","twitter_misc":{"Tiempo de lectura":"5 minutos"},"schema":{"@context":"https:\/\/schema.org","@graph":[{"@type":"WebPage","@id":"https:\/\/emascheville.net\/es\/biografia\/","url":"https:\/\/emascheville.net\/es\/biografia\/","name":"Biografia - Emma de Mascheville","isPartOf":{"@id":"https:\/\/emascheville.net\/es\/#website"},"primaryImageOfPage":{"@id":"https:\/\/emascheville.net\/es\/biografia\/#primaryimage"},"image":{"@id":"https:\/\/emascheville.net\/es\/biografia\/#primaryimage"},"thumbnailUrl":"https:\/\/emascheville.net\/wp-content\/uploads\/2022\/06\/e2-667x1024.jpg","datePublished":"2022-07-30T17:43:47+00:00","dateModified":"2022-08-01T10:35:32+00:00","breadcrumb":{"@id":"https:\/\/emascheville.net\/es\/biografia\/#breadcrumb"},"inLanguage":"es","potentialAction":[{"@type":"ReadAction","target":["https:\/\/emascheville.net\/es\/biografia\/"]}]},{"@type":"ImageObject","inLanguage":"es","@id":"https:\/\/emascheville.net\/es\/biografia\/#primaryimage","url":"https:\/\/emascheville.net\/wp-content\/uploads\/2022\/06\/e2-667x1024.jpg","contentUrl":"https:\/\/emascheville.net\/wp-content\/uploads\/2022\/06\/e2-667x1024.jpg"},{"@type":"BreadcrumbList","@id":"https:\/\/emascheville.net\/es\/biografia\/#breadcrumb","itemListElement":[{"@type":"ListItem","position":1,"name":"In\u00edcio","item":"https:\/\/emascheville.net\/es\/home\/"},{"@type":"ListItem","position":2,"name":"Biografia"}]},{"@type":"WebSite","@id":"https:\/\/emascheville.net\/es\/#website","url":"https:\/\/emascheville.net\/es\/","name":"Emma de Mascheville","description":"Vida e obra de Emma de Mascheville","potentialAction":[{"@type":"SearchAction","target":{"@type":"EntryPoint","urlTemplate":"https:\/\/emascheville.net\/es\/?s={search_term_string}"},"query-input":{"@type":"PropertyValueSpecification","valueRequired":true,"valueName":"search_term_string"}}],"inLanguage":"es"}]}},"_links":{"self":[{"href":"https:\/\/emascheville.net\/es\/wp-json\/wp\/v2\/pages\/1574","targetHints":{"allow":["GET"]}}],"collection":[{"href":"https:\/\/emascheville.net\/es\/wp-json\/wp\/v2\/pages"}],"about":[{"href":"https:\/\/emascheville.net\/es\/wp-json\/wp\/v2\/types\/page"}],"author":[{"embeddable":true,"href":"https:\/\/emascheville.net\/es\/wp-json\/wp\/v2\/users\/1"}],"replies":[{"embeddable":true,"href":"https:\/\/emascheville.net\/es\/wp-json\/wp\/v2\/comments?post=1574"}],"version-history":[{"count":0,"href":"https:\/\/emascheville.net\/es\/wp-json\/wp\/v2\/pages\/1574\/revisions"}],"wp:attachment":[{"href":"https:\/\/emascheville.net\/es\/wp-json\/wp\/v2\/media?parent=1574"}],"curies":[{"name":"wp","href":"https:\/\/api.w.org\/{rel}","templated":true}]}}