{"id":1553,"date":"2022-07-30T11:52:36","date_gmt":"2022-07-30T11:52:36","guid":{"rendered":"https:\/\/emascheville.net\/inicio\/"},"modified":"2022-12-07T11:01:06","modified_gmt":"2022-12-07T11:01:06","slug":"inicio","status":"publish","type":"page","link":"https:\/\/emascheville.net\/es\/inicio\/","title":{"rendered":"Inicio"},"content":{"rendered":"\t\t<div data-elementor-type=\"wp-page\" data-elementor-id=\"1553\" class=\"elementor elementor-1553 elementor-43\">\n\t\t\t\t\t\t<section class=\"elementor-section elementor-top-section elementor-element elementor-element-b7cc38e elementor-section-boxed elementor-section-height-default elementor-section-height-default\" data-id=\"b7cc38e\" data-element_type=\"section\" data-e-type=\"section\" data-settings=\"{&quot;background_background&quot;:&quot;classic&quot;}\">\n\t\t\t\t\t\t<div class=\"elementor-container elementor-column-gap-default\">\n\t\t\t\t\t<div class=\"elementor-column elementor-col-50 elementor-top-column elementor-element elementor-element-c54d58e\" data-id=\"c54d58e\" data-element_type=\"column\" data-e-type=\"column\">\n\t\t\t<div class=\"elementor-widget-wrap elementor-element-populated\">\n\t\t\t\t\t\t<div class=\"elementor-element elementor-element-ba0dc8f elementor-widget elementor-widget-spacer\" data-id=\"ba0dc8f\" data-element_type=\"widget\" data-e-type=\"widget\" data-widget_type=\"spacer.default\">\n\t\t\t\t<div class=\"elementor-widget-container\">\n\t\t\t\t\t\t\t<div class=\"elementor-spacer\">\n\t\t\t<div class=\"elementor-spacer-inner\"><\/div>\n\t\t<\/div>\n\t\t\t\t\t\t<\/div>\n\t\t\t\t<\/div>\n\t\t\t\t<div class=\"elementor-element elementor-element-9f4fb71 elementor-widget elementor-widget-image\" data-id=\"9f4fb71\" data-element_type=\"widget\" data-e-type=\"widget\" data-widget_type=\"image.default\">\n\t\t\t\t<div class=\"elementor-widget-container\">\n\t\t\t\t\t\t\t\t\t\t\t\t\t\t\t<img fetchpriority=\"high\" decoding=\"async\" width=\"600\" height=\"700\" src=\"https:\/\/emascheville.net\/wp-content\/uploads\/2022\/06\/Emma.jpg\" class=\"attachment-large size-large wp-image-1333\" alt=\"\" srcset=\"https:\/\/emascheville.net\/wp-content\/uploads\/2022\/06\/Emma.jpg 600w, https:\/\/emascheville.net\/wp-content\/uploads\/2022\/06\/Emma-257x300.jpg 257w\" sizes=\"(max-width: 600px) 100vw, 600px\" \/>\t\t\t\t\t\t\t\t\t\t\t\t\t\t\t<\/div>\n\t\t\t\t<\/div>\n\t\t\t\t\t<\/div>\n\t\t<\/div>\n\t\t\t\t<div class=\"elementor-column elementor-col-50 elementor-top-column elementor-element elementor-element-840927d\" data-id=\"840927d\" data-element_type=\"column\" data-e-type=\"column\">\n\t\t\t<div class=\"elementor-widget-wrap elementor-element-populated\">\n\t\t\t\t\t\t<div class=\"elementor-element elementor-element-8b6b169 elementor-widget elementor-widget-spacer\" data-id=\"8b6b169\" data-element_type=\"widget\" data-e-type=\"widget\" data-widget_type=\"spacer.default\">\n\t\t\t\t<div class=\"elementor-widget-container\">\n\t\t\t\t\t\t\t<div class=\"elementor-spacer\">\n\t\t\t<div class=\"elementor-spacer-inner\"><\/div>\n\t\t<\/div>\n\t\t\t\t\t\t<\/div>\n\t\t\t\t<\/div>\n\t\t\t\t<div class=\"elementor-element elementor-element-604fdcf elementor-widget elementor-widget-spacer\" data-id=\"604fdcf\" data-element_type=\"widget\" data-e-type=\"widget\" data-widget_type=\"spacer.default\">\n\t\t\t\t<div class=\"elementor-widget-container\">\n\t\t\t\t\t\t\t<div class=\"elementor-spacer\">\n\t\t\t<div class=\"elementor-spacer-inner\"><\/div>\n\t\t<\/div>\n\t\t\t\t\t\t<\/div>\n\t\t\t\t<\/div>\n\t\t\t\t<div class=\"elementor-element elementor-element-9108573 elementor-widget elementor-widget-text-editor\" data-id=\"9108573\" data-element_type=\"widget\" data-e-type=\"widget\" data-widget_type=\"text-editor.default\">\n\t\t\t\t<div class=\"elementor-widget-container\">\n\t\t\t\t\t\t\t\t\t<p><span style=\"font-size: 14pt;\"><strong>Homenaje<\/strong><\/span><\/p><p>Este sitio es un homenaje a Emma de Mascheville.<\/p><p>En \u00e9l pretendemos tener la colaboraci\u00f3n de las personas que tuvieron la oportunidad de beneficiarse de su compa\u00f1\u00eda, ense\u00f1anzas y conocimientos a trav\u00e9s de clases, conferencias o asesoramiento personal.<\/p><p>A trav\u00e9s de la simbolog\u00eda zodiacal, nos ense\u00f1\u00f3 a utilizar la carta astral como medio de autoconocimiento y orientaci\u00f3n, para ver y comprender la relaci\u00f3n entre el destino y el libre albedr\u00edo, como tejido fundacional de nuestra existencia y, como ella dec\u00eda, de c\u00f3mo nos \u201creconectamos a nuestra fuente de luz\u201d.<\/p><p>Con su forma humanitaria y altruista, siempre escuch\u00f3, reflexion\u00f3, aconsej\u00f3 y dio consuelo a todos los que la buscaban, sin importar g\u00e9nero, raza, nacionalidad, creencia, religi\u00f3n, ideolog\u00eda o clase social.<\/p>\t\t\t\t\t\t\t\t<\/div>\n\t\t\t\t<\/div>\n\t\t\t\t\t<\/div>\n\t\t<\/div>\n\t\t\t\t\t<\/div>\n\t\t<\/section>\n\t\t\t\t<section class=\"elementor-section elementor-top-section elementor-element elementor-element-4f67e64 elementor-section-boxed elementor-section-height-default elementor-section-height-default\" data-id=\"4f67e64\" data-element_type=\"section\" data-e-type=\"section\" data-settings=\"{&quot;background_background&quot;:&quot;classic&quot;}\">\n\t\t\t\t\t\t<div class=\"elementor-container elementor-column-gap-default\">\n\t\t\t\t\t<div class=\"elementor-column elementor-col-100 elementor-top-column elementor-element elementor-element-4bcdb51\" data-id=\"4bcdb51\" data-element_type=\"column\" data-e-type=\"column\">\n\t\t\t<div class=\"elementor-widget-wrap elementor-element-populated\">\n\t\t\t\t\t\t<div class=\"elementor-element elementor-element-f7c9afe elementor-widget elementor-widget-text-editor\" data-id=\"f7c9afe\" data-element_type=\"widget\" data-e-type=\"widget\" data-widget_type=\"text-editor.default\">\n\t\t\t\t<div class=\"elementor-widget-container\">\n\t\t\t\t\t\t\t\t\t<p>Ella nos ense\u00f1\u00f3 una forma m\u00e1s sencilla de ver los desaf\u00edos que encontramos a lo largo de nuestro camino en la vida, desde nuestro primer aliento hasta el \u00faltimo. Haremos todo lo posible para exponer sus ense\u00f1anzas en este sitio web de acuerdo con su forma de pensar.<\/p><p class=\"font_7\">Como contenido inicial, un breve relato sobre su biograf\u00eda; sus ensa\u00f1amientos b\u00e1sicos sobre a teor\u00eda de \u201cLuz y Sombra\u201d editado en el libro del mismo t\u00edtulo.<\/p>\t\t\t\t\t\t\t\t<\/div>\n\t\t\t\t<\/div>\n\t\t\t\t\t<\/div>\n\t\t<\/div>\n\t\t\t\t\t<\/div>\n\t\t<\/section>\n\t\t\t\t<section class=\"elementor-section elementor-top-section elementor-element elementor-element-1d8adce elementor-section-boxed elementor-section-height-default elementor-section-height-default\" data-id=\"1d8adce\" data-element_type=\"section\" data-e-type=\"section\" data-settings=\"{&quot;background_background&quot;:&quot;classic&quot;}\">\n\t\t\t\t\t\t<div class=\"elementor-container elementor-column-gap-default\">\n\t\t\t\t\t<div class=\"elementor-column elementor-col-33 elementor-top-column elementor-element elementor-element-3b90b97\" data-id=\"3b90b97\" data-element_type=\"column\" data-e-type=\"column\">\n\t\t\t<div class=\"elementor-widget-wrap\">\n\t\t\t\t\t\t\t<\/div>\n\t\t<\/div>\n\t\t\t\t<div class=\"elementor-column elementor-col-33 elementor-top-column elementor-element elementor-element-8055701\" data-id=\"8055701\" data-element_type=\"column\" data-e-type=\"column\">\n\t\t\t<div class=\"elementor-widget-wrap elementor-element-populated\">\n\t\t\t\t\t\t<div class=\"elementor-element elementor-element-8e6692a elementor-widget elementor-widget-image\" data-id=\"8e6692a\" data-element_type=\"widget\" data-e-type=\"widget\" data-widget_type=\"image.default\">\n\t\t\t\t<div class=\"elementor-widget-container\">\n\t\t\t\t\t\t\t\t\t\t\t\t\t\t\t<img decoding=\"async\" width=\"1024\" height=\"521\" src=\"https:\/\/emascheville.net\/wp-content\/uploads\/2022\/07\/emma_ejupiter_espanhol-1024x521.jpg\" class=\"attachment-large size-large wp-image-1560\" alt=\"\" srcset=\"https:\/\/emascheville.net\/wp-content\/uploads\/2022\/07\/emma_ejupiter_espanhol-1024x521.jpg 1024w, https:\/\/emascheville.net\/wp-content\/uploads\/2022\/07\/emma_ejupiter_espanhol-300x153.jpg 300w, https:\/\/emascheville.net\/wp-content\/uploads\/2022\/07\/emma_ejupiter_espanhol-768x391.jpg 768w, https:\/\/emascheville.net\/wp-content\/uploads\/2022\/07\/emma_ejupiter_espanhol.jpg 1343w\" sizes=\"(max-width: 1024px) 100vw, 1024px\" \/>\t\t\t\t\t\t\t\t\t\t\t\t\t\t\t<\/div>\n\t\t\t\t<\/div>\n\t\t\t\t\t<\/div>\n\t\t<\/div>\n\t\t\t\t<div class=\"elementor-column elementor-col-33 elementor-top-column elementor-element elementor-element-f2c1546\" data-id=\"f2c1546\" data-element_type=\"column\" data-e-type=\"column\">\n\t\t\t<div class=\"elementor-widget-wrap\">\n\t\t\t\t\t\t\t<\/div>\n\t\t<\/div>\n\t\t\t\t\t<\/div>\n\t\t<\/section>\n\t\t\t\t<section class=\"elementor-section elementor-top-section elementor-element elementor-element-6ec63e8 elementor-section-boxed elementor-section-height-default elementor-section-height-default\" data-id=\"6ec63e8\" data-element_type=\"section\" data-e-type=\"section\" data-settings=\"{&quot;background_background&quot;:&quot;classic&quot;}\">\n\t\t\t\t\t\t<div class=\"elementor-container elementor-column-gap-default\">\n\t\t\t\t\t<div class=\"elementor-column elementor-col-100 elementor-top-column elementor-element elementor-element-b08c94e\" data-id=\"b08c94e\" data-element_type=\"column\" data-e-type=\"column\">\n\t\t\t<div class=\"elementor-widget-wrap elementor-element-populated\">\n\t\t\t\t\t\t<div class=\"elementor-element elementor-element-a1a78d7 elementor-widget elementor-widget-text-editor\" data-id=\"a1a78d7\" data-element_type=\"widget\" data-e-type=\"widget\" data-widget_type=\"text-editor.default\">\n\t\t\t\t<div class=\"elementor-widget-container\">\n\t\t\t\t\t\t\t\t\t<p><em>Creditos<br \/><\/em><em>Foto: Madalena Schwartz<br \/><\/em><em>Logo: Pedro Mohr<\/em><\/p>\t\t\t\t\t\t\t\t<\/div>\n\t\t\t\t<\/div>\n\t\t\t\t\t<\/div>\n\t\t<\/div>\n\t\t\t\t\t<\/div>\n\t\t<\/section>\n\t\t\t\t<section class=\"elementor-section elementor-top-section elementor-element elementor-element-3612182 elementor-section-boxed elementor-section-height-default elementor-section-height-default\" data-id=\"3612182\" data-element_type=\"section\" data-e-type=\"section\" data-settings=\"{&quot;background_background&quot;:&quot;classic&quot;}\">\n\t\t\t\t\t\t<div class=\"elementor-container elementor-column-gap-default\">\n\t\t\t\t\t<div class=\"elementor-column elementor-col-100 elementor-top-column elementor-element elementor-element-7a00430\" data-id=\"7a00430\" data-element_type=\"column\" data-e-type=\"column\">\n\t\t\t<div class=\"elementor-widget-wrap elementor-element-populated\">\n\t\t\t\t\t\t<div class=\"elementor-element elementor-element-b9abaeb elementor-widget elementor-widget-image\" data-id=\"b9abaeb\" data-element_type=\"widget\" data-e-type=\"widget\" data-widget_type=\"image.default\">\n\t\t\t\t<div class=\"elementor-widget-container\">\n\t\t\t\t\t\t\t\t\t\t\t\t\t\t\t<img decoding=\"async\" width=\"100\" height=\"97\" src=\"https:\/\/emascheville.net\/wp-content\/uploads\/2022\/06\/logo_aquario_azulp.jpg\" class=\"attachment-large size-large wp-image-1336\" alt=\"\" \/>\t\t\t\t\t\t\t\t\t\t\t\t\t\t\t<\/div>\n\t\t\t\t<\/div>\n\t\t\t\t\t<\/div>\n\t\t<\/div>\n\t\t\t\t\t<\/div>\n\t\t<\/section>\n\t\t\t\t<section class=\"elementor-section elementor-top-section elementor-element elementor-element-92d473f elementor-section-boxed elementor-section-height-default elementor-section-height-default\" data-id=\"92d473f\" data-element_type=\"section\" data-e-type=\"section\" data-settings=\"{&quot;background_background&quot;:&quot;classic&quot;}\">\n\t\t\t\t\t\t<div class=\"elementor-container elementor-column-gap-default\">\n\t\t\t\t\t<div class=\"elementor-column elementor-col-100 elementor-top-column elementor-element elementor-element-820ff00\" data-id=\"820ff00\" data-element_type=\"column\" data-e-type=\"column\">\n\t\t\t<div class=\"elementor-widget-wrap elementor-element-populated\">\n\t\t\t\t\t\t<div class=\"elementor-element elementor-element-3def85f elementor-widget elementor-widget-spacer\" data-id=\"3def85f\" data-element_type=\"widget\" data-e-type=\"widget\" data-widget_type=\"spacer.default\">\n\t\t\t\t<div class=\"elementor-widget-container\">\n\t\t\t\t\t\t\t<div class=\"elementor-spacer\">\n\t\t\t<div class=\"elementor-spacer-inner\"><\/div>\n\t\t<\/div>\n\t\t\t\t\t\t<\/div>\n\t\t\t\t<\/div>\n\t\t\t\t\t<\/div>\n\t\t<\/div>\n\t\t\t\t\t<\/div>\n\t\t<\/section>\n\t\t\t\t<\/div>\n\t\t","protected":false},"excerpt":{"rendered":"<p>Homenaje Este sitio es un homenaje a Emma de Mascheville. En \u00e9l pretendemos tener la colaboraci\u00f3n de las personas que tuvieron la oportunidad de beneficiarse de su compa\u00f1\u00eda, ense\u00f1anzas y conocimientos a trav\u00e9s de clases, conferencias o asesoramiento personal. A trav\u00e9s de la simbolog\u00eda zodiacal, nos ense\u00f1\u00f3 a utilizar la carta astral como medio de [&hellip;]<\/p>\n","protected":false},"author":1,"featured_media":0,"parent":0,"menu_order":0,"comment_status":"closed","ping_status":"closed","template":"","meta":{"site-sidebar-layout":"no-sidebar","site-content-layout":"page-builder","ast-site-content-layout":"","site-content-style":"default","site-sidebar-style":"default","ast-global-header-display":"","ast-banner-title-visibility":"","ast-main-header-display":"","ast-hfb-above-header-display":"","ast-hfb-below-header-display":"","ast-hfb-mobile-header-display":"","site-post-title":"disabled","ast-breadcrumbs-content":"","ast-featured-img":"disabled","footer-sml-layout":"","theme-transparent-header-meta":"default","adv-header-id-meta":"","stick-header-meta":"","header-above-stick-meta":"","header-main-stick-meta":"","header-below-stick-meta":"","astra-migrate-meta-layouts":"default","ast-page-background-enabled":"default","ast-page-background-meta":{"desktop":{"background-color":"","background-image":"","background-repeat":"repeat","background-position":"center center","background-size":"auto","background-attachment":"scroll","background-type":"","background-media":"","overlay-type":"","overlay-color":"","overlay-opacity":"","overlay-gradient":""},"tablet":{"background-color":"","background-image":"","background-repeat":"repeat","background-position":"center center","background-size":"auto","background-attachment":"scroll","background-type":"","background-media":"","overlay-type":"","overlay-color":"","overlay-opacity":"","overlay-gradient":""},"mobile":{"background-color":"","background-image":"","background-repeat":"repeat","background-position":"center center","background-size":"auto","background-attachment":"scroll","background-type":"","background-media":"","overlay-type":"","overlay-color":"","overlay-opacity":"","overlay-gradient":""}},"ast-content-background-meta":{"desktop":{"background-color":"var(--ast-global-color-5)","background-image":"","background-repeat":"repeat","background-position":"center center","background-size":"auto","background-attachment":"scroll","background-type":"","background-media":"","overlay-type":"","overlay-color":"","overlay-opacity":"","overlay-gradient":""},"tablet":{"background-color":"var(--ast-global-color-5)","background-image":"","background-repeat":"repeat","background-position":"center center","background-size":"auto","background-attachment":"scroll","background-type":"","background-media":"","overlay-type":"","overlay-color":"","overlay-opacity":"","overlay-gradient":""},"mobile":{"background-color":"var(--ast-global-color-5)","background-image":"","background-repeat":"repeat","background-position":"center center","background-size":"auto","background-attachment":"scroll","background-type":"","background-media":"","overlay-type":"","overlay-color":"","overlay-opacity":"","overlay-gradient":""}},"footnotes":""},"class_list":["post-1553","page","type-page","status-publish","hentry"],"yoast_head":"<!-- This site is optimized with the Yoast SEO plugin v27.5 - https:\/\/yoast.com\/product\/yoast-seo-wordpress\/ -->\n<title>Inicio - Emma de Mascheville<\/title>\n<meta name=\"robots\" content=\"index, follow, max-snippet:-1, max-image-preview:large, max-video-preview:-1\" \/>\n<link rel=\"canonical\" href=\"https:\/\/emascheville.net\/es\/inicio\/\" \/>\n<meta property=\"og:locale\" content=\"es_ES\" \/>\n<meta property=\"og:type\" content=\"article\" \/>\n<meta property=\"og:title\" content=\"Inicio - Emma de Mascheville\" \/>\n<meta property=\"og:description\" content=\"Homenaje Este sitio es un homenaje a Emma de Mascheville. En \u00e9l pretendemos tener la colaboraci\u00f3n de las personas que tuvieron la oportunidad de beneficiarse de su compa\u00f1\u00eda, ense\u00f1anzas y conocimientos a trav\u00e9s de clases, conferencias o asesoramiento personal. A trav\u00e9s de la simbolog\u00eda zodiacal, nos ense\u00f1\u00f3 a utilizar la carta astral como medio de [&hellip;]\" \/>\n<meta property=\"og:url\" content=\"https:\/\/emascheville.net\/es\/inicio\/\" \/>\n<meta property=\"og:site_name\" content=\"Emma de Mascheville\" \/>\n<meta property=\"article:modified_time\" content=\"2022-12-07T11:01:06+00:00\" \/>\n<meta property=\"og:image\" content=\"https:\/\/emascheville.net\/wp-content\/uploads\/2022\/06\/Emma.jpg\" \/>\n<meta name=\"twitter:card\" content=\"summary_large_image\" \/>\n<meta name=\"twitter:label1\" content=\"Tiempo de lectura\" \/>\n\t<meta name=\"twitter:data1\" content=\"2 minutos\" \/>\n<script type=\"application\/ld+json\" class=\"yoast-schema-graph\">{\"@context\":\"https:\\\/\\\/schema.org\",\"@graph\":[{\"@type\":\"WebPage\",\"@id\":\"https:\\\/\\\/emascheville.net\\\/es\\\/inicio\\\/\",\"url\":\"https:\\\/\\\/emascheville.net\\\/es\\\/inicio\\\/\",\"name\":\"Inicio - Emma de Mascheville\",\"isPartOf\":{\"@id\":\"https:\\\/\\\/emascheville.net\\\/es\\\/#website\"},\"primaryImageOfPage\":{\"@id\":\"https:\\\/\\\/emascheville.net\\\/es\\\/inicio\\\/#primaryimage\"},\"image\":{\"@id\":\"https:\\\/\\\/emascheville.net\\\/es\\\/inicio\\\/#primaryimage\"},\"thumbnailUrl\":\"https:\\\/\\\/emascheville.net\\\/wp-content\\\/uploads\\\/2022\\\/06\\\/Emma.jpg\",\"datePublished\":\"2022-07-30T11:52:36+00:00\",\"dateModified\":\"2022-12-07T11:01:06+00:00\",\"breadcrumb\":{\"@id\":\"https:\\\/\\\/emascheville.net\\\/es\\\/inicio\\\/#breadcrumb\"},\"inLanguage\":\"es\",\"potentialAction\":[{\"@type\":\"ReadAction\",\"target\":[\"https:\\\/\\\/emascheville.net\\\/es\\\/inicio\\\/\"]}]},{\"@type\":\"ImageObject\",\"inLanguage\":\"es\",\"@id\":\"https:\\\/\\\/emascheville.net\\\/es\\\/inicio\\\/#primaryimage\",\"url\":\"https:\\\/\\\/emascheville.net\\\/wp-content\\\/uploads\\\/2022\\\/06\\\/Emma.jpg\",\"contentUrl\":\"https:\\\/\\\/emascheville.net\\\/wp-content\\\/uploads\\\/2022\\\/06\\\/Emma.jpg\"},{\"@type\":\"BreadcrumbList\",\"@id\":\"https:\\\/\\\/emascheville.net\\\/es\\\/inicio\\\/#breadcrumb\",\"itemListElement\":[{\"@type\":\"ListItem\",\"position\":1,\"name\":\"In\u00edcio\",\"item\":\"https:\\\/\\\/emascheville.net\\\/es\\\/home\\\/\"},{\"@type\":\"ListItem\",\"position\":2,\"name\":\"Inicio\"}]},{\"@type\":\"WebSite\",\"@id\":\"https:\\\/\\\/emascheville.net\\\/es\\\/#website\",\"url\":\"https:\\\/\\\/emascheville.net\\\/es\\\/\",\"name\":\"Emma de Mascheville\",\"description\":\"Vida e obra de Emma de Mascheville\",\"potentialAction\":[{\"@type\":\"SearchAction\",\"target\":{\"@type\":\"EntryPoint\",\"urlTemplate\":\"https:\\\/\\\/emascheville.net\\\/es\\\/?s={search_term_string}\"},\"query-input\":{\"@type\":\"PropertyValueSpecification\",\"valueRequired\":true,\"valueName\":\"search_term_string\"}}],\"inLanguage\":\"es\"}]}<\/script>\n<!-- \/ Yoast SEO plugin. -->","yoast_head_json":{"title":"Inicio - Emma de Mascheville","robots":{"index":"index","follow":"follow","max-snippet":"max-snippet:-1","max-image-preview":"max-image-preview:large","max-video-preview":"max-video-preview:-1"},"canonical":"https:\/\/emascheville.net\/es\/inicio\/","og_locale":"es_ES","og_type":"article","og_title":"Inicio - Emma de Mascheville","og_description":"Homenaje Este sitio es un homenaje a Emma de Mascheville. En \u00e9l pretendemos tener la colaboraci\u00f3n de las personas que tuvieron la oportunidad de beneficiarse de su compa\u00f1\u00eda, ense\u00f1anzas y conocimientos a trav\u00e9s de clases, conferencias o asesoramiento personal. A trav\u00e9s de la simbolog\u00eda zodiacal, nos ense\u00f1\u00f3 a utilizar la carta astral como medio de [&hellip;]","og_url":"https:\/\/emascheville.net\/es\/inicio\/","og_site_name":"Emma de Mascheville","article_modified_time":"2022-12-07T11:01:06+00:00","og_image":[{"url":"https:\/\/emascheville.net\/wp-content\/uploads\/2022\/06\/Emma.jpg","type":"","width":"","height":""}],"twitter_card":"summary_large_image","twitter_misc":{"Tiempo de lectura":"2 minutos"},"schema":{"@context":"https:\/\/schema.org","@graph":[{"@type":"WebPage","@id":"https:\/\/emascheville.net\/es\/inicio\/","url":"https:\/\/emascheville.net\/es\/inicio\/","name":"Inicio - Emma de Mascheville","isPartOf":{"@id":"https:\/\/emascheville.net\/es\/#website"},"primaryImageOfPage":{"@id":"https:\/\/emascheville.net\/es\/inicio\/#primaryimage"},"image":{"@id":"https:\/\/emascheville.net\/es\/inicio\/#primaryimage"},"thumbnailUrl":"https:\/\/emascheville.net\/wp-content\/uploads\/2022\/06\/Emma.jpg","datePublished":"2022-07-30T11:52:36+00:00","dateModified":"2022-12-07T11:01:06+00:00","breadcrumb":{"@id":"https:\/\/emascheville.net\/es\/inicio\/#breadcrumb"},"inLanguage":"es","potentialAction":[{"@type":"ReadAction","target":["https:\/\/emascheville.net\/es\/inicio\/"]}]},{"@type":"ImageObject","inLanguage":"es","@id":"https:\/\/emascheville.net\/es\/inicio\/#primaryimage","url":"https:\/\/emascheville.net\/wp-content\/uploads\/2022\/06\/Emma.jpg","contentUrl":"https:\/\/emascheville.net\/wp-content\/uploads\/2022\/06\/Emma.jpg"},{"@type":"BreadcrumbList","@id":"https:\/\/emascheville.net\/es\/inicio\/#breadcrumb","itemListElement":[{"@type":"ListItem","position":1,"name":"In\u00edcio","item":"https:\/\/emascheville.net\/es\/home\/"},{"@type":"ListItem","position":2,"name":"Inicio"}]},{"@type":"WebSite","@id":"https:\/\/emascheville.net\/es\/#website","url":"https:\/\/emascheville.net\/es\/","name":"Emma de Mascheville","description":"Vida e obra de Emma de Mascheville","potentialAction":[{"@type":"SearchAction","target":{"@type":"EntryPoint","urlTemplate":"https:\/\/emascheville.net\/es\/?s={search_term_string}"},"query-input":{"@type":"PropertyValueSpecification","valueRequired":true,"valueName":"search_term_string"}}],"inLanguage":"es"}]}},"_links":{"self":[{"href":"https:\/\/emascheville.net\/es\/wp-json\/wp\/v2\/pages\/1553","targetHints":{"allow":["GET"]}}],"collection":[{"href":"https:\/\/emascheville.net\/es\/wp-json\/wp\/v2\/pages"}],"about":[{"href":"https:\/\/emascheville.net\/es\/wp-json\/wp\/v2\/types\/page"}],"author":[{"embeddable":true,"href":"https:\/\/emascheville.net\/es\/wp-json\/wp\/v2\/users\/1"}],"replies":[{"embeddable":true,"href":"https:\/\/emascheville.net\/es\/wp-json\/wp\/v2\/comments?post=1553"}],"version-history":[{"count":0,"href":"https:\/\/emascheville.net\/es\/wp-json\/wp\/v2\/pages\/1553\/revisions"}],"wp:attachment":[{"href":"https:\/\/emascheville.net\/es\/wp-json\/wp\/v2\/media?parent=1553"}],"curies":[{"name":"wp","href":"https:\/\/api.w.org\/{rel}","templated":true}]}}